{"id":38,"date":"2022-11-23T09:56:05","date_gmt":"2022-11-23T13:56:05","guid":{"rendered":"https:\/\/knighttx.com\/?page_id=38"},"modified":"2026-04-22T11:38:24","modified_gmt":"2026-04-22T15:38:24","slug":"contact-us","status":"publish","type":"page","link":"https:\/\/knighttx.com\/BO\/contact-us\/","title":{"rendered":"Contact Us"},"content":{"rendered":"\t\t<div data-elementor-type=\"wp-page\" data-elementor-id=\"38\" class=\"elementor elementor-38\">\n\t\t\t\t\t\t<section class=\"elementor-section elementor-top-section elementor-element elementor-element-4df58a4d elementor-section-content-top elementor-section-boxed elementor-section-height-default elementor-section-height-default\" data-id=\"4df58a4d\" data-element_type=\"section\" data-e-type=\"section\" data-settings=\"{&quot;background_background&quot;:&quot;classic&quot;}\">\n\t\t\t\t\t\t<div class=\"elementor-container elementor-column-gap-no\">\n\t\t\t\t\t<div class=\"elementor-column elementor-col-100 elementor-top-column elementor-element elementor-element-7935a337\" data-id=\"7935a337\" data-element_type=\"column\" data-e-type=\"column\">\n\t\t\t<div class=\"elementor-widget-wrap elementor-element-populated\">\n\t\t\t\t\t\t<div class=\"elementor-element elementor-element-39735a1e elementor-widget__width-initial animated-fast elementor-invisible elementor-widget elementor-widget-image\" data-id=\"39735a1e\" data-element_type=\"widget\" data-e-type=\"widget\" data-settings=\"{&quot;_animation&quot;:&quot;fadeInRight&quot;}\" data-widget_type=\"image.default\">\n\t\t\t\t<div class=\"elementor-widget-container\">\n\t\t\t\t\t\t\t\t\t\t\t\t\t\t\t<img fetchpriority=\"high\" decoding=\"async\" width=\"1658\" height=\"145\" src=\"https:\/\/knighttx.com\/BO\/wp-content\/uploads\/2022\/12\/contato_topo.png\" class=\"attachment-full size-full wp-image-1158\" alt=\"\" srcset=\"https:\/\/knighttx.com\/BO\/wp-content\/uploads\/2022\/12\/contato_topo.png 1658w, https:\/\/knighttx.com\/BO\/wp-content\/uploads\/2022\/12\/contato_topo-300x26.png 300w, https:\/\/knighttx.com\/BO\/wp-content\/uploads\/2022\/12\/contato_topo-1024x90.png 1024w, https:\/\/knighttx.com\/BO\/wp-content\/uploads\/2022\/12\/contato_topo-768x67.png 768w, https:\/\/knighttx.com\/BO\/wp-content\/uploads\/2022\/12\/contato_topo-1536x134.png 1536w\" sizes=\"(max-width: 1658px) 100vw, 1658px\" \/>\t\t\t\t\t\t\t\t\t\t\t\t\t\t\t<\/div>\n\t\t\t\t<\/div>\n\t\t\t\t\t<\/div>\n\t\t<\/div>\n\t\t\t\t\t<\/div>\n\t\t<\/section>\n\t\t\t\t<section class=\"elementor-section elementor-top-section elementor-element elementor-element-38d5ef5a elementor-section-boxed elementor-section-height-default elementor-section-height-default\" data-id=\"38d5ef5a\" data-element_type=\"section\" data-e-type=\"section\" data-settings=\"{&quot;background_background&quot;:&quot;classic&quot;}\">\n\t\t\t\t\t\t<div class=\"elementor-container elementor-column-gap-default\">\n\t\t\t\t\t<div class=\"elementor-column elementor-col-100 elementor-top-column elementor-element elementor-element-4a925e30\" data-id=\"4a925e30\" data-element_type=\"column\" data-e-type=\"column\">\n\t\t\t<div class=\"elementor-widget-wrap elementor-element-populated\">\n\t\t\t\t\t\t<div class=\"elementor-element elementor-element-26b036b6 elementor-widget elementor-widget-heading\" data-id=\"26b036b6\" data-element_type=\"widget\" data-e-type=\"widget\" data-widget_type=\"heading.default\">\n\t\t\t\t<div class=\"elementor-widget-container\">\n\t\t\t\t\t<h3 class=\"elementor-heading-title elementor-size-default\">Hable con nosotros<\/h3>\t\t\t\t<\/div>\n\t\t\t\t<\/div>\n\t\t\t\t\t<\/div>\n\t\t<\/div>\n\t\t\t\t\t<\/div>\n\t\t<\/section>\n\t\t\t\t<section class=\"elementor-section elementor-top-section elementor-element elementor-element-2cb68b09 elementor-section-boxed elementor-section-height-default elementor-section-height-default\" data-id=\"2cb68b09\" data-element_type=\"section\" data-e-type=\"section\" data-settings=\"{&quot;background_background&quot;:&quot;classic&quot;}\">\n\t\t\t\t\t\t<div class=\"elementor-container elementor-column-gap-default\">\n\t\t\t\t\t<div class=\"elementor-column elementor-col-33 elementor-top-column elementor-element elementor-element-465160cb\" data-id=\"465160cb\" data-element_type=\"column\" data-e-type=\"column\">\n\t\t\t<div class=\"elementor-widget-wrap elementor-element-populated\">\n\t\t\t\t\t\t<div class=\"elementor-element elementor-element-d962a5d elementor-widget elementor-widget-heading\" data-id=\"d962a5d\" data-element_type=\"widget\" data-e-type=\"widget\" data-widget_type=\"heading.default\">\n\t\t\t\t<div class=\"elementor-widget-container\">\n\t\t\t\t\t<h5 class=\"elementor-heading-title elementor-size-default\">Direcciones<\/h5>\t\t\t\t<\/div>\n\t\t\t\t<\/div>\n\t\t\t\t<div class=\"elementor-element elementor-element-69749c0 elementor-widget elementor-widget-text-editor\" data-id=\"69749c0\" data-element_type=\"widget\" data-e-type=\"widget\" data-widget_type=\"text-editor.default\">\n\t\t\t\t<div class=\"elementor-widget-container\">\n\t\t\t\t\t\t\t\t\t<p>Av. San Martin Edificio Manzana 40 Torre 2 Piso 9 Oficina 4<br \/>Tel. +591 (3) 3348893 \u2013 (3) 3348894<br \/>Santa Cruz de la Sierra, Bolivia.<br \/><br \/><\/p><p><b>Horas de operaci\u00f3n<\/b><\/p><p>Lunes a Viernes: 08:00 a 16:00.<\/p>\t\t\t\t\t\t\t\t<\/div>\n\t\t\t\t<\/div>\n\t\t\t\t\t<\/div>\n\t\t<\/div>\n\t\t\t\t<div class=\"elementor-column elementor-col-33 elementor-top-column elementor-element elementor-element-fdb6685\" data-id=\"fdb6685\" data-element_type=\"column\" data-e-type=\"column\">\n\t\t\t<div class=\"elementor-widget-wrap elementor-element-populated\">\n\t\t\t\t\t\t<div class=\"elementor-element elementor-element-2955db8 elementor-widget elementor-widget-heading\" data-id=\"2955db8\" data-element_type=\"widget\" data-e-type=\"widget\" data-widget_type=\"heading.default\">\n\t\t\t\t<div class=\"elementor-widget-container\">\n\t\t\t\t\t<h5 class=\"elementor-heading-title elementor-size-default\">Farmacovigilancia<\/h5>\t\t\t\t<\/div>\n\t\t\t\t<\/div>\n\t\t\t\t<div class=\"elementor-element elementor-element-d06e673 elementor-widget elementor-widget-text-editor\" data-id=\"d06e673\" data-element_type=\"widget\" data-e-type=\"widget\" data-widget_type=\"text-editor.default\">\n\t\t\t\t<div class=\"elementor-widget-container\">\n\t\t\t\t\t\t\t\t\t<p><strong>Para reportar un evento adverso, queja de calidad o solicitar informaci\u00f3n m\u00e9dica sobre nuestros productos:<\/strong><\/p><p>Email:<a href=\"mailto:Infomedic.Colombia@knighttx.com\">Infomed<\/a><a href=\"mailto:.Bolivia@knighttx.com\">.Bolivia@knighttx.com<\/a>\u200b<\/p><p>Tel\u00e9fono 24 horas: 800-16-0006<br \/>Tel\u00e9fono m\u00f3vil: + 591 69900537<\/p>\t\t\t\t\t\t\t\t<\/div>\n\t\t\t\t<\/div>\n\t\t\t\t\t<\/div>\n\t\t<\/div>\n\t\t\t\t<div class=\"elementor-column elementor-col-33 elementor-top-column elementor-element elementor-element-3a2df8b\" data-id=\"3a2df8b\" data-element_type=\"column\" data-e-type=\"column\">\n\t\t\t<div class=\"elementor-widget-wrap elementor-element-populated\">\n\t\t\t\t\t\t<div class=\"elementor-element elementor-element-1c0da6c elementor-widget elementor-widget-heading\" data-id=\"1c0da6c\" data-element_type=\"widget\" data-e-type=\"widget\" data-widget_type=\"heading.default\">\n\t\t\t\t<div class=\"elementor-widget-container\">\n\t\t\t\t\t<h5 class=\"elementor-heading-title elementor-size-default\">Comercial<\/h5>\t\t\t\t<\/div>\n\t\t\t\t<\/div>\n\t\t\t\t<div class=\"elementor-element elementor-element-75bc18b elementor-widget elementor-widget-text-editor\" data-id=\"75bc18b\" data-element_type=\"widget\" data-e-type=\"widget\" data-widget_type=\"text-editor.default\">\n\t\t\t\t<div class=\"elementor-widget-container\">\n\t\t\t\t\t\t\t\t\t<p><strong>Para comunicarse con el \u00e1rea de compras e informaci\u00f3n sobre distribuci\u00f3n y precios de productos<\/strong>:<\/p><p class=\"sac\">Tel: +591-(3)3348893 \/(3) 3348894<br \/>Email:\u00a0<a href=\"mailto:sac.bolivia@grupobiotoscana.com\">sac.bolivia@grupobiotoscana.com<\/a><\/p><div class=\"form-produtos\"><div id=\"wpcf7-f2298-o1\" class=\"wpcf7 js\" dir=\"ltr\" lang=\"pt-BR\"><div class=\"screen-reader-response\"><p role=\"status\" aria-live=\"polite\" aria-atomic=\"true\">\u00a0<\/p><\/div><form class=\"wpcf7-form init\" action=\"https:\/\/www.grupobiotoscana.com\/paises\/bolivia\/#wpcf7-f2298-o1\" method=\"post\" novalidate=\"novalidate\" aria-label=\"Formul\u00e1rios de contato\" data-status=\"init\"><\/form><\/div><\/div>\t\t\t\t\t\t\t\t<\/div>\n\t\t\t\t<\/div>\n\t\t\t\t\t<\/div>\n\t\t<\/div>\n\t\t\t\t\t<\/div>\n\t\t<\/section>\n\t\t\t\t<section class=\"elementor-section elementor-top-section elementor-element elementor-element-1ced0e3 elementor-section-boxed elementor-section-height-default elementor-section-height-default\" data-id=\"1ced0e3\" data-element_type=\"section\" data-e-type=\"section\" data-settings=\"{&quot;background_background&quot;:&quot;classic&quot;}\">\n\t\t\t\t\t\t<div class=\"elementor-container elementor-column-gap-default\">\n\t\t\t\t\t<div class=\"elementor-column elementor-col-50 elementor-top-column elementor-element elementor-element-0fc7fdd\" data-id=\"0fc7fdd\" data-element_type=\"column\" data-e-type=\"column\">\n\t\t\t<div class=\"elementor-widget-wrap elementor-element-populated\">\n\t\t\t\t\t\t<div class=\"elementor-element elementor-element-1491cbf elementor-widget elementor-widget-text-editor\" data-id=\"1491cbf\" data-element_type=\"widget\" data-e-type=\"widget\" data-widget_type=\"text-editor.default\">\n\t\t\t\t<div class=\"elementor-widget-container\">\n\t\t\t\t\t\t\t\t\t<h2><strong>Contacto<\/strong><\/h2>\t\t\t\t\t\t\t\t<\/div>\n\t\t\t\t<\/div>\n\t\t\t\t<div class=\"elementor-element elementor-element-d40b060 elementor-widget elementor-widget-shortcode\" data-id=\"d40b060\" data-element_type=\"widget\" data-e-type=\"widget\" data-widget_type=\"shortcode.default\">\n\t\t\t\t<div class=\"elementor-widget-container\">\n\t\t\t\t\t\t\t<div class=\"elementor-shortcode\">\n<div class=\"wpcf7 no-js\" id=\"wpcf7-f3633-o1\" lang=\"en-US\" dir=\"ltr\" data-wpcf7-id=\"3633\">\n<div class=\"screen-reader-response\"><p role=\"status\" aria-live=\"polite\" aria-atomic=\"true\"><\/p> <ul><\/ul><\/div>\n<form action=\"\/BO\/wp-json\/wp\/v2\/pages\/38#wpcf7-f3633-o1\" method=\"post\" class=\"wpcf7-form init\" aria-label=\"Contact form\" novalidate=\"novalidate\" data-status=\"init\">\n<fieldset class=\"hidden-fields-container\"><input type=\"hidden\" name=\"_wpcf7\" value=\"3633\" \/><input type=\"hidden\" name=\"_wpcf7_version\" value=\"6.1.5\" \/><input type=\"hidden\" name=\"_wpcf7_locale\" value=\"en_US\" \/><input type=\"hidden\" name=\"_wpcf7_unit_tag\" value=\"wpcf7-f3633-o1\" \/><input type=\"hidden\" name=\"_wpcf7_container_post\" value=\"0\" \/><input type=\"hidden\" name=\"_wpcf7_posted_data_hash\" value=\"\" \/><input type=\"hidden\" name=\"_wpcf7_recaptcha_response\" value=\"\" \/>\n<\/fieldset>\n<p><label> Nombre<br \/>\n<span class=\"wpcf7-form-control-wrap\" data-name=\"your-name\"><input size=\"40\" maxlength=\"400\" class=\"wpcf7-form-control wpcf7-text wpcf7-validates-as-required\" autocomplete=\"name\" aria-required=\"true\" aria-invalid=\"false\" value=\"\" type=\"text\" name=\"your-name\" \/><\/span> <\/label>\n<\/p>\n<p><label> Email<br \/>\n<span class=\"wpcf7-form-control-wrap\" data-name=\"your-email\"><input size=\"40\" maxlength=\"400\" class=\"wpcf7-form-control wpcf7-email wpcf7-validates-as-required wpcf7-text wpcf7-validates-as-email\" autocomplete=\"email\" aria-required=\"true\" aria-invalid=\"false\" value=\"\" type=\"email\" name=\"your-email\" \/><\/span> <\/label>\n<\/p>\n<p><label> Departamento<br \/>\n<span class=\"wpcf7-form-control-wrap\" data-name=\"your-recipient\"><select class=\"wpcf7-form-control wpcf7-select wpcf7-validates-as-required\" aria-required=\"true\" aria-invalid=\"false\" name=\"your-recipient\"><option value=\"Farmacovigilancia\">Farmacovigilancia<\/option><option value=\"Servicio al Cliente\">Servicio al Cliente<\/option><\/select><\/span><\/label>\n<\/p>\n<p><label> Su mensaje<br \/>\n<span class=\"wpcf7-form-control-wrap\" data-name=\"your-message\"><textarea cols=\"40\" rows=\"10\" maxlength=\"2000\" class=\"wpcf7-form-control wpcf7-textarea wpcf7-validates-as-required\" aria-required=\"true\" aria-invalid=\"false\" name=\"your-message\"><\/textarea><\/span> <\/label>\n<\/p>\n<p><input class=\"wpcf7-form-control wpcf7-submit has-spinner\" type=\"submit\" value=\"Enviar\" \/>\n<\/p><div class=\"wpcf7-response-output\" aria-hidden=\"true\"><\/div>\n<\/form>\n<\/div>\n<\/div>\n\t\t\t\t\t\t<\/div>\n\t\t\t\t<\/div>\n\t\t\t\t\t<\/div>\n\t\t<\/div>\n\t\t\t\t<div class=\"elementor-column elementor-col-50 elementor-top-column elementor-element elementor-element-0721f60\" data-id=\"0721f60\" data-element_type=\"column\" data-e-type=\"column\">\n\t\t\t<div class=\"elementor-widget-wrap elementor-element-populated\">\n\t\t\t\t\t\t<div class=\"elementor-element elementor-element-ce5cff2 elementor-widget elementor-widget-html\" data-id=\"ce5cff2\" data-element_type=\"widget\" data-e-type=\"widget\" data-widget_type=\"html.default\">\n\t\t\t\t<div class=\"elementor-widget-container\">\n\t\t\t\t\t<iframe src=\"https:\/\/www.google.com\/maps\/embed?pb=!1m18!1m12!1m3!1d1899.8648049962806!2d-63.200841528352406!3d-17.757375074278233!2m3!1f0!2f0!3f0!3m2!1i1024!2i768!4f13.1!3m3!1m2!1s0x93f1e7751408fd73%3A0x13545535c363a76b!2sHub40%20by%20Manzana40!5e0!3m2!1spt-BR!2sbr!4v1744371586187!5m2!1spt-BR!2sbr\" width=\"600\" height=\"450\" style=\"border:0;\" allowfullscreen=\"\" loading=\"lazy\" referrerpolicy=\"no-referrer-when-downgrade\"><\/iframe>\t\t\t\t<\/div>\n\t\t\t\t<\/div>\n\t\t\t\t\t<\/div>\n\t\t<\/div>\n\t\t\t\t\t<\/div>\n\t\t<\/section>\n\t\t\t\t<\/div>\n\t\t","protected":false},"excerpt":{"rendered":"<p>Hable con nosotros Direcciones Av. San Martin Edificio Manzana 40 Torre 2 Piso 9 Oficina 4Tel. +591 (3) 3348893 \u2013 (3) 3348894Santa Cruz de la Sierra, Bolivia. Horas de operaci\u00f3n Lunes a Viernes: 08:00 a 16:00. Farmacovigilancia Para reportar un evento adverso, queja de calidad o solicitar informaci\u00f3n m\u00e9dica sobre nuestros productos: Email:Infomed.Bolivia@knighttx.com\u200b Tel\u00e9fono 24 [&hellip;]<\/p>\n","protected":false},"author":1,"featured_media":0,"parent":0,"menu_order":0,"comment_status":"closed","ping_status":"closed","template":"elementor_header_footer","meta":{"footnotes":""},"class_list":["post-38","page","type-page","status-publish","hentry"],"_links":{"self":[{"href":"https:\/\/knighttx.com\/BO\/wp-json\/wp\/v2\/pages\/38","targetHints":{"allow":["GET"]}}],"collection":[{"href":"https:\/\/knighttx.com\/BO\/wp-json\/wp\/v2\/pages"}],"about":[{"href":"https:\/\/knighttx.com\/BO\/wp-json\/wp\/v2\/types\/page"}],"author":[{"embeddable":true,"href":"https:\/\/knighttx.com\/BO\/wp-json\/wp\/v2\/users\/1"}],"replies":[{"embeddable":true,"href":"https:\/\/knighttx.com\/BO\/wp-json\/wp\/v2\/comments?post=38"}],"version-history":[{"count":241,"href":"https:\/\/knighttx.com\/BO\/wp-json\/wp\/v2\/pages\/38\/revisions"}],"predecessor-version":[{"id":3840,"href":"https:\/\/knighttx.com\/BO\/wp-json\/wp\/v2\/pages\/38\/revisions\/3840"}],"wp:attachment":[{"href":"https:\/\/knighttx.com\/BO\/wp-json\/wp\/v2\/media?parent=38"}],"curies":[{"name":"wp","href":"https:\/\/api.w.org\/{rel}","templated":true}]}}