{"id":8,"date":"2022-11-22T21:22:28","date_gmt":"2022-11-23T01:22:28","guid":{"rendered":"https:\/\/knighttx.com\/?page_id=8"},"modified":"2023-11-24T15:44:57","modified_gmt":"2023-11-24T19:44:57","slug":"productos","status":"publish","type":"page","link":"https:\/\/knighttx.com\/BO\/productos\/","title":{"rendered":"Productos"},"content":{"rendered":"\t\t<div data-elementor-type=\"wp-post\" data-elementor-id=\"8\" class=\"elementor elementor-8\">\n\t\t\t\t\t\t<section class=\"elementor-section elementor-top-section elementor-element elementor-element-5d1e673a elementor-section-content-top elementor-section-boxed elementor-section-height-default elementor-section-height-default\" data-id=\"5d1e673a\" data-element_type=\"section\" data-e-type=\"section\" data-settings=\"{&quot;background_background&quot;:&quot;classic&quot;}\">\n\t\t\t\t\t\t<div class=\"elementor-container elementor-column-gap-no\">\n\t\t\t\t\t<div class=\"elementor-column elementor-col-100 elementor-top-column elementor-element elementor-element-1131511d\" data-id=\"1131511d\" data-element_type=\"column\" data-e-type=\"column\">\n\t\t\t<div class=\"elementor-widget-wrap elementor-element-populated\">\n\t\t\t\t\t\t<div class=\"elementor-element elementor-element-55024cc2 elementor-widget__width-initial animated-fast elementor-invisible elementor-widget elementor-widget-image\" data-id=\"55024cc2\" data-element_type=\"widget\" data-e-type=\"widget\" data-settings=\"{&quot;_animation&quot;:&quot;fadeInRight&quot;}\" data-widget_type=\"image.default\">\n\t\t\t\t<div class=\"elementor-widget-container\">\n\t\t\t\t\t\t\t\t\t\t\t\t\t\t\t<img fetchpriority=\"high\" decoding=\"async\" width=\"1658\" height=\"145\" src=\"https:\/\/knighttx.com\/BO\/wp-content\/uploads\/2022\/11\/Topo-partnering.png\" class=\"attachment-full size-full wp-image-533\" alt=\"\" srcset=\"https:\/\/knighttx.com\/BO\/wp-content\/uploads\/2022\/11\/Topo-partnering.png 1658w, https:\/\/knighttx.com\/BO\/wp-content\/uploads\/2022\/11\/Topo-partnering-300x26.png 300w, https:\/\/knighttx.com\/BO\/wp-content\/uploads\/2022\/11\/Topo-partnering-1024x90.png 1024w, https:\/\/knighttx.com\/BO\/wp-content\/uploads\/2022\/11\/Topo-partnering-768x67.png 768w, https:\/\/knighttx.com\/BO\/wp-content\/uploads\/2022\/11\/Topo-partnering-1536x134.png 1536w\" sizes=\"(max-width: 1658px) 100vw, 1658px\" \/>\t\t\t\t\t\t\t\t\t\t\t\t\t\t\t<\/div>\n\t\t\t\t<\/div>\n\t\t\t\t\t<\/div>\n\t\t<\/div>\n\t\t\t\t\t<\/div>\n\t\t<\/section>\n\t\t\t\t<section class=\"elementor-section elementor-top-section elementor-element elementor-element-2c2ed1ff elementor-section-boxed elementor-section-height-default elementor-section-height-default\" data-id=\"2c2ed1ff\" data-element_type=\"section\" data-e-type=\"section\" data-settings=\"{&quot;background_background&quot;:&quot;classic&quot;}\">\n\t\t\t\t\t\t<div class=\"elementor-container elementor-column-gap-default\">\n\t\t\t\t\t<div class=\"elementor-column elementor-col-100 elementor-top-column elementor-element elementor-element-41bbd544\" data-id=\"41bbd544\" data-element_type=\"column\" data-e-type=\"column\">\n\t\t\t<div class=\"elementor-widget-wrap elementor-element-populated\">\n\t\t\t\t\t\t<div class=\"elementor-element elementor-element-79266265 elementor-widget elementor-widget-heading\" data-id=\"79266265\" data-element_type=\"widget\" data-e-type=\"widget\" data-widget_type=\"heading.default\">\n\t\t\t\t<div class=\"elementor-widget-container\">\n\t\t\t\t\t<h3 class=\"elementor-heading-title elementor-size-default\"><b>Productos<\/b><\/h3>\t\t\t\t<\/div>\n\t\t\t\t<\/div>\n\t\t\t\t\t<\/div>\n\t\t<\/div>\n\t\t\t\t\t<\/div>\n\t\t<\/section>\n\t\t\t\t<section class=\"elementor-section elementor-top-section elementor-element elementor-element-6081353 elementor-section-boxed elementor-section-height-default elementor-section-height-default\" data-id=\"6081353\" data-element_type=\"section\" data-e-type=\"section\" data-settings=\"{&quot;background_background&quot;:&quot;classic&quot;}\">\n\t\t\t\t\t\t<div class=\"elementor-container elementor-column-gap-default\">\n\t\t\t\t\t<div class=\"elementor-column elementor-col-50 elementor-top-column elementor-element elementor-element-63fa7ea\" data-id=\"63fa7ea\" data-element_type=\"column\" data-e-type=\"column\">\n\t\t\t<div class=\"elementor-widget-wrap\">\n\t\t\t\t\t\t\t<\/div>\n\t\t<\/div>\n\t\t\t\t<div class=\"elementor-column elementor-col-50 elementor-top-column elementor-element elementor-element-74701cf\" data-id=\"74701cf\" data-element_type=\"column\" data-e-type=\"column\" data-settings=\"{&quot;background_background&quot;:&quot;classic&quot;}\">\n\t\t\t<div class=\"elementor-widget-wrap elementor-element-populated\">\n\t\t\t\t\t<div class=\"elementor-background-overlay\"><\/div>\n\t\t\t\t\t\t<div class=\"elementor-element elementor-element-6715411 category-press-releases elementor-widget elementor-widget-shortcode\" data-id=\"6715411\" data-element_type=\"widget\" data-e-type=\"widget\" data-widget_type=\"shortcode.default\">\n\t\t\t\t<div class=\"elementor-widget-container\">\n\t\t\t\t\t\t\t<div class=\"elementor-shortcode\"><a name='name_directory_position4'><\/a><h3 class='name_directory_title'><\/h3><div class=\"name_directory_index\"><a class=\"name_directory_startswith\" href=\"https:\/\/knighttx.com\/BO\/productos\/?dir=4&name_directory_startswith=#name_directory_position4\">All<\/a> | <a class=\"name_directory_startswith  name_directory_empty\" href=\"https:\/\/knighttx.com\/BO\/productos\/?dir=4&name_directory_startswith=%23#name_directory_position4\">#<\/a>  <a class=\"name_directory_startswith  name_directory_empty\" href=\"https:\/\/knighttx.com\/BO\/productos\/?dir=4&name_directory_startswith=A#name_directory_position4\">A<\/a>  <a class=\"name_directory_startswith \" href=\"https:\/\/knighttx.com\/BO\/productos\/?dir=4&name_directory_startswith=B#name_directory_position4\">B<\/a>  <a class=\"name_directory_startswith \" href=\"https:\/\/knighttx.com\/BO\/productos\/?dir=4&name_directory_startswith=C#name_directory_position4\">C<\/a>  <a class=\"name_directory_startswith \" href=\"https:\/\/knighttx.com\/BO\/productos\/?dir=4&name_directory_startswith=D#name_directory_position4\">D<\/a>  <a class=\"name_directory_startswith \" href=\"https:\/\/knighttx.com\/BO\/productos\/?dir=4&name_directory_startswith=E#name_directory_position4\">E<\/a>  <a class=\"name_directory_startswith  name_directory_empty\" href=\"https:\/\/knighttx.com\/BO\/productos\/?dir=4&name_directory_startswith=F#name_directory_position4\">F<\/a>  <a class=\"name_directory_startswith \" href=\"https:\/\/knighttx.com\/BO\/productos\/?dir=4&name_directory_startswith=G#name_directory_position4\">G<\/a>  <a class=\"name_directory_startswith \" href=\"https:\/\/knighttx.com\/BO\/productos\/?dir=4&name_directory_startswith=H#name_directory_position4\">H<\/a>  <a class=\"name_directory_startswith \" href=\"https:\/\/knighttx.com\/BO\/productos\/?dir=4&name_directory_startswith=I#name_directory_position4\">I<\/a>  <a class=\"name_directory_startswith  name_directory_empty\" href=\"https:\/\/knighttx.com\/BO\/productos\/?dir=4&name_directory_startswith=J#name_directory_position4\">J<\/a>  <a class=\"name_directory_startswith \" href=\"https:\/\/knighttx.com\/BO\/productos\/?dir=4&name_directory_startswith=K#name_directory_position4\">K<\/a>  <a class=\"name_directory_startswith \" href=\"https:\/\/knighttx.com\/BO\/productos\/?dir=4&name_directory_startswith=L#name_directory_position4\">L<\/a>  <a class=\"name_directory_startswith \" href=\"https:\/\/knighttx.com\/BO\/productos\/?dir=4&name_directory_startswith=M#name_directory_position4\">M<\/a>  <a class=\"name_directory_startswith  name_directory_empty\" href=\"https:\/\/knighttx.com\/BO\/productos\/?dir=4&name_directory_startswith=N#name_directory_position4\">N<\/a>  <a class=\"name_directory_startswith \" href=\"https:\/\/knighttx.com\/BO\/productos\/?dir=4&name_directory_startswith=O#name_directory_position4\">O<\/a>  <a class=\"name_directory_startswith  name_directory_empty\" href=\"https:\/\/knighttx.com\/BO\/productos\/?dir=4&name_directory_startswith=P#name_directory_position4\">P<\/a>  <a class=\"name_directory_startswith  name_directory_empty\" href=\"https:\/\/knighttx.com\/BO\/productos\/?dir=4&name_directory_startswith=Q#name_directory_position4\">Q<\/a>  <a class=\"name_directory_startswith \" href=\"https:\/\/knighttx.com\/BO\/productos\/?dir=4&name_directory_startswith=R#name_directory_position4\">R<\/a>  <a class=\"name_directory_startswith  name_directory_empty\" href=\"https:\/\/knighttx.com\/BO\/productos\/?dir=4&name_directory_startswith=S#name_directory_position4\">S<\/a>  <a class=\"name_directory_startswith \" href=\"https:\/\/knighttx.com\/BO\/productos\/?dir=4&name_directory_startswith=T#name_directory_position4\">T<\/a>  <a class=\"name_directory_startswith  name_directory_empty\" href=\"https:\/\/knighttx.com\/BO\/productos\/?dir=4&name_directory_startswith=U#name_directory_position4\">U<\/a>  <a class=\"name_directory_startswith  name_directory_empty\" href=\"https:\/\/knighttx.com\/BO\/productos\/?dir=4&name_directory_startswith=V#name_directory_position4\">V<\/a>  <a class=\"name_directory_startswith  name_directory_empty\" href=\"https:\/\/knighttx.com\/BO\/productos\/?dir=4&name_directory_startswith=W#name_directory_position4\">W<\/a>  <a class=\"name_directory_startswith  name_directory_empty\" href=\"https:\/\/knighttx.com\/BO\/productos\/?dir=4&name_directory_startswith=X#name_directory_position4\">X<\/a>  <a class=\"name_directory_startswith  name_directory_empty\" href=\"https:\/\/knighttx.com\/BO\/productos\/?dir=4&name_directory_startswith=Y#name_directory_position4\">Y<\/a>  <a class=\"name_directory_startswith \" href=\"https:\/\/knighttx.com\/BO\/productos\/?dir=4&name_directory_startswith=Z#name_directory_position4\">Z<\/a> <br \/><form role='search' method='get' action='#name_directory_position4'><input type='search' autocomplete='off' aria-description='Directory names below will match your searchcriteria after submit' name='name-directory-search-value' id='name-directory-search-input-box' placeholder='Search for...' \/><input type='hidden' name='dir' value='4' \/><input type='submit' id='name-directory-search-input-button' value='Search' \/><\/form><\/div><div class=\"name_directory_total\">There are currently 27 productos in this directory.<\/div><div class=\"name_directory_names\"><div class=\"name_directory_column name_directory_nr1\"><div class=\"name_directory_name_box\"><a name=\"namedirectory_Bendam100-Bendamustina\"><\/a><strong role=\"term\">Bendam 100\u00ae - Bendamustina<\/strong><br><div role=\"definition\">Polvo liofilizado para inyectable 100 mg <\/br><a href=\"http:\/\/knighttx.com\/BO\/prospectos\/Bendam-100.pdf\" target=\"_blank\">Prospecto<\/a><\/div><\/div><hr \/><div class=\"name_directory_name_box\"><a name=\"namedirectory_Bleocris15-Bleomicina\"><\/a><strong role=\"term\">Bleocris\u00ae 15 - Bleomicina<\/strong><br><div role=\"definition\">Polvo liofilizado para soluci\u00f3n inyectable 15 U <\/br><a href=\"http:\/\/knighttx.com\/BO\/prospectos\/Bleocris-15.pdf\" target=\"_blank\">Prospecto<\/a><\/div><\/div><hr \/><div class=\"name_directory_name_box\"><a name=\"namedirectory_Bozob-Bortezomib\"><\/a><strong role=\"term\">Bozob \u00ae - Bortezomib<\/strong><br><div role=\"definition\">Polvo Liofilizado para solucion inyectable 3.5 mg <\/br><a href=\"http:\/\/knighttx.com\/BO\/prospectos\/Bozob.pdf\" target=\"_blank\">Prospecto<\/a><\/div><\/div><hr \/><div class=\"name_directory_name_box\"><a name=\"namedirectory_CiclofosfamidaLKM100\"><\/a><strong role=\"term\">Ciclofosfamida LKM 100<\/strong><br><div role=\"definition\">Polvo liofilizado para soluci\u00f3n inyectable 1000 mg <\/br><a href=\"http:\/\/knighttx.com\/BO\/prospectos\/Ciclofosfamida.pdf\" target=\"_blank\">Prospecto<\/a><\/div><\/div><hr \/><div class=\"name_directory_name_box\"><a name=\"namedirectory_CRESEMBA-Isavuconazol\"><\/a><strong role=\"term\">CRESEMBA\u00ae - Isavuconazol<\/strong><br><div role=\"definition\">C\u00e1psulas duras 100 mg como Isavuconazol\/ 186.3 mg como Isavuconazol sulfato <\/br><a href=\"http:\/\/knighttx.com\/BO\/prospectos\/CRESEMBA-CAPSULAS.pdf\" target=\"_blank\">Prospecto<\/a><\/div><\/div><hr \/><div class=\"name_directory_name_box\"><a name=\"namedirectory_CRESEMBA-Isavuconazol\"><\/a><strong role=\"term\">CRESEMBA\u00ae - Isavuconazol<\/strong><br><div role=\"definition\">Polvo 200 mg como Isavuconazol \/372.6 mg como Sulfato de isavuconazonio  <\/br><a href=\"http:\/\/knighttx.com\/BO\/prospectos\/CRESEMBA-polvo.pdf\" target=\"_blank\">Prospecto<\/a><\/div><\/div><hr \/><div class=\"name_directory_name_box\"><a name=\"namedirectory_Crisapla100-Oxaliplatino\"><\/a><strong role=\"term\">Crisapla\u00ae 100 - Oxaliplatino<\/strong><br><div role=\"definition\">Polvo liofilizado para soluci\u00f3n inyectable 100 mg <\/br><a href=\"http:\/\/knighttx.com\/BO\/prospectos\/Crisapla.pdf\" target=\"_blank\">Prospecto<\/a><\/div><\/div><hr \/><div class=\"name_directory_name_box\"><a name=\"namedirectory_Dolectran80-Docetaxel\"><\/a><strong role=\"term\">Dolectran\u00ae 80 - Docetaxel<\/strong><br><div role=\"definition\">Soluci\u00f3n Inyectable 80 mg<br \/>\r\n<a href=\"http:\/\/knighttx.com\/BO\/prospectos\/Dolectran.pdf\" target=\"_blank\" rel=\"noopener\">Prospecto<\/a><\/div><\/div><hr \/><div class=\"name_directory_name_box\"><a name=\"namedirectory_Enzastar500-Pemetrexed\"><\/a><strong role=\"term\">Enzastar 500\u00ae - Pemetrexed<\/strong><br><div role=\"definition\">Polvo liofilizado para inyectable 500 mg <\/br><a href=\"http:\/\/knighttx.com\/BO\/prospectos\/Enzastar.pdf\" target=\"_blank\">Prospecto<\/a><\/div><\/div><hr \/><div class=\"name_directory_name_box\"><a name=\"namedirectory_Gestredos1000-Gemcitabina\"><\/a><strong role=\"term\">Gestredos 1000\u00ae - Gemcitabina<\/strong><br><div role=\"definition\">Polvo liofilizado para solucion inyectable 1000 mg <\/br><a href=\"http:\/\/knighttx.com\/BO\/prospectos\/Gestredos.pdf\" target=\"_blank\">Prospecto<\/a><\/div><\/div><hr \/><div class=\"name_directory_name_box\"><a name=\"namedirectory_HidroxiureaLKM500-Hidroxiurea\"><\/a><strong role=\"term\">Hidroxiurea LKM\u00ae 500 - Hidroxiurea<\/strong><br><div role=\"definition\">C\u00e1psulas  500 mg <\/br><a href=\"http:\/\/knighttx.com\/BO\/prospectos\/Hidroxiurea.pdf\" target=\"_blank\">Prospecto<\/a><\/div><\/div><hr \/><div class=\"name_directory_name_box\"><a name=\"namedirectory_Itoxaril100-IrinotecanClorhidratoTrihidrato\"><\/a><strong role=\"term\">Itoxaril\u00ae 100 - Irinotecan Clorhidrato Trihidrato<\/strong><br><div role=\"definition\">Soluci\u00f3n inyectable 100 mg <\/br><a href=\"http:\/\/knighttx.com\/BO\/prospectos\/Itoxaril.pdf\" target=\"_blank\">Prospecto<\/a><\/div><\/div><hr \/><div class=\"name_directory_name_box\"><a name=\"namedirectory_KARFIB-Carfilzomib\"><\/a><strong role=\"term\">KARFIB\u00ae - Carfilzomib<\/strong><br><div role=\"definition\">Polvo Liofilizado para solucion inyectable 60 mg <\/br><a href=\"http:\/\/knighttx.com\/BO\/prospectos\/KARFIB.pdf\" target=\"_blank\">Prospecto<\/a><\/div><\/div><hr \/><div class=\"name_directory_name_box\"><a name=\"namedirectory_Ladevina10-Lenalidomida\"><\/a><strong role=\"term\">Ladevina\u00ae 10 - Lenalidomida<\/strong><br><div role=\"definition\">C\u00e1psulas duras 10 mg <\/br><a href=\"http:\/\/knighttx.com\/BO\/prospectos\/LADEVINA-10.pdf\" target=\"_blank\">Prospecto<\/a><\/div><\/div><hr \/><div class=\"name_directory_name_box\"><a name=\"namedirectory_Ladevina25-Lenalidomida\"><\/a><strong role=\"term\">Ladevina\u00ae 25 - Lenalidomida<\/strong><br><div role=\"definition\">C\u00e1psulas duras 25 mg <\/br><a href=\"http:\/\/knighttx.com\/BO\/prospectos\/LADEVINA-25.pdf\" target=\"_blank\">Prospecto<\/a><\/div><\/div><hr \/><div class=\"name_directory_name_box\"><a name=\"namedirectory_Mielozitidina-Azacitidina\"><\/a><strong role=\"term\">Mielozitidina\u00ae - Azacitidina<\/strong><br><div role=\"definition\">Polvo liofilizado para inyectable 100 mg <\/br><a href=\"http:\/\/knighttx.com\/BO\/prospectos\/Mielozitidina.pdf\" target=\"_blank\">Prospecto<\/a><\/div><\/div><hr \/><div class=\"name_directory_name_box\"><a name=\"namedirectory_Olvestran250-Fulvestrant\"><\/a><strong role=\"term\">Olvestran\u00ae 250 - Fulvestrant<\/strong><br><div role=\"definition\">Soluci\u00f3n inyectable 250 mg <\/br><a href=\"http:\/\/knighttx.com\/BO\/prospectos\/Olvestran.pdf\" target=\"_blank\">Prospecto<\/a><\/div><\/div><hr \/><div class=\"name_directory_name_box\"><a name=\"namedirectory_Oxitinol-Pirfenidona\"><\/a><strong role=\"term\">Oxitinol\u00ae - Pirfenidona<\/strong><br><div role=\"definition\">Capsula dura 267 mg <\/br><a href=\"http:\/\/knighttx.com\/BO\/prospectos\/OXITINOL.pdf\" target=\"_blank\">Prospecto<\/a><\/div><\/div><hr \/><div class=\"name_directory_name_box\"><a name=\"namedirectory_Rembre-Dasatinib\"><\/a><strong role=\"term\">Rembre\u00ae - Dasatinib<\/strong><br><div role=\"definition\">Comprimidos recubiertos 50 mg <\/br><a href=\"http:\/\/knighttx.com\/BO\/prospectos\/Rembre-50.pdf\" target=\"_blank\">Prospecto<\/a><\/div><\/div><hr \/><div class=\"name_directory_name_box\"><a name=\"namedirectory_Rembre100-Dasatinib\"><\/a><strong role=\"term\">Rembre\u00ae 100 - Dasatinib<\/strong><br><div role=\"definition\">Comprimidos recubiertos 100 mg <\/br><a href=\"http:\/\/knighttx.com\/BO\/prospectos\/Rembre-100.pdf\" target=\"_blank\">Prospecto<\/a><\/div><\/div><hr \/><div class=\"name_directory_name_box\"><a name=\"namedirectory_Taxoban-Cabazitaxel\"><\/a><strong role=\"term\">Taxoban\u00ae - Cabazitaxel<\/strong><br><div role=\"definition\">Soluci\u00f3n concentrada para infusi\u00f3n 60 mg \/ 1.5 ml <\/br><a href=\"http:\/\/knighttx.com\/BO\/prospectos\/TAXOBAN-60.pdf\" target=\"_blank\">Prospecto<\/a><\/div><\/div><hr \/><div class=\"name_directory_name_box\"><a name=\"namedirectory_Taxocris300-Paclitaxel\"><\/a><strong role=\"term\">Taxocris 300\u00ae - Paclitaxel<\/strong><br><div role=\"definition\">Soluci\u00f3n inyectable 300 mg \/ 50 ml<br \/>\r\n<a href=\"http:\/\/knighttx.com\/BO\/prospectos\/productos\" target=\"_blank\" rel=\"noopener\">Prospecto<\/a><\/div><\/div><hr \/><div class=\"name_directory_name_box\"><a name=\"namedirectory_Timab100-Imatinib\"><\/a><strong role=\"term\">Timab\u00ae 100 - Imatinib<\/strong><br><div role=\"definition\">Comprimidos recubiertos 100 mg <\/br><a href=\"http:\/\/knighttx.com\/BO\/prospectos\/Timab-100.pdf\" target=\"_blank\">Prospecto<\/a><\/div><\/div><hr \/><div class=\"name_directory_name_box\"><a name=\"namedirectory_Timab400-Imatinib\"><\/a><strong role=\"term\">Timab\u00ae 400 - Imatinib<\/strong><br><div role=\"definition\">Comprimidos recubiertos 400 mg <\/br><a href=\"http:\/\/knighttx.com\/BO\/prospectos\/Timab-400.pdf\" target=\"_blank\">Prospecto<\/a><\/div><\/div><hr \/><div class=\"name_directory_name_box\"><a name=\"namedirectory_Tirleb150-Erlotinib\"><\/a><strong role=\"term\">Tirleb\u00ae 150 - Erlotinib<\/strong><br><div role=\"definition\">Comprimidos recubiertos 150 mg <\/br><a href=\"http:\/\/knighttx.com\/BO\/prospectos\/Tirleb-150.pdf\" target=\"_blank\">Prospecto<\/a><\/div><\/div><hr \/><div class=\"name_directory_name_box\"><a name=\"namedirectory_Tuberbut-Tobramicina\"><\/a><strong role=\"term\">Tuberbut\u00ae - Tobramicina<\/strong><br><div role=\"definition\">Soluci\u00f3n para nebulizaci\u00f3n 300 mg\/5ml <\/br><a href=\"http:\/\/knighttx.com\/BO\/prospectos\/Tuberbut.pdf\" target=\"_blank\">Prospecto<\/a><\/div><\/div><hr \/><div class=\"name_directory_name_box\"><a name=\"namedirectory_Zyvalix-Abirateronaacetato\"><\/a><strong role=\"term\">Zyvalix\u00ae - Abiraterona acetato<\/strong><br><div role=\"definition\">Comprimidos  250 mg <\/br><a href=\"http:\/\/knighttx.com\/BO\/prospectos\/Zyvalix.pdf\" target=\"_blank\">Prospecto<\/a><\/div><\/div><\/div><\/div><style>\r\n        .name_directory_readmore_state ~ .name_directory_readmore_trigger:before {\r\n            content: '... Show more';\r\n        }\r\n       \r\n        .name_directory_readmore_state:checked ~ .name_directory_readmore_trigger:before {\r\n            content: 'Show less';\r\n        }\r\n        <\/style><\/div>\n\t\t\t\t\t\t<\/div>\n\t\t\t\t<\/div>\n\t\t\t\t<div class=\"elementor-element elementor-element-382f859 elementor-widget elementor-widget-text-editor\" data-id=\"382f859\" data-element_type=\"widget\" data-e-type=\"widget\" data-widget_type=\"text-editor.default\">\n\t\t\t\t<div class=\"elementor-widget-container\">\n\t\t\t\t\t\t\t\t\t<p><small>\u00a9 Laboratorio LKM Bolivia S.A. Todos los derechos reservados. Prohibida su reproducci\u00f3n total o parcial sin autorizaci\u00f3n del titular. <\/small><small>La informaci\u00f3n presentada es desarrollada con un prop\u00f3sito informativo y no debe ser utilizada para realizar diagn\u00f3sticos o definir el tratamiento para alguna condici\u00f3n m\u00e9dica. Recuerde siempre consultar sus inquietudes con su m\u00e9dico tratante.<\/small><\/p>\t\t\t\t\t\t\t\t<\/div>\n\t\t\t\t<\/div>\n\t\t\t\t\t<\/div>\n\t\t<\/div>\n\t\t\t\t\t<\/div>\n\t\t<\/section>\n\t\t\t\t<\/div>\n\t\t","protected":false},"excerpt":{"rendered":"<p>Productos \u00a9 Laboratorio LKM Bolivia S.A. Todos los derechos reservados. Prohibida su reproducci\u00f3n total o parcial sin autorizaci\u00f3n del titular. La informaci\u00f3n presentada es desarrollada con un prop\u00f3sito informativo y no debe ser utilizada para realizar diagn\u00f3sticos o definir el tratamiento para alguna condici\u00f3n m\u00e9dica. Recuerde siempre consultar sus inquietudes con su m\u00e9dico tratante.<\/p>\n","protected":false},"author":1,"featured_media":0,"parent":0,"menu_order":0,"comment_status":"closed","ping_status":"closed","template":"elementor_header_footer","meta":{"footnotes":""},"class_list":["post-8","page","type-page","status-publish","hentry"],"_links":{"self":[{"href":"https:\/\/knighttx.com\/BO\/wp-json\/wp\/v2\/pages\/8","targetHints":{"allow":["GET"]}}],"collection":[{"href":"https:\/\/knighttx.com\/BO\/wp-json\/wp\/v2\/pages"}],"about":[{"href":"https:\/\/knighttx.com\/BO\/wp-json\/wp\/v2\/types\/page"}],"author":[{"embeddable":true,"href":"https:\/\/knighttx.com\/BO\/wp-json\/wp\/v2\/users\/1"}],"replies":[{"embeddable":true,"href":"https:\/\/knighttx.com\/BO\/wp-json\/wp\/v2\/comments?post=8"}],"version-history":[{"count":156,"href":"https:\/\/knighttx.com\/BO\/wp-json\/wp\/v2\/pages\/8\/revisions"}],"predecessor-version":[{"id":3749,"href":"https:\/\/knighttx.com\/BO\/wp-json\/wp\/v2\/pages\/8\/revisions\/3749"}],"wp:attachment":[{"href":"https:\/\/knighttx.com\/BO\/wp-json\/wp\/v2\/media?parent=8"}],"curies":[{"name":"wp","href":"https:\/\/api.w.org\/{rel}","templated":true}]}}