{"id":3306,"date":"2023-12-04T16:13:16","date_gmt":"2023-12-04T20:13:16","guid":{"rendered":"https:\/\/knighttx.com\/CA\/?page_id=3306"},"modified":"2023-12-04T16:14:14","modified_gmt":"2023-12-04T20:14:14","slug":"whistleblower","status":"publish","type":"page","link":"https:\/\/knighttx.com\/CA\/fr\/whistleblower\/","title":{"rendered":"Ligne d\u2019alerte"},"content":{"rendered":"<div data-elementor-type=\"wp-page\" data-elementor-id=\"3306\" class=\"elementor elementor-3306\">\n\t\t\t\t\t\t<section class=\"elementor-section elementor-top-section elementor-element elementor-element-3257c3c0 elementor-section-content-top elementor-section-boxed elementor-section-height-default elementor-section-height-default\" data-id=\"3257c3c0\" data-element_type=\"section\" data-e-type=\"section\" data-settings=\"{&quot;background_background&quot;:&quot;classic&quot;}\">\n\t\t\t\t\t\t<div class=\"elementor-container elementor-column-gap-no\">\n\t\t\t\t\t<div class=\"elementor-column elementor-col-100 elementor-top-column elementor-element elementor-element-7ef3d22f\" data-id=\"7ef3d22f\" data-element_type=\"column\" data-e-type=\"column\">\n\t\t\t<div class=\"elementor-widget-wrap elementor-element-populated\">\n\t\t\t\t\t\t<div class=\"elementor-element elementor-element-5ed6ba41 elementor-widget__width-initial animated-fast elementor-invisible elementor-widget elementor-widget-image\" data-id=\"5ed6ba41\" data-element_type=\"widget\" data-e-type=\"widget\" data-settings=\"{&quot;_animation&quot;:&quot;fadeInRight&quot;}\" data-widget_type=\"image.default\">\n\t\t\t\t<div class=\"elementor-widget-container\">\n\t\t\t\t\t\t\t\t\t\t\t\t\t\t\t<img fetchpriority=\"high\" decoding=\"async\" width=\"1658\" height=\"145\" src=\"https:\/\/knighttx.com\/CA\/wp-content\/uploads\/2023\/12\/Topo_investors.png\" class=\"attachment-full size-full wp-image-3308\" alt=\"\" srcset=\"https:\/\/knighttx.com\/CA\/wp-content\/uploads\/2023\/12\/Topo_investors.png 1658w, https:\/\/knighttx.com\/CA\/wp-content\/uploads\/2023\/12\/Topo_investors-300x26.png 300w, https:\/\/knighttx.com\/CA\/wp-content\/uploads\/2023\/12\/Topo_investors-1024x90.png 1024w, https:\/\/knighttx.com\/CA\/wp-content\/uploads\/2023\/12\/Topo_investors-768x67.png 768w, https:\/\/knighttx.com\/CA\/wp-content\/uploads\/2023\/12\/Topo_investors-1536x134.png 1536w, https:\/\/knighttx.com\/CA\/wp-content\/uploads\/2023\/12\/Topo_investors-18x2.png 18w\" sizes=\"(max-width: 1658px) 100vw, 1658px\" \/>\t\t\t\t\t\t\t\t\t\t\t\t\t\t\t<\/div>\n\t\t\t\t<\/div>\n\t\t\t\t\t<\/div>\n\t\t<\/div>\n\t\t\t\t\t<\/div>\n\t\t<\/section>\n\t\t\t\t<section class=\"elementor-section elementor-top-section elementor-element elementor-element-403d047d elementor-section-boxed elementor-section-height-default elementor-section-height-default\" data-id=\"403d047d\" data-element_type=\"section\" data-e-type=\"section\" data-settings=\"{&quot;background_background&quot;:&quot;classic&quot;}\">\n\t\t\t\t\t\t<div class=\"elementor-container elementor-column-gap-default\">\n\t\t\t\t\t<div class=\"elementor-column elementor-col-33 elementor-top-column elementor-element elementor-element-23eb5f92 elementor-hidden-tablet elementor-hidden-mobile\" data-id=\"23eb5f92\" data-element_type=\"column\" data-e-type=\"column\" data-settings=\"{&quot;background_background&quot;:&quot;classic&quot;}\">\n\t\t\t<div class=\"elementor-widget-wrap\">\n\t\t\t\t\t\t\t<\/div>\n\t\t<\/div>\n\t\t\t\t<div class=\"elementor-column elementor-col-66 elementor-top-column elementor-element elementor-element-5e916b34\" data-id=\"5e916b34\" data-element_type=\"column\" data-e-type=\"column\">\n\t\t\t<div class=\"elementor-widget-wrap elementor-element-populated\">\n\t\t\t\t\t\t<div class=\"elementor-element elementor-element-991b32b elementor-widget elementor-widget-heading\" data-id=\"991b32b\" data-element_type=\"widget\" data-e-type=\"widget\" data-widget_type=\"heading.default\">\n\t\t\t\t<div class=\"elementor-widget-container\">\n\t\t\t\t\t<h3 class=\"elementor-heading-title elementor-size-default\">Ligne d'alerte<\/h3>\t\t\t\t<\/div>\n\t\t\t\t<\/div>\n\t\t\t\t<div class=\"elementor-element elementor-element-5486fefe elementor-widget elementor-widget-text-editor\" data-id=\"5486fefe\" data-element_type=\"widget\" data-e-type=\"widget\" data-widget_type=\"text-editor.default\">\n\t\t\t\t<div class=\"elementor-widget-container\">\n\t\t\t\t\t\t\t\t\t<p>Chez Knight, nous nous engageons \u00e0 construire une culture d\u2019entreprise ax\u00e9e sur la transparence et l\u2019int\u00e9grit\u00e9, fond\u00e9e sur un comportement \u00e9thique et le respect de la loi, qui est essentiel pour assurer la p\u00e9rennit\u00e9 de nos activit\u00e9s \u00e0 long terme sur un march\u00e9 concurrentiel.<\/p><p>\u00a0<\/p><p>Knight encourage un environnement dans lequel des pr\u00e9occupations peuvent \u00eatre soulev\u00e9es concernant des violations r\u00e9elles ou per\u00e7ues de notre Code de conduite et d\u2019\u00e9thique commerciale.<\/p><p>\u00a0<\/p><p>La ligne d\u2019alerte confidentielle de Knight offre un moyen aux employ\u00e9s, ainsi qu\u2019au grand public, de soulever des probl\u00e8mes de mani\u00e8re confidentielle avec un service tiers ind\u00e9pendant, NAVEX Global, Inc.<\/p><p>\u00a0<\/p><p>Les plaintes peuvent \u00eatre d\u00e9pos\u00e9es de mani\u00e8re anonyme, via Internet ou par t\u00e9l\u00e9phone.<\/p><p>\u00a0<\/p><p>Acc\u00e9dez \u00e0 <a href=\"https:\/\/knighttx.ethicspoint.com\" target=\"_blank\" rel=\"noopener\">https:\/\/knighttx.ethicspoint.com<\/a><\/p>\t\t\t\t\t\t\t\t<\/div>\n\t\t\t\t<\/div>\n\t\t\t\t<div class=\"elementor-element elementor-element-15f350c4 elementor-widget elementor-widget-spacer\" data-id=\"15f350c4\" data-element_type=\"widget\" data-e-type=\"widget\" data-widget_type=\"spacer.default\">\n\t\t\t\t<div class=\"elementor-widget-container\">\n\t\t\t\t\t\t\t<div class=\"elementor-spacer\">\n\t\t\t<div class=\"elementor-spacer-inner\"><\/div>\n\t\t<\/div>\n\t\t\t\t\t\t<\/div>\n\t\t\t\t<\/div>\n\t\t\t\t\t<\/div>\n\t\t<\/div>\n\t\t\t\t\t<\/div>\n\t\t<\/section>\n\t\t\t\t<\/div>","protected":false},"excerpt":{"rendered":"<p>Whistleblower line At Knight we are committed to building a corporate culture of transparency and integrity, based on ethical behavior and compliance with the law, which is essential for the long-term maintenance of our business in a competitive market. \u00a0 Knight encourages an environment in which concerns can be raised regarding actual or perceived violations [&hellip;]<\/p>\n","protected":false},"author":1,"featured_media":0,"parent":0,"menu_order":0,"comment_status":"closed","ping_status":"closed","template":"","meta":{"footnotes":""},"class_list":["post-3306","page","type-page","status-publish","hentry"],"_links":{"self":[{"href":"https:\/\/knighttx.com\/CA\/fr\/wp-json\/wp\/v2\/pages\/3306","targetHints":{"allow":["GET"]}}],"collection":[{"href":"https:\/\/knighttx.com\/CA\/fr\/wp-json\/wp\/v2\/pages"}],"about":[{"href":"https:\/\/knighttx.com\/CA\/fr\/wp-json\/wp\/v2\/types\/page"}],"author":[{"embeddable":true,"href":"https:\/\/knighttx.com\/CA\/fr\/wp-json\/wp\/v2\/users\/1"}],"replies":[{"embeddable":true,"href":"https:\/\/knighttx.com\/CA\/fr\/wp-json\/wp\/v2\/comments?post=3306"}],"version-history":[{"count":4,"href":"https:\/\/knighttx.com\/CA\/fr\/wp-json\/wp\/v2\/pages\/3306\/revisions"}],"predecessor-version":[{"id":3313,"href":"https:\/\/knighttx.com\/CA\/fr\/wp-json\/wp\/v2\/pages\/3306\/revisions\/3313"}],"wp:attachment":[{"href":"https:\/\/knighttx.com\/CA\/fr\/wp-json\/wp\/v2\/media?parent=3306"}],"curies":[{"name":"wp","href":"https:\/\/api.w.org\/{rel}","templated":true}]}}