{"id":3787,"date":"2023-12-04T16:39:43","date_gmt":"2023-12-04T20:39:43","guid":{"rendered":"https:\/\/knighttx.com\/EC\/?page_id=3787"},"modified":"2023-12-04T16:40:20","modified_gmt":"2023-12-04T20:40:20","slug":"linea-etica","status":"publish","type":"page","link":"https:\/\/knighttx.com\/CENAM\/linea-etica\/","title":{"rendered":"L\u00ednea \u00c9tica"},"content":{"rendered":"\t\t<div data-elementor-type=\"wp-page\" data-elementor-id=\"3787\" class=\"elementor elementor-3787\">\n\t\t\t\t\t\t\t\t\t<section class=\"elementor-section elementor-top-section elementor-element elementor-element-278fb321 elementor-section-content-top elementor-section-boxed elementor-section-height-default elementor-section-height-default\" data-id=\"278fb321\" data-element_type=\"section\" data-settings=\"{&quot;background_background&quot;:&quot;classic&quot;}\">\n\t\t\t\t\t\t<div class=\"elementor-container elementor-column-gap-no\">\n\t\t\t\t\t<div class=\"elementor-column elementor-col-100 elementor-top-column elementor-element elementor-element-4da4b36a\" data-id=\"4da4b36a\" data-element_type=\"column\">\n\t\t\t<div class=\"elementor-widget-wrap elementor-element-populated\">\n\t\t\t\t\t\t\t\t<div class=\"elementor-element elementor-element-bbc32c5 elementor-widget__width-initial animated-fast elementor-invisible elementor-widget elementor-widget-image\" data-id=\"bbc32c5\" data-element_type=\"widget\" data-settings=\"{&quot;_animation&quot;:&quot;fadeInRight&quot;}\" data-widget_type=\"image.default\">\n\t\t\t\t<div class=\"elementor-widget-container\">\n\t\t\t<style>\/*! elementor - v3.18.0 - 20-12-2023 *\/\n.elementor-widget-image{text-align:center}.elementor-widget-image a{display:inline-block}.elementor-widget-image a img[src$=\".svg\"]{width:48px}.elementor-widget-image img{vertical-align:middle;display:inline-block}<\/style>\t\t\t\t\t\t\t\t\t\t\t\t<img fetchpriority=\"high\" decoding=\"async\" width=\"1658\" height=\"145\" src=\"https:\/\/knighttx.com\/CENAM\/wp-content\/uploads\/2023\/12\/Topo_investors.png\" class=\"attachment-full size-full wp-image-3789\" alt=\"\" srcset=\"https:\/\/knighttx.com\/CENAM\/wp-content\/uploads\/2023\/12\/Topo_investors.png 1658w, https:\/\/knighttx.com\/CENAM\/wp-content\/uploads\/2023\/12\/Topo_investors-300x26.png 300w, https:\/\/knighttx.com\/CENAM\/wp-content\/uploads\/2023\/12\/Topo_investors-1024x90.png 1024w, https:\/\/knighttx.com\/CENAM\/wp-content\/uploads\/2023\/12\/Topo_investors-768x67.png 768w, https:\/\/knighttx.com\/CENAM\/wp-content\/uploads\/2023\/12\/Topo_investors-1536x134.png 1536w\" sizes=\"(max-width: 1658px) 100vw, 1658px\" \/>\t\t\t\t\t\t\t\t\t\t\t\t\t\t\t<\/div>\n\t\t\t\t<\/div>\n\t\t\t\t\t<\/div>\n\t\t<\/div>\n\t\t\t\t\t\t\t<\/div>\n\t\t<\/section>\n\t\t\t\t<section class=\"elementor-section elementor-top-section elementor-element elementor-element-1211b1ee elementor-section-boxed elementor-section-height-default elementor-section-height-default\" data-id=\"1211b1ee\" data-element_type=\"section\" data-settings=\"{&quot;background_background&quot;:&quot;classic&quot;}\">\n\t\t\t\t\t\t<div class=\"elementor-container elementor-column-gap-default\">\n\t\t\t\t\t<div class=\"elementor-column elementor-col-33 elementor-top-column elementor-element elementor-element-75791d5 elementor-hidden-tablet elementor-hidden-mobile\" data-id=\"75791d5\" data-element_type=\"column\" data-settings=\"{&quot;background_background&quot;:&quot;classic&quot;}\">\n\t\t\t<div class=\"elementor-widget-wrap\">\n\t\t\t\t\t\t\t\t\t<\/div>\n\t\t<\/div>\n\t\t\t\t<div class=\"elementor-column elementor-col-66 elementor-top-column elementor-element elementor-element-760a8d03\" data-id=\"760a8d03\" data-element_type=\"column\">\n\t\t\t<div class=\"elementor-widget-wrap elementor-element-populated\">\n\t\t\t\t\t\t\t\t<div class=\"elementor-element elementor-element-40f39619 elementor-widget elementor-widget-heading\" data-id=\"40f39619\" data-element_type=\"widget\" data-widget_type=\"heading.default\">\n\t\t\t\t<div class=\"elementor-widget-container\">\n\t\t\t<style>\/*! elementor - v3.18.0 - 20-12-2023 *\/\n.elementor-heading-title{padding:0;margin:0;line-height:1}.elementor-widget-heading .elementor-heading-title[class*=elementor-size-]>a{color:inherit;font-size:inherit;line-height:inherit}.elementor-widget-heading .elementor-heading-title.elementor-size-small{font-size:15px}.elementor-widget-heading .elementor-heading-title.elementor-size-medium{font-size:19px}.elementor-widget-heading .elementor-heading-title.elementor-size-large{font-size:29px}.elementor-widget-heading .elementor-heading-title.elementor-size-xl{font-size:39px}.elementor-widget-heading .elementor-heading-title.elementor-size-xxl{font-size:59px}<\/style><h3 class=\"elementor-heading-title elementor-size-default\">L\u00ednea \u00c9tica<\/h3>\t\t<\/div>\n\t\t\t\t<\/div>\n\t\t\t\t<div class=\"elementor-element elementor-element-5f9279e3 elementor-widget elementor-widget-text-editor\" data-id=\"5f9279e3\" data-element_type=\"widget\" data-widget_type=\"text-editor.default\">\n\t\t\t\t<div class=\"elementor-widget-container\">\n\t\t\t<style>\/*! elementor - v3.18.0 - 20-12-2023 *\/\n.elementor-widget-text-editor.elementor-drop-cap-view-stacked .elementor-drop-cap{background-color:#69727d;color:#fff}.elementor-widget-text-editor.elementor-drop-cap-view-framed .elementor-drop-cap{color:#69727d;border:3px solid;background-color:transparent}.elementor-widget-text-editor:not(.elementor-drop-cap-view-default) .elementor-drop-cap{margin-top:8px}.elementor-widget-text-editor:not(.elementor-drop-cap-view-default) .elementor-drop-cap-letter{width:1em;height:1em}.elementor-widget-text-editor .elementor-drop-cap{float:left;text-align:center;line-height:1;font-size:50px}.elementor-widget-text-editor .elementor-drop-cap-letter{display:inline-block}<\/style>\t\t\t\t<p>En Knight estamos comprometidos con la construcci\u00f3n de una cultura corporativa de transparencia e integridad, basada en el comportamiento \u00e9tico y el cumplimiento de la legalidad, esencial para el mantenimiento a largo plazo de nuestro negocio en un mercado competitivo.<\/p><p>\u00a0<\/p><p>Knight fomenta un entorno donde se puedan informar inquietudes sobre violaciones reales de nuestro C\u00f3digo \u00c9tico y de Conducta Empresarial.<\/p><p>\u00a0<\/p><p>La L\u00ednea \u00c9tica de Knight proporciona un medio para que los empleados, as\u00ed como el p\u00fablico en general, informen situaciones inusuales\/fuera de lo com\u00fan de forma confidencial e independiente a trav\u00e9s de NAVEX Global, Inc.<\/p><p>\u00a0<\/p><p>Las quejas pueden presentarse de forma an\u00f3nima, a trav\u00e9s de Internet o por tel\u00e9fono.<\/p><p>\u00a0<\/p><p>Visite<br \/><a href=\"https:\/\/knighttx.ethicspoint.com\/\">https:\/\/knighttx.ethicspoint.com<\/a><\/p>\t\t\t\t\t\t<\/div>\n\t\t\t\t<\/div>\n\t\t\t\t<div class=\"elementor-element elementor-element-7c11217 elementor-widget elementor-widget-spacer\" data-id=\"7c11217\" data-element_type=\"widget\" data-widget_type=\"spacer.default\">\n\t\t\t\t<div class=\"elementor-widget-container\">\n\t\t\t<style>\/*! elementor - v3.18.0 - 20-12-2023 *\/\n.elementor-column .elementor-spacer-inner{height:var(--spacer-size)}.e-con{--container-widget-width:100%}.e-con-inner>.elementor-widget-spacer,.e-con>.elementor-widget-spacer{width:var(--container-widget-width,var(--spacer-size));--align-self:var(--container-widget-align-self,initial);--flex-shrink:0}.e-con-inner>.elementor-widget-spacer>.elementor-widget-container,.e-con>.elementor-widget-spacer>.elementor-widget-container{height:100%;width:100%}.e-con-inner>.elementor-widget-spacer>.elementor-widget-container>.elementor-spacer,.e-con>.elementor-widget-spacer>.elementor-widget-container>.elementor-spacer{height:100%}.e-con-inner>.elementor-widget-spacer>.elementor-widget-container>.elementor-spacer>.elementor-spacer-inner,.e-con>.elementor-widget-spacer>.elementor-widget-container>.elementor-spacer>.elementor-spacer-inner{height:var(--container-widget-height,var(--spacer-size))}.e-con-inner>.elementor-widget-spacer.elementor-widget-empty,.e-con>.elementor-widget-spacer.elementor-widget-empty{position:relative;min-height:22px;min-width:22px}.e-con-inner>.elementor-widget-spacer.elementor-widget-empty .elementor-widget-empty-icon,.e-con>.elementor-widget-spacer.elementor-widget-empty .elementor-widget-empty-icon{position:absolute;top:0;bottom:0;left:0;right:0;margin:auto;padding:0;width:22px;height:22px}<\/style>\t\t<div class=\"elementor-spacer\">\n\t\t\t<div class=\"elementor-spacer-inner\"><\/div>\n\t\t<\/div>\n\t\t\t\t<\/div>\n\t\t\t\t<\/div>\n\t\t\t\t\t<\/div>\n\t\t<\/div>\n\t\t\t\t\t\t\t<\/div>\n\t\t<\/section>\n\t\t\t\t\t\t\t<\/div>\n\t\t","protected":false},"excerpt":{"rendered":"<p>L\u00ednea \u00c9tica En Knight estamos comprometidos con la construcci\u00f3n de una cultura corporativa de transparencia e integridad, basada en el comportamiento \u00e9tico y el cumplimiento de la legalidad, esencial para el mantenimiento a largo plazo de nuestro negocio en un mercado competitivo. \u00a0 Knight fomenta un entorno donde se puedan informar inquietudes sobre violaciones reales [&hellip;]<\/p>\n","protected":false},"author":1,"featured_media":0,"parent":0,"menu_order":0,"comment_status":"closed","ping_status":"closed","template":"","meta":{"footnotes":""},"class_list":["post-3787","page","type-page","status-publish","hentry"],"_links":{"self":[{"href":"https:\/\/knighttx.com\/CENAM\/wp-json\/wp\/v2\/pages\/3787","targetHints":{"allow":["GET"]}}],"collection":[{"href":"https:\/\/knighttx.com\/CENAM\/wp-json\/wp\/v2\/pages"}],"about":[{"href":"https:\/\/knighttx.com\/CENAM\/wp-json\/wp\/v2\/types\/page"}],"author":[{"embeddable":true,"href":"https:\/\/knighttx.com\/CENAM\/wp-json\/wp\/v2\/users\/1"}],"replies":[{"embeddable":true,"href":"https:\/\/knighttx.com\/CENAM\/wp-json\/wp\/v2\/comments?post=3787"}],"version-history":[{"count":4,"href":"https:\/\/knighttx.com\/CENAM\/wp-json\/wp\/v2\/pages\/3787\/revisions"}],"predecessor-version":[{"id":3794,"href":"https:\/\/knighttx.com\/CENAM\/wp-json\/wp\/v2\/pages\/3787\/revisions\/3794"}],"wp:attachment":[{"href":"https:\/\/knighttx.com\/CENAM\/wp-json\/wp\/v2\/media?parent=3787"}],"curies":[{"name":"wp","href":"https:\/\/api.w.org\/{rel}","templated":true}]}}