{"id":8,"date":"2022-11-22T21:22:28","date_gmt":"2022-11-23T01:22:28","guid":{"rendered":"https:\/\/knighttx.com\/?page_id=8"},"modified":"2023-07-17T17:01:05","modified_gmt":"2023-07-17T21:01:05","slug":"productos","status":"publish","type":"page","link":"https:\/\/knighttx.com\/CL\/productos\/","title":{"rendered":"Productos"},"content":{"rendered":"\t\t<div data-elementor-type=\"wp-post\" data-elementor-id=\"8\" class=\"elementor elementor-8\">\n\t\t\t\t\t\t\t\t\t<section class=\"elementor-section elementor-top-section elementor-element elementor-element-5d1e673a elementor-section-content-top elementor-section-boxed elementor-section-height-default elementor-section-height-default\" data-id=\"5d1e673a\" data-element_type=\"section\" data-settings=\"{&quot;background_background&quot;:&quot;classic&quot;}\">\n\t\t\t\t\t\t<div class=\"elementor-container elementor-column-gap-no\">\n\t\t\t\t\t<div class=\"elementor-column elementor-col-100 elementor-top-column elementor-element elementor-element-1131511d\" data-id=\"1131511d\" data-element_type=\"column\">\n\t\t\t<div class=\"elementor-widget-wrap elementor-element-populated\">\n\t\t\t\t\t\t\t\t<div class=\"elementor-element elementor-element-55024cc2 elementor-widget__width-initial animated-fast elementor-invisible elementor-widget elementor-widget-image\" data-id=\"55024cc2\" data-element_type=\"widget\" data-settings=\"{&quot;_animation&quot;:&quot;fadeInRight&quot;}\" data-widget_type=\"image.default\">\n\t\t\t\t<div class=\"elementor-widget-container\">\n\t\t\t<style>\/*! elementor - v3.10.0 - 09-01-2023 *\/\n.elementor-widget-image{text-align:center}.elementor-widget-image a{display:inline-block}.elementor-widget-image a img[src$=\".svg\"]{width:48px}.elementor-widget-image img{vertical-align:middle;display:inline-block}<\/style>\t\t\t\t\t\t\t\t\t\t\t\t<img loading=\"lazy\" decoding=\"async\" width=\"1658\" height=\"145\" src=\"https:\/\/knighttx.com\/CL\/wp-content\/uploads\/2022\/11\/Topo-partnering.png\" class=\"attachment-full size-full wp-image-533\" alt=\"\" srcset=\"https:\/\/knighttx.com\/CL\/wp-content\/uploads\/2022\/11\/Topo-partnering.png 1658w, https:\/\/knighttx.com\/CL\/wp-content\/uploads\/2022\/11\/Topo-partnering-300x26.png 300w, https:\/\/knighttx.com\/CL\/wp-content\/uploads\/2022\/11\/Topo-partnering-1024x90.png 1024w, https:\/\/knighttx.com\/CL\/wp-content\/uploads\/2022\/11\/Topo-partnering-768x67.png 768w, https:\/\/knighttx.com\/CL\/wp-content\/uploads\/2022\/11\/Topo-partnering-1536x134.png 1536w\" sizes=\"auto, (max-width: 1658px) 100vw, 1658px\" \/>\t\t\t\t\t\t\t\t\t\t\t\t\t\t\t<\/div>\n\t\t\t\t<\/div>\n\t\t\t\t\t<\/div>\n\t\t<\/div>\n\t\t\t\t\t\t\t<\/div>\n\t\t<\/section>\n\t\t\t\t<section class=\"elementor-section elementor-top-section elementor-element elementor-element-2c2ed1ff elementor-section-boxed elementor-section-height-default elementor-section-height-default\" data-id=\"2c2ed1ff\" data-element_type=\"section\" data-settings=\"{&quot;background_background&quot;:&quot;classic&quot;}\">\n\t\t\t\t\t\t<div class=\"elementor-container elementor-column-gap-default\">\n\t\t\t\t\t<div class=\"elementor-column elementor-col-100 elementor-top-column elementor-element elementor-element-41bbd544\" data-id=\"41bbd544\" data-element_type=\"column\">\n\t\t\t<div class=\"elementor-widget-wrap elementor-element-populated\">\n\t\t\t\t\t\t\t\t<div class=\"elementor-element elementor-element-79266265 elementor-widget elementor-widget-heading\" data-id=\"79266265\" data-element_type=\"widget\" data-widget_type=\"heading.default\">\n\t\t\t\t<div class=\"elementor-widget-container\">\n\t\t\t<style>\/*! elementor - v3.10.0 - 09-01-2023 *\/\n.elementor-heading-title{padding:0;margin:0;line-height:1}.elementor-widget-heading .elementor-heading-title[class*=elementor-size-]>a{color:inherit;font-size:inherit;line-height:inherit}.elementor-widget-heading .elementor-heading-title.elementor-size-small{font-size:15px}.elementor-widget-heading .elementor-heading-title.elementor-size-medium{font-size:19px}.elementor-widget-heading .elementor-heading-title.elementor-size-large{font-size:29px}.elementor-widget-heading .elementor-heading-title.elementor-size-xl{font-size:39px}.elementor-widget-heading .elementor-heading-title.elementor-size-xxl{font-size:59px}<\/style><h3 class=\"elementor-heading-title elementor-size-default\"><b>Productos<\/b><\/h3>\t\t<\/div>\n\t\t\t\t<\/div>\n\t\t\t\t\t<\/div>\n\t\t<\/div>\n\t\t\t\t\t\t\t<\/div>\n\t\t<\/section>\n\t\t\t\t<section class=\"elementor-section elementor-top-section elementor-element elementor-element-6081353 elementor-section-boxed elementor-section-height-default elementor-section-height-default\" data-id=\"6081353\" data-element_type=\"section\" data-settings=\"{&quot;background_background&quot;:&quot;classic&quot;}\">\n\t\t\t\t\t\t<div class=\"elementor-container elementor-column-gap-default\">\n\t\t\t\t\t<div class=\"elementor-column elementor-col-50 elementor-top-column elementor-element elementor-element-63fa7ea\" data-id=\"63fa7ea\" data-element_type=\"column\">\n\t\t\t<div class=\"elementor-widget-wrap\">\n\t\t\t\t\t\t\t\t\t<\/div>\n\t\t<\/div>\n\t\t\t\t<div class=\"elementor-column elementor-col-50 elementor-top-column elementor-element elementor-element-74701cf\" data-id=\"74701cf\" data-element_type=\"column\" data-settings=\"{&quot;background_background&quot;:&quot;classic&quot;}\">\n\t\t\t<div class=\"elementor-widget-wrap elementor-element-populated\">\n\t\t\t\t\t<div class=\"elementor-background-overlay\"><\/div>\n\t\t\t\t\t\t\t\t<div class=\"elementor-element elementor-element-6715411 category-press-releases elementor-widget elementor-widget-shortcode\" data-id=\"6715411\" data-element_type=\"widget\" data-widget_type=\"shortcode.default\">\n\t\t\t\t<div class=\"elementor-widget-container\">\n\t\t\t\t\t<div class=\"elementor-shortcode\"><a name='name_directory_position3'><\/a><h3 class='name_directory_title'><\/h3><div class=\"name_directory_index\"><a class=\"name_directory_startswith\" href=\"https:\/\/knighttx.com\/CL\/productos\/?dir=3&name_directory_startswith=#name_directory_position3\">All<\/a> | <a class=\"name_directory_startswith  name_directory_empty\" href=\"https:\/\/knighttx.com\/CL\/productos\/?dir=3&name_directory_startswith=%23#name_directory_position3\">#<\/a>  <a class=\"name_directory_startswith \" href=\"https:\/\/knighttx.com\/CL\/productos\/?dir=3&name_directory_startswith=A#name_directory_position3\">A<\/a>  <a class=\"name_directory_startswith \" href=\"https:\/\/knighttx.com\/CL\/productos\/?dir=3&name_directory_startswith=B#name_directory_position3\">B<\/a>  <a class=\"name_directory_startswith \" href=\"https:\/\/knighttx.com\/CL\/productos\/?dir=3&name_directory_startswith=C#name_directory_position3\">C<\/a>  <a class=\"name_directory_startswith \" href=\"https:\/\/knighttx.com\/CL\/productos\/?dir=3&name_directory_startswith=D#name_directory_position3\">D<\/a>  <a class=\"name_directory_startswith \" href=\"https:\/\/knighttx.com\/CL\/productos\/?dir=3&name_directory_startswith=E#name_directory_position3\">E<\/a>  <a class=\"name_directory_startswith \" href=\"https:\/\/knighttx.com\/CL\/productos\/?dir=3&name_directory_startswith=F#name_directory_position3\">F<\/a>  <a class=\"name_directory_startswith \" href=\"https:\/\/knighttx.com\/CL\/productos\/?dir=3&name_directory_startswith=G#name_directory_position3\">G<\/a>  <a class=\"name_directory_startswith \" href=\"https:\/\/knighttx.com\/CL\/productos\/?dir=3&name_directory_startswith=H#name_directory_position3\">H<\/a>  <a class=\"name_directory_startswith \" href=\"https:\/\/knighttx.com\/CL\/productos\/?dir=3&name_directory_startswith=I#name_directory_position3\">I<\/a>  <a class=\"name_directory_startswith  name_directory_empty\" href=\"https:\/\/knighttx.com\/CL\/productos\/?dir=3&name_directory_startswith=J#name_directory_position3\">J<\/a>  <a class=\"name_directory_startswith \" href=\"https:\/\/knighttx.com\/CL\/productos\/?dir=3&name_directory_startswith=K#name_directory_position3\">K<\/a>  <a class=\"name_directory_startswith \" href=\"https:\/\/knighttx.com\/CL\/productos\/?dir=3&name_directory_startswith=L#name_directory_position3\">L<\/a>  <a class=\"name_directory_startswith  name_directory_empty\" href=\"https:\/\/knighttx.com\/CL\/productos\/?dir=3&name_directory_startswith=M#name_directory_position3\">M<\/a>  <a class=\"name_directory_startswith \" href=\"https:\/\/knighttx.com\/CL\/productos\/?dir=3&name_directory_startswith=N#name_directory_position3\">N<\/a>  <a class=\"name_directory_startswith  name_directory_empty\" href=\"https:\/\/knighttx.com\/CL\/productos\/?dir=3&name_directory_startswith=O#name_directory_position3\">O<\/a>  <a class=\"name_directory_startswith \" href=\"https:\/\/knighttx.com\/CL\/productos\/?dir=3&name_directory_startswith=P#name_directory_position3\">P<\/a>  <a class=\"name_directory_startswith  name_directory_empty\" href=\"https:\/\/knighttx.com\/CL\/productos\/?dir=3&name_directory_startswith=Q#name_directory_position3\">Q<\/a>  <a class=\"name_directory_startswith \" href=\"https:\/\/knighttx.com\/CL\/productos\/?dir=3&name_directory_startswith=R#name_directory_position3\">R<\/a>  <a class=\"name_directory_startswith \" href=\"https:\/\/knighttx.com\/CL\/productos\/?dir=3&name_directory_startswith=S#name_directory_position3\">S<\/a>  <a class=\"name_directory_startswith \" href=\"https:\/\/knighttx.com\/CL\/productos\/?dir=3&name_directory_startswith=T#name_directory_position3\">T<\/a>  <a class=\"name_directory_startswith \" href=\"https:\/\/knighttx.com\/CL\/productos\/?dir=3&name_directory_startswith=U#name_directory_position3\">U<\/a>  <a class=\"name_directory_startswith  name_directory_empty\" href=\"https:\/\/knighttx.com\/CL\/productos\/?dir=3&name_directory_startswith=V#name_directory_position3\">V<\/a>  <a class=\"name_directory_startswith  name_directory_empty\" href=\"https:\/\/knighttx.com\/CL\/productos\/?dir=3&name_directory_startswith=W#name_directory_position3\">W<\/a>  <a class=\"name_directory_startswith \" href=\"https:\/\/knighttx.com\/CL\/productos\/?dir=3&name_directory_startswith=X#name_directory_position3\">X<\/a>  <a class=\"name_directory_startswith  name_directory_empty\" href=\"https:\/\/knighttx.com\/CL\/productos\/?dir=3&name_directory_startswith=Y#name_directory_position3\">Y<\/a>  <a class=\"name_directory_startswith \" href=\"https:\/\/knighttx.com\/CL\/productos\/?dir=3&name_directory_startswith=Z#name_directory_position3\">Z<\/a> <br \/><form method='get' action='#name_directory_position3'><input type='text' name='name-directory-search-value' id='name-directory-search-input-box' placeholder='Search for...' \/><input type='hidden' name='dir' value='3' \/><input type='submit' id='name-directory-search-input-button' value='Search' \/><\/form><\/div><div class=\"name_directory_total\">Hay actualmente 27 productos en este directorio<\/div><div class=\"name_directory_names\"><div class=\"name_directory_column name_directory_nr1\"><div class=\"name_directory_name_box\"><a name=\"namedirectory_Azacitidina-Azacitidina\"><\/a><strong>Azacitidina - Azacitidina<\/strong><br \/><div>Liofilizado para suspensi\u00f3n inyectable 100 mg<br \/>\r\n<a href=\"http:\/\/knighttx.com\/CL\/folletos\/Azacitidina.pdf\" target=\"_blank\" rel=\"noopener\">Folleto profesional<\/a><\/div><\/div><hr \/><div class=\"name_directory_name_box\"><a name=\"namedirectory_BAPOCIL\"><\/a><strong>BAPOCIL<\/strong><br \/><div>C\u00e1psulas 75, 100 y 125 mg<br \/>\r\n<a href=\"http:\/\/knighttx.com\/CL\/folletos\/Bapocil.pdf\" target=\"_blank\" rel=\"noopener\">Folleto profesional<\/a><\/div><\/div><hr \/><div class=\"name_directory_name_box\"><a name=\"namedirectory_Budenofalk-Budesonida\"><\/a><strong>Budenofalk \u00ae - Budesonida<\/strong><br \/><div>Capsulas con granulos gastrorresistentes 3 mg<br \/>\r\n<a href=\"http:\/\/knighttx.com\/CL\/folletos\/Budenofalk-capsulas.pdf\" target=\"_blank\" rel=\"noopener\">Folleto profesional<\/a><\/div><\/div><hr \/><div class=\"name_directory_name_box\"><a name=\"namedirectory_Cresemba-Isavuconazoniosulfato\"><\/a><strong>Cresemba \u00ae - Isavuconazonio sulfato<\/strong><br \/><div>Liofilizado para soluci\u00f3n concentrada para perfusion 200 mg<br \/>\r\n<a href=\"http:\/\/knighttx.com\/CL\/folletos\/Cresemba-IV.pdf\" target=\"_blank\" rel=\"noopener\">Folleto profesional<\/a><\/div><\/div><hr \/><div class=\"name_directory_name_box\"><a name=\"namedirectory_Cresemba-Isavuconazoniosulfato\"><\/a><strong>Cresemba \u00ae - Isavuconazonio sulfato<\/strong><br \/><div>Capsulas 100 mg<br \/>\r\n<a href=\"http:\/\/knighttx.com\/CL\/folletos\/Cresemba-cap-100.pdf\" target=\"_blank\" rel=\"noopener\">Folleto profesional<\/a><\/div><\/div><hr \/><div class=\"name_directory_name_box\"><a name=\"namedirectory_Endofalk-Clorurodepotasioclorurodesodiobicarbonatodesodiomacrogol3350\"><\/a><strong>Endofalk \u00ae - Cloruro de potasio, cloruro de sodio, bicarbonato de sodio, macrogol 3350<\/strong><br \/><div>Polvo para soluci\u00f3n oral cloruro de potasio 0,185g ; cloruro de sodio 1,400 g ; bicarbonato de sodio 0,715 g ; macrogol 3350 52,500 g<br \/>\r\n<a href=\"http:\/\/knighttx.com\/CL\/folletos\/Endofalk-macrogol-3350.pdf\" target=\"_blank\" rel=\"noopener\">Folleto profesional<\/a><\/div><\/div><hr \/><div class=\"name_directory_name_box\"><a name=\"namedirectory_Exelon-Rivastigminabase\"><\/a><strong>Exelon\u00ae - Rivastigmina base<\/strong><br \/><div>Sistema terapeutico transdermico 4,6mg\/24 hrs, 9,5mg\/24 hrs , 13,3mg\/24 hrs<br \/>\r\n<a href=\"http:\/\/knighttx.com\/CL\/folletos\/Exelon-parches.pdf\" target=\"_blank\" rel=\"noopener\">Folleto profesional<\/a><\/div><\/div><hr \/><div class=\"name_directory_name_box\"><a name=\"namedirectory_Fulvestrant-Fulvestrant\"><\/a><strong>Fulvestrant - Fulvestrant<\/strong><br \/><div>Solucion inyectable 250 mg\/5 mL<br \/>\r\n<a href=\"http:\/\/knighttx.com\/CL\/folletos\/Fulvestrant-Folleto-profesional-4216.pdf\" target=\"_blank\" rel=\"noopener\">Folleto profesional<\/a><\/div><\/div><hr \/><div class=\"name_directory_name_box\"><a name=\"namedirectory_Fycompa-Perampanel34hidrato\"><\/a><strong>Fycompa\u00ae - Perampanel 3\/4 hidrato<\/strong><br \/><div>Comprimidos recubiertos 2mg , 4mg , 6mg , 8mg<br \/>\r\n<a href=\"http:\/\/knighttx.com\/CL\/folletos\/Fycompa-comp-2mg-Folleto-profesional-25179.pdf\" target=\"_blank\" rel=\"noopener\">Folleto profesional<\/a><\/div><\/div><hr \/><div class=\"name_directory_name_box\"><a name=\"namedirectory_Halaven-Eribulinamesilato\"><\/a><strong>Halaven\u00ae - Eribulina mesilato<\/strong><br \/><div>Solucion inyectable 0,88mg \/2 ml<br \/>\r\n<a href=\"http:\/\/knighttx.com\/CL\/folletos\/Halaven.pdf\" target=\"_blank\" rel=\"noopener\">Folleto profesional<\/a><\/div><\/div><hr \/><div class=\"name_directory_name_box\"><a name=\"namedirectory_Hidroxicarbamida-Hidroxicarbamida\"><\/a><strong>Hidroxicarbamida - Hidroxicarbamida<\/strong><br \/><div>Capsulas 500 mg<br \/>\r\n<a href=\"http:\/\/knighttx.com\/CL\/folletos\/Hidroxicarbamida-capsulas-500mg-Folleto-profesional-2033.pdf\" target=\"_blank\" rel=\"noopener\">Folleto profesional<\/a><\/div><\/div><hr \/><div class=\"name_directory_name_box\"><a name=\"namedirectory_Inovelon-Rufinamida\"><\/a><strong>Inovelon\u00ae - Rufinamida<\/strong><br \/><div>Comprimidos recubiertos 200 mg , 400 mg<br \/>\r\n<a href=\"http:\/\/knighttx.com\/CL\/folletos\/Inovelon-comp-rec-200mg-Folleto-profesional-20386.pdf\" target=\"_blank\" rel=\"noopener\">Folleto profesional<\/a><\/div><\/div><hr \/><div class=\"name_directory_name_box\"><a name=\"namedirectory_Itoxaril-Irinotecanclorhidratotrihidrato\"><\/a><strong>Itoxaril \u00ae - Irinotecan clorhidrato trihidrato<\/strong><br \/><div>Solucion inyectable 100mg\/5ml<br \/>\r\n<a href=\"http:\/\/knighttx.com\/CL\/folletos\/Itoxaril-100mg_5ml-Folleto-profesional-19675.pdf\" target=\"_blank\" rel=\"noopener\">Folleto profesional<\/a><\/div><\/div><hr \/><div class=\"name_directory_name_box\"><a name=\"namedirectory_KARFIB\"><\/a><strong>KARFIB<\/strong><br \/><div>Liofilizado para soluci\u00f3n inyectable 60 mg<br \/>\r\n<a href=\"http:\/\/knighttx.com\/CL\/folletos\/Karfib.pdf\" target=\"_blank\" rel=\"noopener\">Folleto profesional<\/a><\/div><\/div><hr \/><div class=\"name_directory_name_box\"><a name=\"namedirectory_Lenalidomida-Lenalidomida\"><\/a><strong>Lenalidomida - Lenalidomida<\/strong><br \/><div>Capsulas 5mg , 10mg , 15mg, 25mg<br \/>\r\n<a href=\"http:\/\/knighttx.com\/CL\/folletos\/Lenalidomida.pdf\" target=\"_blank\" rel=\"noopener\">Folleto profesional<\/a><\/div><\/div><hr \/><div class=\"name_directory_name_box\"><a name=\"namedirectory_Lenvima-Lenvatinibmesilato\"><\/a><strong>Lenvima\u00ae - Lenvatinib mesilato<\/strong><br \/><div>C\u00e1psulas 4 mg, 10 mg<br \/>\r\n<a href=\"http:\/\/knighttx.com\/CL\/folletos\/Lenvima.pdf\" target=\"_blank\" rel=\"noopener\">Folleto profesional<\/a><\/div><\/div><hr \/><div class=\"name_directory_name_box\"><a name=\"namedirectory_ProntoDry-KitdeUreasa\"><\/a><strong>Pronto Dry \u00ae - Kit de Ureasa<\/strong><br \/><div>Test de ureasa<br \/>\r\n<a href=\"http:\/\/knighttx.com\/CL\/folletos\/Folleto-Pronto-Dry.pdf\" target=\"_blank\" rel=\"noopener\">Folleto profesional<\/a><\/div><\/div><hr \/><div class=\"name_directory_name_box\"><a name=\"namedirectory_Salofalk-Mesalazina\"><\/a><strong>Salofalk \u00ae - Mesalazina<\/strong><br \/><div>Supositorios 500 mg<br \/>\r\n<a href=\"http:\/\/knighttx.com\/CL\/folletos\/Salofalk-supositorios-500mg.pdf\" target=\"_blank\" rel=\"noopener\">Folleto profesional<\/a><br \/>\r\nSupositorios 1000 mg<br \/>\r\n<a href=\"http:\/\/knighttx.com\/CL\/folletos\/Salofalk-supositorios-1000mg.pdf\" target=\"_blank\" rel=\"noopener\">Folleto profesional<\/a><\/div><\/div><hr \/><div class=\"name_directory_name_box\"><a name=\"namedirectory_Salofalk-Mesalazina\"><\/a><strong>Salofalk \u00ae - Mesalazina<\/strong><br \/><div>Comprimidos con recubrimiento enterico 500 mg<br \/>\r\n<a href=\"http:\/\/knighttx.com\/CL\/folletos\/Salofalk.pdf\" target=\"_blank\" rel=\"noopener\">Folleto profesional<\/a><\/div><\/div><hr \/><div class=\"name_directory_name_box\"><a name=\"namedirectory_Salofalk-Mesalazina\"><\/a><strong>Salofalk \u00ae - Mesalazina<\/strong><br \/><div>Granulos con recubrimiento enterico de liberacion prolongada 1,5 g<br \/>\r\n<a href=\"http:\/\/knighttx.com\/CL\/folletos\/Salofalk-granulos1_5.pdf\" target=\"_blank\" rel=\"noopener\">Folleto profesional<\/a><\/div><\/div><hr \/><div class=\"name_directory_name_box\"><a name=\"namedirectory_Salofalk-Mesalazina\"><\/a><strong>Salofalk\u00ae - Mesalazina<\/strong><br \/><div>Espuma rectal 1 g<br \/>\r\n<a href=\"http:\/\/knighttx.com\/CL\/folletos\/Salofalk-espuma.pdf\" target=\"_blank\" rel=\"noopener\">Folleto profesional<\/a><\/div><\/div><hr \/><div class=\"name_directory_name_box\"><a name=\"namedirectory_Tuberbut-Tobramicina\"><\/a><strong>Tuberbut \u00ae - Tobramicina<\/strong><br \/><div>Solucion para nebulizacion 300 mg\/5 mL<br \/>\r\n<a href=\"http:\/\/knighttx.com\/CL\/folletos\/Tobramicina-300mg-Folleto-profesional-8256.pdf\" target=\"_blank\" rel=\"noopener\">Folleto profesional<\/a><\/div><\/div><hr \/><div class=\"name_directory_name_box\"><a name=\"namedirectory_Ursofalk-AcidoUrsodeoxiclico\"><\/a><strong>Ursofalk \u00ae - Acido Ursodeoxic\u00f3lico<\/strong><br \/><div>Suspensi\u00f3n oral 250mg\/5ml<br \/>\r\n<a href=\"http:\/\/knighttx.com\/CL\/folletos\/Ursofalk-suspencion.pdf\" target=\"_blank\" rel=\"noopener\">Folleto profesional<\/a><\/div><\/div><hr \/><div class=\"name_directory_name_box\"><a name=\"namedirectory_Ursofalk-AcidoUrsodeoxiclico\"><\/a><strong>Ursofalk \u00ae - Acido Ursodeoxic\u00f3lico<\/strong><br \/><div>Comprimidos recubiertos 500 mg<br \/>\r\n<a href=\"http:\/\/knighttx.com\/CL\/folletos\/Ursofalk-comprimidos.pdf\" target=\"_blank\" rel=\"noopener\">Folleto profesional<\/a><\/div><\/div><hr \/><div class=\"name_directory_name_box\"><a name=\"namedirectory_Ursofalk-cidoursodesoxicolico\"><\/a><strong>Ursofalk \u00ae - \u00c1cido ursodesoxicolico<\/strong><br \/><div>C\u00e1psulas 250 mg<br \/>\r\n<a href=\"http:\/\/knighttx.com\/CL\/folletos\/Ursofalk-capsulas.pdf\" target=\"_blank\" rel=\"noopener\">Folleto profesional<\/a><\/div><\/div><hr \/><div class=\"name_directory_name_box\"><a name=\"namedirectory_Xetrane-Pomalidomida\"><\/a><strong>Xetrane - Pomalidomida<\/strong><br \/><div>Xetrane c\u00e1psulas 4 mg (pomalidomida)<br \/>\r\n<a href=\"http:\/\/knighttx.com\/CL\/folletos\/Xetrane.pdf\" target=\"_blank\" rel=\"noopener\">Folleto profesional<\/a><\/div><\/div><hr \/><div class=\"name_directory_name_box\"><a name=\"namedirectory_Zyvalix-AbirateronaAcetato\"><\/a><strong>Zyvalix \u00ae - Abiraterona Acetato<\/strong><br \/><div>Comprimido 250 mg<br \/>\r\n<a href=\"http:\/\/knighttx.com\/CL\/folletos\/Zyvalix-comprimidos-250mg-Folleto-profesional-558.pdf\" target=\"_blank\" rel=\"noopener\">Folleto profesional<\/a><\/div><\/div><\/div><\/div><style>\r\n        .name_directory_readmore_state ~ .name_directory_readmore_trigger:before {\r\n            content: '... Show more';\r\n        }\r\n       \r\n        .name_directory_readmore_state:checked ~ .name_directory_readmore_trigger:before {\r\n            content: 'Show less';\r\n        }\r\n        <\/style><\/div>\n\t\t\t\t<\/div>\n\t\t\t\t<\/div>\n\t\t\t\t<div class=\"elementor-element elementor-element-382f859 elementor-widget elementor-widget-text-editor\" data-id=\"382f859\" data-element_type=\"widget\" data-widget_type=\"text-editor.default\">\n\t\t\t\t<div class=\"elementor-widget-container\">\n\t\t\t<style>\/*! elementor - v3.10.0 - 09-01-2023 *\/\n.elementor-widget-text-editor.elementor-drop-cap-view-stacked .elementor-drop-cap{background-color:#818a91;color:#fff}.elementor-widget-text-editor.elementor-drop-cap-view-framed .elementor-drop-cap{color:#818a91;border:3px solid;background-color:transparent}.elementor-widget-text-editor:not(.elementor-drop-cap-view-default) .elementor-drop-cap{margin-top:8px}.elementor-widget-text-editor:not(.elementor-drop-cap-view-default) .elementor-drop-cap-letter{width:1em;height:1em}.elementor-widget-text-editor .elementor-drop-cap{float:left;text-align:center;line-height:1;font-size:50px}.elementor-widget-text-editor .elementor-drop-cap-letter{display:inline-block}<\/style>\t\t\t\t<p><small>\u00a9Grupo Biotoscana de Especialidad, S.A. de C.V.. Todos los derechos reservados. Prohibida su reproducci\u00f3n total o parcial sin autorizaci\u00f3n del titular. <\/small><small>La informaci\u00f3n presentada es desarrollada con un prop\u00f3sito informativo y no debe ser utilizada para realizar diagn\u00f3sticos o definir el tratamiento para alguna condici\u00f3n m\u00e9dica. Recuerde siempre consultar sus inquietudes con su m\u00e9dico tratante.<\/small><\/p>\t\t\t\t\t\t<\/div>\n\t\t\t\t<\/div>\n\t\t\t\t\t<\/div>\n\t\t<\/div>\n\t\t\t\t\t\t\t<\/div>\n\t\t<\/section>\n\t\t\t\t\t\t\t<\/div>\n\t\t","protected":false},"excerpt":{"rendered":"<p>Productos \u00a9Grupo Biotoscana de Especialidad, S.A. de C.V.. Todos los derechos reservados. Prohibida su reproducci\u00f3n total o parcial sin autorizaci\u00f3n del titular. La informaci\u00f3n presentada es desarrollada con un prop\u00f3sito informativo y no debe ser utilizada para realizar diagn\u00f3sticos o definir el tratamiento para alguna condici\u00f3n m\u00e9dica. Recuerde siempre consultar sus inquietudes con su m\u00e9dico [&hellip;]<\/p>\n","protected":false},"author":1,"featured_media":0,"parent":0,"menu_order":0,"comment_status":"closed","ping_status":"closed","template":"elementor_header_footer","meta":{"footnotes":""},"class_list":["post-8","page","type-page","status-publish","hentry"],"_links":{"self":[{"href":"https:\/\/knighttx.com\/CL\/wp-json\/wp\/v2\/pages\/8","targetHints":{"allow":["GET"]}}],"collection":[{"href":"https:\/\/knighttx.com\/CL\/wp-json\/wp\/v2\/pages"}],"about":[{"href":"https:\/\/knighttx.com\/CL\/wp-json\/wp\/v2\/types\/page"}],"author":[{"embeddable":true,"href":"https:\/\/knighttx.com\/CL\/wp-json\/wp\/v2\/users\/1"}],"replies":[{"embeddable":true,"href":"https:\/\/knighttx.com\/CL\/wp-json\/wp\/v2\/comments?post=8"}],"version-history":[{"count":147,"href":"https:\/\/knighttx.com\/CL\/wp-json\/wp\/v2\/pages\/8\/revisions"}],"predecessor-version":[{"id":3631,"href":"https:\/\/knighttx.com\/CL\/wp-json\/wp\/v2\/pages\/8\/revisions\/3631"}],"wp:attachment":[{"href":"https:\/\/knighttx.com\/CL\/wp-json\/wp\/v2\/media?parent=8"}],"curies":[{"name":"wp","href":"https:\/\/api.w.org\/{rel}","templated":true}]}}