{"id":3215,"date":"2023-04-10T15:25:14","date_gmt":"2023-04-10T19:25:14","guid":{"rendered":"https:\/\/knighttx.com.br\/?page_id=3215"},"modified":"2024-04-22T10:53:59","modified_gmt":"2024-04-22T14:53:59","slug":"oportunidades","status":"publish","type":"page","link":"https:\/\/knighttx.com\/CO\/oportunidades\/","title":{"rendered":"Oportunidades"},"content":{"rendered":"\t\t<div data-elementor-type=\"wp-page\" data-elementor-id=\"3215\" class=\"elementor elementor-3215\">\n\t\t\t\t\t\t<section class=\"elementor-section elementor-top-section elementor-element elementor-element-514a1b00 elementor-section-content-top elementor-section-boxed elementor-section-height-default elementor-section-height-default\" data-id=\"514a1b00\" data-element_type=\"section\" data-e-type=\"section\" data-settings=\"{&quot;background_background&quot;:&quot;classic&quot;}\">\n\t\t\t\t\t\t<div class=\"elementor-container elementor-column-gap-no\">\n\t\t\t\t\t<div class=\"elementor-column elementor-col-100 elementor-top-column elementor-element elementor-element-2df7b035\" data-id=\"2df7b035\" data-element_type=\"column\" data-e-type=\"column\">\n\t\t\t<div class=\"elementor-widget-wrap elementor-element-populated\">\n\t\t\t\t\t\t<div class=\"elementor-element elementor-element-2d020953 elementor-widget__width-initial animated-fast elementor-invisible elementor-widget elementor-widget-image\" data-id=\"2d020953\" data-element_type=\"widget\" data-e-type=\"widget\" data-settings=\"{&quot;_animation&quot;:&quot;fadeInRight&quot;}\" data-widget_type=\"image.default\">\n\t\t\t\t<div class=\"elementor-widget-container\">\n\t\t\t\t\t\t\t\t\t\t\t\t\t\t\t<img fetchpriority=\"high\" decoding=\"async\" width=\"1658\" height=\"145\" src=\"https:\/\/knighttx.com\/CO\/wp-content\/uploads\/2022\/12\/careers-topo.png\" class=\"attachment-full size-full wp-image-1151\" alt=\"\" srcset=\"https:\/\/knighttx.com\/CO\/wp-content\/uploads\/2022\/12\/careers-topo.png 1658w, https:\/\/knighttx.com\/CO\/wp-content\/uploads\/2022\/12\/careers-topo-300x26.png 300w, https:\/\/knighttx.com\/CO\/wp-content\/uploads\/2022\/12\/careers-topo-1024x90.png 1024w, https:\/\/knighttx.com\/CO\/wp-content\/uploads\/2022\/12\/careers-topo-768x67.png 768w, https:\/\/knighttx.com\/CO\/wp-content\/uploads\/2022\/12\/careers-topo-1536x134.png 1536w\" sizes=\"(max-width: 1658px) 100vw, 1658px\" \/>\t\t\t\t\t\t\t\t\t\t\t\t\t\t\t<\/div>\n\t\t\t\t<\/div>\n\t\t\t\t\t<\/div>\n\t\t<\/div>\n\t\t\t\t\t<\/div>\n\t\t<\/section>\n\t\t\t\t<section class=\"elementor-section elementor-top-section elementor-element elementor-element-648a313e elementor-section-boxed elementor-section-height-default elementor-section-height-default\" data-id=\"648a313e\" data-element_type=\"section\" data-e-type=\"section\" data-settings=\"{&quot;background_background&quot;:&quot;classic&quot;}\">\n\t\t\t\t\t\t<div class=\"elementor-container elementor-column-gap-default\">\n\t\t\t\t\t<div class=\"elementor-column elementor-col-50 elementor-top-column elementor-element elementor-element-7405939e\" data-id=\"7405939e\" data-element_type=\"column\" data-e-type=\"column\">\n\t\t\t<div class=\"elementor-widget-wrap elementor-element-populated\">\n\t\t\t\t\t\t<div class=\"elementor-element elementor-element-debd1cd sub-menu-fda elementor-widget elementor-widget-wp-widget-nav_menu\" data-id=\"debd1cd\" data-element_type=\"widget\" data-e-type=\"widget\" data-widget_type=\"wp-widget-nav_menu.default\">\n\t\t\t\t<div class=\"elementor-widget-container\">\n\t\t\t\t\t<div class=\"menu-careiras-container\"><ul id=\"menu-careiras\" class=\"menu\"><li id=\"menu-item-3221\" class=\"menu-item menu-item-type-post_type menu-item-object-page menu-item-3221\"><a href=\"https:\/\/knighttx.com\/CO\/careers\/\">Visi\u00f3n general<\/a><\/li>\n<li id=\"menu-item-3222\" class=\"menu-item menu-item-type-post_type menu-item-object-page menu-item-3222\"><a href=\"https:\/\/knighttx.com\/CO\/oportunidades\/\">Oportunidades<\/a><\/li>\n<\/ul><\/div>\t\t\t\t<\/div>\n\t\t\t\t<\/div>\n\t\t\t\t\t<\/div>\n\t\t<\/div>\n\t\t\t\t<div class=\"elementor-column elementor-col-50 elementor-top-column elementor-element elementor-element-580fab97\" data-id=\"580fab97\" data-element_type=\"column\" data-e-type=\"column\">\n\t\t\t<div class=\"elementor-widget-wrap elementor-element-populated\">\n\t\t\t\t\t\t<div class=\"elementor-element elementor-element-6c0440c1 elementor-widget elementor-widget-heading\" data-id=\"6c0440c1\" data-element_type=\"widget\" data-e-type=\"widget\" data-widget_type=\"heading.default\">\n\t\t\t\t<div class=\"elementor-widget-container\">\n\t\t\t\t\t<h3 class=\"elementor-heading-title elementor-size-default\">Oportunidades<\/h3>\t\t\t\t<\/div>\n\t\t\t\t<\/div>\n\t\t\t\t\t<\/div>\n\t\t<\/div>\n\t\t\t\t\t<\/div>\n\t\t<\/section>\n\t\t\t\t<section class=\"elementor-section elementor-top-section elementor-element elementor-element-4e7eec0a elementor-section-boxed elementor-section-height-default elementor-section-height-default\" data-id=\"4e7eec0a\" data-element_type=\"section\" data-e-type=\"section\" data-settings=\"{&quot;background_background&quot;:&quot;classic&quot;}\">\n\t\t\t\t\t\t<div class=\"elementor-container elementor-column-gap-default\">\n\t\t\t\t\t<div class=\"elementor-column elementor-col-100 elementor-top-column elementor-element elementor-element-23478a65\" data-id=\"23478a65\" data-element_type=\"column\" data-e-type=\"column\" data-settings=\"{&quot;background_background&quot;:&quot;classic&quot;}\">\n\t\t\t<div class=\"elementor-widget-wrap elementor-element-populated\">\n\t\t\t\t\t<div class=\"elementor-background-overlay\"><\/div>\n\t\t\t\t\t\t<div class=\"elementor-element elementor-element-24dc936b elementor-widget elementor-widget-heading\" data-id=\"24dc936b\" data-element_type=\"widget\" data-e-type=\"widget\" data-widget_type=\"heading.default\">\n\t\t\t\t<div class=\"elementor-widget-container\">\n\t\t\t\t\t<h4 class=\"elementor-heading-title elementor-size-default\">Vacantes<\/h4>\t\t\t\t<\/div>\n\t\t\t\t<\/div>\n\t\t\t\t<div class=\"elementor-element elementor-element-78c3457 elementor-widget elementor-widget-toggle\" data-id=\"78c3457\" data-element_type=\"widget\" data-e-type=\"widget\" data-widget_type=\"toggle.default\">\n\t\t\t\t<div class=\"elementor-widget-container\">\n\t\t\t\t\t\t\t<div class=\"elementor-toggle\">\n\t\t\t\t\t\t\t<div class=\"elementor-toggle-item\">\n\t\t\t\t\t<div id=\"elementor-tab-title-1261\" class=\"elementor-tab-title\" data-tab=\"1\" role=\"button\" aria-controls=\"elementor-tab-content-1261\" aria-expanded=\"false\">\n\t\t\t\t\t\t\t\t\t\t\t\t<span class=\"elementor-toggle-icon elementor-toggle-icon-left\" aria-hidden=\"true\">\n\t\t\t\t\t\t\t\t\t\t\t\t\t\t\t<span class=\"elementor-toggle-icon-closed\"><i class=\"fas fa-caret-right\"><\/i><\/span>\n\t\t\t\t\t\t\t\t<span class=\"elementor-toggle-icon-opened\"><i class=\"elementor-toggle-icon-opened fas fa-caret-up\"><\/i><\/span>\n\t\t\t\t\t\t\t\t\t\t\t\t\t<\/span>\n\t\t\t\t\t\t\t\t\t\t\t\t<a class=\"elementor-toggle-title\" tabindex=\"0\">Gerente Regional de Calidad<\/a>\n\t\t\t\t\t<\/div>\n\n\t\t\t\t\t<div id=\"elementor-tab-content-1261\" class=\"elementor-tab-content elementor-clearfix\" data-tab=\"1\" role=\"region\" aria-labelledby=\"elementor-tab-title-1261\"><p>El Gerente Regional de Calidad es responsable de gestionar las actividades relacionadas con dos \u00e1reas clave: el Desempe\u00f1o del Sistema de Gesti\u00f3n de Calidad de Knight y las operaciones de calidad locales de Argentina, Chile y M\u00e9xico. Debe asegurar el cumplimiento total con las regulaciones locales de GMP y las pol\u00edticas corporativas, y actuar como la persona de contacto principal responsable de las actividades de calidad en las filiales.<\/p><p>\u00a0<\/p><p><strong>Responsabilidades:<\/strong><\/p><p>Liderar el desarrollo, mantenimiento y mejora continua del Sistema de Gesti\u00f3n de Calidad (QMS), garantizando el cumplimiento, permitiendo la consistencia entre regiones y aprovechando la experiencia global.<\/p><p>Colaborar con las regiones para operacionalizar a los proveedores globales.<\/p><p>Supervisar los KPI de Calidad.<\/p><p>El candidato ideal es alguien muy organizado, orientado a los detalles, con buenas capacidades de comunicaci\u00f3n, conocimientos t\u00e9cnicos en aseguramiento de calidad, control de calidad, validaciones y sistemas de calidad; demuestra buenas habilidades para resolver problemas y puede adaptarse a cambios de prioridades.<\/p><p>\u00a0<\/p><p><strong>Lugar de Trabajo:<\/strong> San Isidro (Argentina); Santiago (Chile) \u00a0o Ciudad de Mexico (Mexico)<\/p><p>\u00a0<\/p><p><strong>Roles y Responsabilidades:<\/strong><\/p><ul><li>Ser responsable del desempe\u00f1o de calidad del sistema de gesti\u00f3n de calidad de Knight en cooperaci\u00f3n con los equipos internacionales de aseguramiento de calidad, establecer y mantener objetivos de calidad corporativos, promover activamente un sistema de gesti\u00f3n de calidad efectivo (QMS).<\/li><li>Liderar todo el equipo de calidad responsable de los sistemas de calidad globales y las operaciones locales de calidad de los productos licenciados e importados comercializados en Argentina, Chile y M\u00e9xico.<\/li><li>Garantizar que exista un sistema documentado para respaldar la gesti\u00f3n de cumplimiento GxP tanto interna como externamente, con todos los fabricantes y terceros a quienes se delegan actividades.<\/li><li>Actuar como un enlace clave con los socios comerciales regionales en la cadena de suministro internacional comercial y proporcionar direcci\u00f3n estrat\u00e9gica y alineaci\u00f3n con las necesidades comerciales.<\/li><li>Actuar como L\u00edder de la Planificaci\u00f3n y Ejecuci\u00f3n de la Calificaci\u00f3n de Proveedores Globales de Knight.<\/li><li>Implementar procesos internos para el desarrollo del personal del departamento de Calidad.<\/li><li>Garantizar que el equipo de calidad tenga todas las capacidades requeridas para cumplir con los conceptos de Sistemas de Calidad Farmac\u00e9utica ICH Q10 y las regulaciones locales de GMP.<\/li><li>Evaluar procesos, resultados, operaciones y tendencias para garantizar el cumplimiento con est\u00e1ndares locales e internacionales relacionados con GMP, GLP, GDP, GSP, GPP.<\/li><li>Gestionar todas las actividades del QMS: gesti\u00f3n de documentos, capacitaci\u00f3n, control de cambios, desviaciones, CAPAs, calificaci\u00f3n de proveedores, gesti\u00f3n de riesgos, quejas, liberaci\u00f3n de lotes, OOS, estudios de estabilidad, pruebas f\u00edsico-qu\u00edmicas y microbiol\u00f3gicas, calificaciones y validaciones, APQR, acuerdos de calidad, auditor\u00edas internas.<\/li><li>Gestionar las actividades de calidad realizadas por proveedores de servicios locales.<\/li><li>Mantener las licencias de los sitios, preparar enmiendas relacionadas y notificaciones a la Autoridad Sanitaria.<\/li><li>Gestionar actividades de calidad de auditor\u00edas en el sitio. Encabezar auditor\u00edas de GMP.<\/li><li>Realizar inspecciones a proveedores involucrados en la fabricaci\u00f3n y\/o distribuci\u00f3n de productos.<\/li><li>Gestionar asuntos de cumplimiento planteados internamente, por proveedores o socios corporativos.<\/li><li>Gestionar cualquier procedimiento de retirada de productos requerido seg\u00fan los SOPs internos.<\/li><li>Liderar actividades de calidad para la preparaci\u00f3n de m\u00f3dulos CTD o respuestas relacionadas con el componente de Qu\u00edmica y Manufactura de un expediente regulatorio para futuras presentaciones.<\/li><li>Crear, gestionar y revisar KPIs y reportes de calidad e implementar acciones para cumplir con los objetivos anuales de la empresa.<\/li><li>Ser responsable de la implementaci\u00f3n del Sistema de Gesti\u00f3n de Calidad (software QMS) actuando como un Experto en la Materia de QA de referencia.<\/li><li>Asegurar escalaciones y notificaciones apropiadas a la l\u00ednea de gesti\u00f3n.<\/li><li>Proporcionar liderazgo de calidad para la expansi\u00f3n territorial y la introducci\u00f3n de nuevos productos localmente.<\/li><\/ul><p>\u00a0<\/p><p><strong>Requermientos<\/strong><\/p><p>\u00a0<\/p><p><em>Experiencia:<\/em><\/p><ul><li>M\u00ednimo de 10 a\u00f1os dentro de la industria farmac\u00e9utica y actuando en actividades de calidad.<\/li><li>Fuerte conocimiento de Microsoft Office Suite<\/li><li>Fuerte experiencia en Gesti\u00f3n de Personas.<\/li><li>Capacidad para influir en la alta direcci\u00f3n y otros colegas sin l\u00edneas de reporte directo.<\/li><li>Capacidad para trabajar en un entorno din\u00e1mico y redefinir constantemente las prioridades seg\u00fan el negocio de la empresa.<\/li><li>Fuerte habilidad de gesti\u00f3n y liderazgo.<\/li><li>Fuerte conocimiento de las regulaciones locales y buena capacidad para interpretar pol\u00edticas y pautas.<\/li><li>Fuerte conocimiento en procesos as\u00e9pticos, \u00e1reas limpias, fabricaci\u00f3n de productos farmac\u00e9uticos s\u00f3lidos y l\u00edquidos.<\/li><li>Conocimiento en transferencia de m\u00e9todos anal\u00edticos, investigaci\u00f3n.<\/li><\/ul><p>\u00a0<\/p><p><em>Educaci\u00f3n, Licencias y Certificaciones:<\/em><\/p><ul><li>B.Sc, M.Sc o PhD en Farmacia<\/li><li>Habilidades Ling\u00fc\u00edsticas: Espa\u00f1ol fluido, Ingl\u00e9s fluido<\/li><\/ul><p>\u00a0<\/p><p><em>Habilidades Requeridas:<\/em><\/p><ol><li>My buena capacidad de orgnizaci\u00f3n<\/li><li>Orientaci\u00f3n a los detalles<\/li><li>Buenas capacidades de comunicaci\u00f3n<\/li><li>Buenas habilidades para resolver problemas<\/li><li>Capacidad para adaptarse a cambios de prioridades<\/li><li>Habilidades Anal\u00edticas y Organizacionales<\/li><li>Habilidades de Negociaci\u00f3n \/ Trabajo en Equipo<\/li><\/ol><p>\u00a0<\/p><p>Por favor, env\u00ede su CV y carta de presentaci\u00f3n con el siguiente asunto: \u201cB\u00fasquedas Knight:<strong> Gerente Regional de Calidad<\/strong>\u201d; al siguiente mail: <a href=\"mailto:rrhh.argentina@knighttx.com\">rrhh.argentina@knighttx.com<\/a>. En la carta mencionar remuneraci\u00f3n pretendida.<\/p><p>Solo los candidatos seleccionados ser\u00e1n contactados.<\/p><\/div>\n\t\t\t\t<\/div>\n\t\t\t\t\t\t\t<div class=\"elementor-toggle-item\">\n\t\t\t\t\t<div id=\"elementor-tab-title-1262\" class=\"elementor-tab-title\" data-tab=\"2\" role=\"button\" aria-controls=\"elementor-tab-content-1262\" aria-expanded=\"false\">\n\t\t\t\t\t\t\t\t\t\t\t\t<span class=\"elementor-toggle-icon elementor-toggle-icon-left\" aria-hidden=\"true\">\n\t\t\t\t\t\t\t\t\t\t\t\t\t\t\t<span class=\"elementor-toggle-icon-closed\"><i class=\"fas fa-caret-right\"><\/i><\/span>\n\t\t\t\t\t\t\t\t<span class=\"elementor-toggle-icon-opened\"><i class=\"elementor-toggle-icon-opened fas fa-caret-up\"><\/i><\/span>\n\t\t\t\t\t\t\t\t\t\t\t\t\t<\/span>\n\t\t\t\t\t\t\t\t\t\t\t\t<a class=\"elementor-toggle-title\" tabindex=\"0\">Director Asociado Global, Farmacovigilancia e Informaci\u00f3n M\u00e9dica<\/a>\n\t\t\t\t\t<\/div>\n\n\t\t\t\t\t<div id=\"elementor-tab-content-1262\" class=\"elementor-tab-content elementor-clearfix\" data-tab=\"2\" role=\"region\" aria-labelledby=\"elementor-tab-title-1262\"><p><strong>Director Asociado Global, Farmacovigilancia e Informaci\u00f3n M\u00e9dica<\/strong><\/p><p>\u00a0<\/p><p>El Director Asociado supervisa al equipo Global de Farmacovigilancia e Informaci\u00f3n M\u00e9dica y trabaja en estrecha colaboraci\u00f3n con el Director Global, los socios de Knight, los equipos regionales de Farmacovigilancia e Informaci\u00f3n M\u00e9dica y los departamentos interfuncionales de Knight, incluyendo los m\u00e9dicos, comerciales, calidad y regulaci\u00f3n.<\/p><p>\u00a0<\/p><p>Ubicaci\u00f3n: San Isidro (Argentina); Ciudad de M\u00e9xico (M\u00e9xico) o Bogot\u00e1 (Colombia)<\/p><p>\u00a0<\/p><p><strong>Roles y Responsabilidades:<\/strong><\/p><p>\u00a0<\/p><p>El director asociado brinda experiencia en procesos de farmacovigilancia e informaci\u00f3n m\u00e9dica en las siguientes actividades:<\/p><p>\u00a0<\/p><ul><li>Colabora con las partes interesadas internas de otras funciones para garantizar que se cumplan los objetivos comerciales estrat\u00e9gicos mediante el intercambio de conocimientos, experiencia e informaci\u00f3n relevante.<\/li><li>Desarrolla y mantiene relaciones s\u00f3lidas con las partes interesadas externas, incluidos, entre otros, socios, proveedores de servicios y agencias de salud.<\/li><li>Asegura que el equipo global tenga la capacitaci\u00f3n y los recursos necesarios para cumplir adecuadamente con las expectativas y requisitos.<\/li><\/ul><p>\u00a0<\/p><p>El director asociado supervisa y brinda direcci\u00f3n al equipo a cargo de las siguientes actividades:<\/p><ul><li>Preparar, revisar y aprobar acuerdos de farmacovigilancia con socios de licencia.<\/li><li>Ser la persona de contacto principal y responder preguntas de socios de licencia.<\/li><li>Realizar b\u00fasquedas globales de literatura en revistas cient\u00edficas o bases de datos para identificar ICSR y referencias de apoyo relacionadas con los productos de Knight.<\/li><li>Brindar apoyo a los equipos regionales para abordar consultas de informaci\u00f3n m\u00e9dica complejas.<\/li><li>Realizar el proceso de conciliaci\u00f3n de casos de EA con socios de licencia.<\/li><li>Realizar la detecci\u00f3n de se\u00f1ales para productos de Knight.<\/li><li>Mantener y actualizar una capacitaci\u00f3n general sobre las responsabilidades de notificaci\u00f3n de reacciones adversas al incorporarse y anualmente.<\/li><li>Mantener y actualizar los procedimientos operativos est\u00e1ndar (SOP) y procesos de trabajo de Farmacovigilancia e Informaci\u00f3n M\u00e9dica Global.<\/li><li>Desarrollar un programa de autoauditor\u00eda global. Realizar auditor\u00edas de Buenas Pr\u00e1cticas de Farmacovigilancia (GVP) seg\u00fan las Regulaciones Aplicables. Asegurar la preparaci\u00f3n y liderar auditor\u00edas globales y actividades asociadas (desviaciones \/ CAPAs).<\/li><li>Actualizar y mantener la base de datos de seguridad Global (ARGUS) y las bases de datos globales de informaci\u00f3n m\u00e9dica (Scimax) en un estado validado.<\/li><li>Participar en conferencias y capacitaciones sobre actividades de Farmacovigilancia e informaci\u00f3n m\u00e9dica y difundir el conocimiento al equipo.<\/li><li>Mantener y actualizar el panel de control y los rastreadores de farmacovigilancia e informaci\u00f3n m\u00e9dica.<\/li><li>Monitorear el cumplimiento y medir las m\u00e9tricas de calidad.<\/li><li>Asegurar la estructura de documentaci\u00f3n organizacional en la plataforma de intercambio global.<\/li><\/ul><p>\u00a0<\/p><p>El director asociado global tambi\u00e9n apoyar\u00e1 al director global en la realizaci\u00f3n de evaluaciones de diligencia debida para posibles oportunidades de licencia, incluidas, entre otras, reuniones con posibles socios y redacci\u00f3n de informes de evaluaci\u00f3n.<\/p><p>\u00a0<\/p><p><strong>Calificaci\u00f3n del Trabajo:<\/strong><\/p><p>\u00a0<\/p><p><em>Experiencia Requerida<\/em>:<\/p><ul><li>M\u00ednimo de 5 a\u00f1os en Gesti\u00f3n de Personas y Gesti\u00f3n de Proyectos<\/li><li>M\u00ednimo de 10 a\u00f1os en Farmacovigilancia \/ Asuntos M\u00e9dicos<\/li><\/ul><p>\u00a0<\/p><p><em>Experiencia Deseable:<\/em><\/p><ul><li>Certificaci\u00f3n Lean Six Sigma, Cintur\u00f3n Negro o Verde<\/li><li>Experiencia en Asuntos Regulatorios y\/o Aseguramiento de la Calidad<\/li><\/ul><p>\u00a0<\/p><p><em>Educaci\u00f3n, Licencias y Certificaciones:<\/em><\/p><ul><li>Requerido: Profesionales de la salud: Enfermero\/a, Farmac\u00e9utico\/a o M\u00e9dico\/a.<\/li><li>Deseable: Especializaci\u00f3n en Farmacovigilancia<\/li><li>Habilidades Ling\u00fc\u00edsticas: Espa\u00f1ol fluido, Ingl\u00e9s fluido<\/li><\/ul><p>\u00a0<\/p><p><strong>Habilidades Requeridas:<\/strong><\/p><p>\u00a0<\/p><ul><li>Excelente conocimiento cient\u00edfico<\/li><li>Buenas habilidades de comunicaci\u00f3n, escritas y orales, en ingl\u00e9s<\/li><li>Buen conocimiento de Microsoft Office Suite<\/li><\/ul><p>\u00a0<\/p><p>Por favor, env\u00ede su CV y carta de presentaci\u00f3n con el siguiente asunto: \u201cB\u00fasquedas Knight: Director Asociado Global, Farmacovigilancia e Informaci\u00f3n M\u00e9dica\u201d; al siguiente mail: <a href=\"mailto:rrhh.argentina@knighttx.com\">rrhh.argentina@knighttx.com<\/a>. En la carta mencionar remuneraci\u00f3n pretendida.<\/p><p>Solo los candidatos seleccionados ser\u00e1n contactados.<\/p><\/div>\n\t\t\t\t<\/div>\n\t\t\t\t\t\t\t\t<\/div>\n\t\t\t\t\t\t<\/div>\n\t\t\t\t<\/div>\n\t\t\t\t<div class=\"elementor-element elementor-element-106c490 elementor-widget elementor-widget-heading\" data-id=\"106c490\" data-element_type=\"widget\" data-e-type=\"widget\" data-widget_type=\"heading.default\">\n\t\t\t\t<div class=\"elementor-widget-container\">\n\t\t\t\t\t<h2 class=\"elementor-heading-title elementor-size-default\">LinkedIn<\/h2>\t\t\t\t<\/div>\n\t\t\t\t<\/div>\n\t\t\t\t<div class=\"elementor-element elementor-element-010976d elementor-widget-divider--view-line elementor-widget elementor-widget-divider\" data-id=\"010976d\" data-element_type=\"widget\" data-e-type=\"widget\" data-widget_type=\"divider.default\">\n\t\t\t\t<div class=\"elementor-widget-container\">\n\t\t\t\t\t\t\t<div class=\"elementor-divider\">\n\t\t\t<span class=\"elementor-divider-separator\">\n\t\t\t\t\t\t<\/span>\n\t\t<\/div>\n\t\t\t\t\t\t<\/div>\n\t\t\t\t<\/div>\n\t\t\t\t<section class=\"elementor-section elementor-inner-section elementor-element elementor-element-ab9bae7 elementor-section-boxed elementor-section-height-default elementor-section-height-default\" data-id=\"ab9bae7\" data-element_type=\"section\" data-e-type=\"section\">\n\t\t\t\t\t\t<div class=\"elementor-container elementor-column-gap-default\">\n\t\t\t\t\t<div class=\"elementor-column elementor-col-50 elementor-inner-column elementor-element elementor-element-9dd9a26\" data-id=\"9dd9a26\" data-element_type=\"column\" data-e-type=\"column\">\n\t\t\t<div class=\"elementor-widget-wrap elementor-element-populated\">\n\t\t\t\t\t\t<div class=\"elementor-element elementor-element-f94d571 elementor-view-default elementor-widget elementor-widget-icon\" data-id=\"f94d571\" data-element_type=\"widget\" data-e-type=\"widget\" data-widget_type=\"icon.default\">\n\t\t\t\t<div class=\"elementor-widget-container\">\n\t\t\t\t\t\t\t<div class=\"elementor-icon-wrapper\">\n\t\t\t<a class=\"elementor-icon\" href=\"https:\/\/www.linkedin.com\/company\/grupo-biotoscana\/posts\/?feedView=all\" target=\"_blank\">\n\t\t\t<i aria-hidden=\"true\" class=\"fab fa-linkedin-in\"><\/i>\t\t\t<\/a>\n\t\t<\/div>\n\t\t\t\t\t\t<\/div>\n\t\t\t\t<\/div>\n\t\t\t\t\t<\/div>\n\t\t<\/div>\n\t\t\t\t<div class=\"elementor-column elementor-col-50 elementor-inner-column elementor-element elementor-element-c2788ff\" data-id=\"c2788ff\" data-element_type=\"column\" data-e-type=\"column\">\n\t\t\t<div class=\"elementor-widget-wrap elementor-element-populated\">\n\t\t\t\t\t\t<div class=\"elementor-element elementor-element-6db8443 elementor-widget elementor-widget-text-editor\" data-id=\"6db8443\" data-element_type=\"widget\" data-e-type=\"widget\" data-widget_type=\"text-editor.default\">\n\t\t\t\t<div class=\"elementor-widget-container\">\n\t\t\t\t\t\t\t\t\t<p><a href=\"https:\/\/www.linkedin.com\/company\/grupo-biotoscana\/\" target=\"_blank\" rel=\"noopener\"><strong>Knight Therapeutics Colombia<\/strong><\/a><\/p>\t\t\t\t\t\t\t\t<\/div>\n\t\t\t\t<\/div>\n\t\t\t\t\t<\/div>\n\t\t<\/div>\n\t\t\t\t\t<\/div>\n\t\t<\/section>\n\t\t\t\t\t<\/div>\n\t\t<\/div>\n\t\t\t\t\t<\/div>\n\t\t<\/section>\n\t\t\t\t<section class=\"elementor-section elementor-top-section elementor-element elementor-element-8ce0afb elementor-section-boxed elementor-section-height-default elementor-section-height-default\" data-id=\"8ce0afb\" data-element_type=\"section\" data-e-type=\"section\" data-settings=\"{&quot;background_background&quot;:&quot;classic&quot;}\">\n\t\t\t\t\t\t<div class=\"elementor-container elementor-column-gap-default\">\n\t\t\t\t\t<div class=\"elementor-column elementor-col-100 elementor-top-column elementor-element elementor-element-e7e0dc2\" data-id=\"e7e0dc2\" data-element_type=\"column\" data-e-type=\"column\">\n\t\t\t<div class=\"elementor-widget-wrap elementor-element-populated\">\n\t\t\t\t\t\t<div class=\"elementor-element elementor-element-5b75086 elementor-widget elementor-widget-spacer\" data-id=\"5b75086\" data-element_type=\"widget\" data-e-type=\"widget\" data-widget_type=\"spacer.default\">\n\t\t\t\t<div class=\"elementor-widget-container\">\n\t\t\t\t\t\t\t<div class=\"elementor-spacer\">\n\t\t\t<div class=\"elementor-spacer-inner\"><\/div>\n\t\t<\/div>\n\t\t\t\t\t\t<\/div>\n\t\t\t\t<\/div>\n\t\t\t\t\t<\/div>\n\t\t<\/div>\n\t\t\t\t\t<\/div>\n\t\t<\/section>\n\t\t\t\t<\/div>\n\t\t","protected":false},"excerpt":{"rendered":"<p>Oportunidades Vacantes Gerente Regional de Calidad El Gerente Regional de Calidad es responsable de gestionar las actividades relacionadas con dos \u00e1reas clave: el Desempe\u00f1o del Sistema de Gesti\u00f3n de Calidad de Knight y las operaciones de calidad locales de Argentina, Chile y M\u00e9xico. Debe asegurar el cumplimiento total con las regulaciones locales de GMP y [&hellip;]<\/p>\n","protected":false},"author":1,"featured_media":0,"parent":0,"menu_order":0,"comment_status":"closed","ping_status":"closed","template":"elementor_header_footer","meta":{"footnotes":""},"class_list":["post-3215","page","type-page","status-publish","hentry"],"_links":{"self":[{"href":"https:\/\/knighttx.com\/CO\/wp-json\/wp\/v2\/pages\/3215","targetHints":{"allow":["GET"]}}],"collection":[{"href":"https:\/\/knighttx.com\/CO\/wp-json\/wp\/v2\/pages"}],"about":[{"href":"https:\/\/knighttx.com\/CO\/wp-json\/wp\/v2\/types\/page"}],"author":[{"embeddable":true,"href":"https:\/\/knighttx.com\/CO\/wp-json\/wp\/v2\/users\/1"}],"replies":[{"embeddable":true,"href":"https:\/\/knighttx.com\/CO\/wp-json\/wp\/v2\/comments?post=3215"}],"version-history":[{"count":164,"href":"https:\/\/knighttx.com\/CO\/wp-json\/wp\/v2\/pages\/3215\/revisions"}],"predecessor-version":[{"id":3713,"href":"https:\/\/knighttx.com\/CO\/wp-json\/wp\/v2\/pages\/3215\/revisions\/3713"}],"wp:attachment":[{"href":"https:\/\/knighttx.com\/CO\/wp-json\/wp\/v2\/media?parent=3215"}],"curies":[{"name":"wp","href":"https:\/\/api.w.org\/{rel}","templated":true}]}}