{"id":8,"date":"2022-11-22T21:22:28","date_gmt":"2022-11-23T01:22:28","guid":{"rendered":"https:\/\/knighttx.com\/?page_id=8"},"modified":"2023-07-17T17:04:50","modified_gmt":"2023-07-17T21:04:50","slug":"productos","status":"publish","type":"page","link":"https:\/\/knighttx.com\/CO\/productos\/","title":{"rendered":"Productos"},"content":{"rendered":"\t\t<div data-elementor-type=\"wp-post\" data-elementor-id=\"8\" class=\"elementor elementor-8\">\n\t\t\t\t\t\t<section class=\"elementor-section elementor-top-section elementor-element elementor-element-5d1e673a elementor-section-content-top elementor-section-boxed elementor-section-height-default elementor-section-height-default\" data-id=\"5d1e673a\" data-element_type=\"section\" data-e-type=\"section\" data-settings=\"{&quot;background_background&quot;:&quot;classic&quot;}\">\n\t\t\t\t\t\t<div class=\"elementor-container elementor-column-gap-no\">\n\t\t\t\t\t<div class=\"elementor-column elementor-col-100 elementor-top-column elementor-element elementor-element-1131511d\" data-id=\"1131511d\" data-element_type=\"column\" data-e-type=\"column\">\n\t\t\t<div class=\"elementor-widget-wrap elementor-element-populated\">\n\t\t\t\t\t\t<div class=\"elementor-element elementor-element-55024cc2 elementor-widget__width-initial animated-fast elementor-invisible elementor-widget elementor-widget-image\" data-id=\"55024cc2\" data-element_type=\"widget\" data-e-type=\"widget\" data-settings=\"{&quot;_animation&quot;:&quot;fadeInRight&quot;}\" data-widget_type=\"image.default\">\n\t\t\t\t<div class=\"elementor-widget-container\">\n\t\t\t\t\t\t\t\t\t\t\t\t\t\t\t<img fetchpriority=\"high\" decoding=\"async\" width=\"1658\" height=\"145\" src=\"https:\/\/knighttx.com\/CO\/wp-content\/uploads\/2022\/11\/Topo-partnering.png\" class=\"attachment-full size-full wp-image-533\" alt=\"\" srcset=\"https:\/\/knighttx.com\/CO\/wp-content\/uploads\/2022\/11\/Topo-partnering.png 1658w, https:\/\/knighttx.com\/CO\/wp-content\/uploads\/2022\/11\/Topo-partnering-300x26.png 300w, https:\/\/knighttx.com\/CO\/wp-content\/uploads\/2022\/11\/Topo-partnering-1024x90.png 1024w, https:\/\/knighttx.com\/CO\/wp-content\/uploads\/2022\/11\/Topo-partnering-768x67.png 768w, https:\/\/knighttx.com\/CO\/wp-content\/uploads\/2022\/11\/Topo-partnering-1536x134.png 1536w\" sizes=\"(max-width: 1658px) 100vw, 1658px\" \/>\t\t\t\t\t\t\t\t\t\t\t\t\t\t\t<\/div>\n\t\t\t\t<\/div>\n\t\t\t\t\t<\/div>\n\t\t<\/div>\n\t\t\t\t\t<\/div>\n\t\t<\/section>\n\t\t\t\t<section class=\"elementor-section elementor-top-section elementor-element elementor-element-2c2ed1ff elementor-section-boxed elementor-section-height-default elementor-section-height-default\" data-id=\"2c2ed1ff\" data-element_type=\"section\" data-e-type=\"section\" data-settings=\"{&quot;background_background&quot;:&quot;classic&quot;}\">\n\t\t\t\t\t\t<div class=\"elementor-container elementor-column-gap-default\">\n\t\t\t\t\t<div class=\"elementor-column elementor-col-100 elementor-top-column elementor-element elementor-element-41bbd544\" data-id=\"41bbd544\" data-element_type=\"column\" data-e-type=\"column\">\n\t\t\t<div class=\"elementor-widget-wrap elementor-element-populated\">\n\t\t\t\t\t\t<div class=\"elementor-element elementor-element-79266265 elementor-widget elementor-widget-heading\" data-id=\"79266265\" data-element_type=\"widget\" data-e-type=\"widget\" data-widget_type=\"heading.default\">\n\t\t\t\t<div class=\"elementor-widget-container\">\n\t\t\t\t\t<h3 class=\"elementor-heading-title elementor-size-default\"><b>Productos<\/b><\/h3>\t\t\t\t<\/div>\n\t\t\t\t<\/div>\n\t\t\t\t\t<\/div>\n\t\t<\/div>\n\t\t\t\t\t<\/div>\n\t\t<\/section>\n\t\t\t\t<section class=\"elementor-section elementor-top-section elementor-element elementor-element-6081353 elementor-section-boxed elementor-section-height-default elementor-section-height-default\" data-id=\"6081353\" data-element_type=\"section\" data-e-type=\"section\" data-settings=\"{&quot;background_background&quot;:&quot;classic&quot;}\">\n\t\t\t\t\t\t<div class=\"elementor-container elementor-column-gap-default\">\n\t\t\t\t\t<div class=\"elementor-column elementor-col-50 elementor-top-column elementor-element elementor-element-63fa7ea\" data-id=\"63fa7ea\" data-element_type=\"column\" data-e-type=\"column\">\n\t\t\t<div class=\"elementor-widget-wrap\">\n\t\t\t\t\t\t\t<\/div>\n\t\t<\/div>\n\t\t\t\t<div class=\"elementor-column elementor-col-50 elementor-top-column elementor-element elementor-element-74701cf\" data-id=\"74701cf\" data-element_type=\"column\" data-e-type=\"column\" data-settings=\"{&quot;background_background&quot;:&quot;classic&quot;}\">\n\t\t\t<div class=\"elementor-widget-wrap elementor-element-populated\">\n\t\t\t\t\t<div class=\"elementor-background-overlay\"><\/div>\n\t\t\t\t\t\t<div class=\"elementor-element elementor-element-6715411 category-press-releases elementor-widget elementor-widget-shortcode\" data-id=\"6715411\" data-element_type=\"widget\" data-e-type=\"widget\" data-widget_type=\"shortcode.default\">\n\t\t\t\t<div class=\"elementor-widget-container\">\n\t\t\t\t\t\t\t<div class=\"elementor-shortcode\"><a name='name_directory_position3'><\/a><h3 class='name_directory_title'><\/h3><div class=\"name_directory_index\"><a class=\"name_directory_startswith\" href=\"https:\/\/knighttx.com\/CO\/productos\/?dir=3&name_directory_startswith=#name_directory_position3\">All<\/a> | <a class=\"name_directory_startswith  name_directory_empty\" href=\"https:\/\/knighttx.com\/CO\/productos\/?dir=3&name_directory_startswith=%23#name_directory_position3\">#<\/a>  <a class=\"name_directory_startswith  name_directory_empty\" href=\"https:\/\/knighttx.com\/CO\/productos\/?dir=3&name_directory_startswith=A#name_directory_position3\">A<\/a>  <a class=\"name_directory_startswith \" href=\"https:\/\/knighttx.com\/CO\/productos\/?dir=3&name_directory_startswith=B#name_directory_position3\">B<\/a>  <a class=\"name_directory_startswith \" href=\"https:\/\/knighttx.com\/CO\/productos\/?dir=3&name_directory_startswith=C#name_directory_position3\">C<\/a>  <a class=\"name_directory_startswith  name_directory_empty\" href=\"https:\/\/knighttx.com\/CO\/productos\/?dir=3&name_directory_startswith=D#name_directory_position3\">D<\/a>  <a class=\"name_directory_startswith \" href=\"https:\/\/knighttx.com\/CO\/productos\/?dir=3&name_directory_startswith=E#name_directory_position3\">E<\/a>  <a class=\"name_directory_startswith  name_directory_empty\" href=\"https:\/\/knighttx.com\/CO\/productos\/?dir=3&name_directory_startswith=F#name_directory_position3\">F<\/a>  <a class=\"name_directory_startswith  name_directory_empty\" href=\"https:\/\/knighttx.com\/CO\/productos\/?dir=3&name_directory_startswith=G#name_directory_position3\">G<\/a>  <a class=\"name_directory_startswith \" href=\"https:\/\/knighttx.com\/CO\/productos\/?dir=3&name_directory_startswith=H#name_directory_position3\">H<\/a>  <a class=\"name_directory_startswith \" href=\"https:\/\/knighttx.com\/CO\/productos\/?dir=3&name_directory_startswith=I#name_directory_position3\">I<\/a>  <a class=\"name_directory_startswith  name_directory_empty\" href=\"https:\/\/knighttx.com\/CO\/productos\/?dir=3&name_directory_startswith=J#name_directory_position3\">J<\/a>  <a class=\"name_directory_startswith  name_directory_empty\" href=\"https:\/\/knighttx.com\/CO\/productos\/?dir=3&name_directory_startswith=K#name_directory_position3\">K<\/a>  <a class=\"name_directory_startswith \" href=\"https:\/\/knighttx.com\/CO\/productos\/?dir=3&name_directory_startswith=L#name_directory_position3\">L<\/a>  <a class=\"name_directory_startswith  name_directory_empty\" href=\"https:\/\/knighttx.com\/CO\/productos\/?dir=3&name_directory_startswith=M#name_directory_position3\">M<\/a>  <a class=\"name_directory_startswith  name_directory_empty\" href=\"https:\/\/knighttx.com\/CO\/productos\/?dir=3&name_directory_startswith=N#name_directory_position3\">N<\/a>  <a class=\"name_directory_startswith  name_directory_empty\" href=\"https:\/\/knighttx.com\/CO\/productos\/?dir=3&name_directory_startswith=O#name_directory_position3\">O<\/a>  <a class=\"name_directory_startswith  name_directory_empty\" href=\"https:\/\/knighttx.com\/CO\/productos\/?dir=3&name_directory_startswith=P#name_directory_position3\">P<\/a>  <a class=\"name_directory_startswith  name_directory_empty\" href=\"https:\/\/knighttx.com\/CO\/productos\/?dir=3&name_directory_startswith=Q#name_directory_position3\">Q<\/a>  <a class=\"name_directory_startswith \" href=\"https:\/\/knighttx.com\/CO\/productos\/?dir=3&name_directory_startswith=R#name_directory_position3\">R<\/a>  <a class=\"name_directory_startswith \" href=\"https:\/\/knighttx.com\/CO\/productos\/?dir=3&name_directory_startswith=S#name_directory_position3\">S<\/a>  <a class=\"name_directory_startswith  name_directory_empty\" href=\"https:\/\/knighttx.com\/CO\/productos\/?dir=3&name_directory_startswith=T#name_directory_position3\">T<\/a>  <a class=\"name_directory_startswith  name_directory_empty\" href=\"https:\/\/knighttx.com\/CO\/productos\/?dir=3&name_directory_startswith=U#name_directory_position3\">U<\/a>  <a class=\"name_directory_startswith  name_directory_empty\" href=\"https:\/\/knighttx.com\/CO\/productos\/?dir=3&name_directory_startswith=V#name_directory_position3\">V<\/a>  <a class=\"name_directory_startswith  name_directory_empty\" href=\"https:\/\/knighttx.com\/CO\/productos\/?dir=3&name_directory_startswith=W#name_directory_position3\">W<\/a>  <a class=\"name_directory_startswith  name_directory_empty\" href=\"https:\/\/knighttx.com\/CO\/productos\/?dir=3&name_directory_startswith=X#name_directory_position3\">X<\/a>  <a class=\"name_directory_startswith  name_directory_empty\" href=\"https:\/\/knighttx.com\/CO\/productos\/?dir=3&name_directory_startswith=Y#name_directory_position3\">Y<\/a>  <a class=\"name_directory_startswith \" href=\"https:\/\/knighttx.com\/CO\/productos\/?dir=3&name_directory_startswith=Z#name_directory_position3\">Z<\/a> <br \/><form role='search' method='get' action='#name_directory_position3'><input type='search' autocomplete='off' aria-description='Directory names below will match your searchcriteria after submit' name='name-directory-search-value' id='name-directory-search-input-box' placeholder='Search for...' \/><input type='hidden' name='dir' value='3' \/><input type='submit' id='name-directory-search-input-button' value='Search' \/><\/form><\/div><div class=\"name_directory_total\">There are currently 15 productos in this directory.<\/div><div class=\"name_directory_names\"><div class=\"name_directory_column name_directory_nr1\"><div class=\"name_directory_name_box\"><a name=\"namedirectory_Budenofalk-Budesonida\"><\/a><strong role=\"term\">Budenofalk \u00ae - Budesonida<\/strong><br><div role=\"definition\">Espuma Rectal \u00a02mg<\/div><\/div><hr \/><div class=\"name_directory_name_box\"><a name=\"namedirectory_Budenofalk-Budesonida\"><\/a><strong role=\"term\">Budenofalk \u00ae - Budesonida<\/strong><br><div role=\"definition\">C\u00e1psula dura 3 mg<\/div><\/div><hr \/><div class=\"name_directory_name_box\"><a name=\"namedirectory_Cresemba-Isavuconazol\"><\/a><strong role=\"term\">Cresemba \u00ae - Isavuconazol<\/strong><br><div role=\"definition\">Polvo est\u00e9ril para reconstituir a soluci\u00f3n inyectable 200 mg<\/div><\/div><hr \/><div class=\"name_directory_name_box\"><a name=\"namedirectory_Cresemba-Isavuconazolsulfato\"><\/a><strong role=\"term\">Cresemba \u00ae - Isavuconazol sulfato<\/strong><br><div role=\"definition\">C\u00e1psula dura 100 mg<\/div><\/div><hr \/><div class=\"name_directory_name_box\"><a name=\"namedirectory_Exelon-Rivastigminabase\"><\/a><strong role=\"term\">Exelon\u00ae - Rivastigmina base<\/strong><br><div role=\"definition\">Sistema terap\u00e9utico transd\u00e9rmico 9 mg, 18 mg, 27mg<\/div><\/div><hr \/><div class=\"name_directory_name_box\"><a name=\"namedirectory_Exelon-RivastigminatartratodeHidrogeno\"><\/a><strong role=\"term\">Exelon\u00ae - Rivastigmina tartrato de Hidrogeno<\/strong><br><div role=\"definition\">Capsulas duras 1,5 mg; 3,0 mg; 4,5 mg;\u00a0 6.0 mg<\/div><\/div><hr \/><div class=\"name_directory_name_box\"><a name=\"namedirectory_Halaven-MesilatoEribulina\"><\/a><strong role=\"term\">Halaven \u00ae - Mesilato Eribulina<\/strong><br><div role=\"definition\">Soluci\u00f3n inyectable 0,44 mg<\/div><\/div><hr \/><div class=\"name_directory_name_box\"><a name=\"namedirectory_Inovelon-Rufinamida\"><\/a><strong role=\"term\">Inovelon \u00ae - Rufinamida<\/strong><br><div role=\"definition\">Tableta recubierta 200 mg, 400 mg<\/div><\/div><hr \/><div class=\"name_directory_name_box\"><a name=\"namedirectory_Ladevina-Lenalidomida\"><\/a><strong role=\"term\">Ladevina \u00ae - Lenalidomida<\/strong><br><div role=\"definition\">C\u00e1psulas duras 5 mg, 10 mg, 15 mg, 25 mg<\/div><\/div><hr \/><div class=\"name_directory_name_box\"><a name=\"namedirectory_Lenvima-Lenvatinib\"><\/a><strong role=\"term\">Lenvima \u00ae - Lenvatinib<\/strong><br><div role=\"definition\">C\u00e1psula dura 4 mg, 10 mg<\/div><\/div><hr \/><div class=\"name_directory_name_box\"><a name=\"namedirectory_Rembre-Dasatinib\"><\/a><strong role=\"term\">Rembre \u00ae - Dasatinib<\/strong><br><div role=\"definition\">Tabletas recubiertas 50 mg, 70 mg, 100 mg<\/div><\/div><hr \/><div class=\"name_directory_name_box\"><a name=\"namedirectory_Salofalk-Mesalazina\"><\/a><strong role=\"term\">Salofalk \u00ae - Mesalazina<\/strong><br><div role=\"definition\">Supositorios 500 mg<\/div><\/div><hr \/><div class=\"name_directory_name_box\"><a name=\"namedirectory_Salofalk-Mesalazina\"><\/a><strong role=\"term\">Salofalk \u00ae - Mesalazina<\/strong><br><div role=\"definition\">Suspensi\u00f3n rectal 4g\/60g<\/div><\/div><hr \/><div class=\"name_directory_name_box\"><a name=\"namedirectory_Salofalk-Mesalazina\"><\/a><strong role=\"term\">Salofalk \u00ae - Mesalazina<\/strong><br><div role=\"definition\">Gr\u00e1nulos de liberacion prolongada 1000 mg, 1500 mg, 3000 mg<\/div><\/div><hr \/><div class=\"name_directory_name_box\"><a name=\"namedirectory_Zyvalix-Abiraterona\"><\/a><strong role=\"term\">Zyvalix \u00ae - Abiraterona<\/strong><br><div role=\"definition\">Tableta 250 mg<\/div><\/div><\/div><\/div><style>\r\n        .name_directory_readmore_state ~ .name_directory_readmore_trigger:before {\r\n            content: '... Show more';\r\n        }\r\n       \r\n        .name_directory_readmore_state:checked ~ .name_directory_readmore_trigger:before {\r\n            content: 'Show less';\r\n        }\r\n        <\/style><\/div>\n\t\t\t\t\t\t<\/div>\n\t\t\t\t<\/div>\n\t\t\t\t<div class=\"elementor-element elementor-element-382f859 elementor-widget elementor-widget-text-editor\" data-id=\"382f859\" data-element_type=\"widget\" data-e-type=\"widget\" data-widget_type=\"text-editor.default\">\n\t\t\t\t<div class=\"elementor-widget-container\">\n\t\t\t\t\t\t\t\t\t<p><small>\u00a9Biotoscana Farma S.A. Todos los derechos reservados. Prohibida su reproducci\u00f3n total o parcial sin autorizaci\u00f3n del titular.<\/small><\/p><p><small>La informaci\u00f3n presentada es desarrollada con un prop\u00f3sito informativo y no debe ser utilizada para realizar diagn\u00f3sticos o definir el tratamiento para alguna condici\u00f3n m\u00e9dica. Recuerde siempre consultar sus inquietudes con su m\u00e9dico tratante.<\/small><\/p>\t\t\t\t\t\t\t\t<\/div>\n\t\t\t\t<\/div>\n\t\t\t\t\t<\/div>\n\t\t<\/div>\n\t\t\t\t\t<\/div>\n\t\t<\/section>\n\t\t\t\t<\/div>\n\t\t","protected":false},"excerpt":{"rendered":"<p>Productos \u00a9Biotoscana Farma S.A. Todos los derechos reservados. Prohibida su reproducci\u00f3n total o parcial sin autorizaci\u00f3n del titular. La informaci\u00f3n presentada es desarrollada con un prop\u00f3sito informativo y no debe ser utilizada para realizar diagn\u00f3sticos o definir el tratamiento para alguna condici\u00f3n m\u00e9dica. Recuerde siempre consultar sus inquietudes con su m\u00e9dico tratante.<\/p>\n","protected":false},"author":1,"featured_media":0,"parent":0,"menu_order":0,"comment_status":"closed","ping_status":"closed","template":"elementor_header_footer","meta":{"footnotes":""},"class_list":["post-8","page","type-page","status-publish","hentry"],"_links":{"self":[{"href":"https:\/\/knighttx.com\/CO\/wp-json\/wp\/v2\/pages\/8","targetHints":{"allow":["GET"]}}],"collection":[{"href":"https:\/\/knighttx.com\/CO\/wp-json\/wp\/v2\/pages"}],"about":[{"href":"https:\/\/knighttx.com\/CO\/wp-json\/wp\/v2\/types\/page"}],"author":[{"embeddable":true,"href":"https:\/\/knighttx.com\/CO\/wp-json\/wp\/v2\/users\/1"}],"replies":[{"embeddable":true,"href":"https:\/\/knighttx.com\/CO\/wp-json\/wp\/v2\/comments?post=8"}],"version-history":[{"count":141,"href":"https:\/\/knighttx.com\/CO\/wp-json\/wp\/v2\/pages\/8\/revisions"}],"predecessor-version":[{"id":3603,"href":"https:\/\/knighttx.com\/CO\/wp-json\/wp\/v2\/pages\/8\/revisions\/3603"}],"wp:attachment":[{"href":"https:\/\/knighttx.com\/CO\/wp-json\/wp\/v2\/media?parent=8"}],"curies":[{"name":"wp","href":"https:\/\/api.w.org\/{rel}","templated":true}]}}