{"id":8,"date":"2022-11-22T21:22:28","date_gmt":"2022-11-23T01:22:28","guid":{"rendered":"https:\/\/knighttx.com\/?page_id=8"},"modified":"2023-11-24T16:52:39","modified_gmt":"2023-11-24T20:52:39","slug":"productos","status":"publish","type":"page","link":"https:\/\/knighttx.com\/EC\/productos\/","title":{"rendered":"Productos"},"content":{"rendered":"\t\t<div data-elementor-type=\"wp-post\" data-elementor-id=\"8\" class=\"elementor elementor-8\">\n\t\t\t\t\t\t<section class=\"elementor-section elementor-top-section elementor-element elementor-element-5d1e673a elementor-section-content-top elementor-section-boxed elementor-section-height-default elementor-section-height-default\" data-id=\"5d1e673a\" data-element_type=\"section\" data-settings=\"{&quot;background_background&quot;:&quot;classic&quot;}\">\n\t\t\t\t\t\t<div class=\"elementor-container elementor-column-gap-no\">\n\t\t\t\t\t<div class=\"elementor-column elementor-col-100 elementor-top-column elementor-element elementor-element-1131511d\" data-id=\"1131511d\" data-element_type=\"column\">\n\t\t\t<div class=\"elementor-widget-wrap elementor-element-populated\">\n\t\t\t\t\t\t<div class=\"elementor-element elementor-element-55024cc2 elementor-widget__width-initial animated-fast elementor-invisible elementor-widget elementor-widget-image\" data-id=\"55024cc2\" data-element_type=\"widget\" data-settings=\"{&quot;_animation&quot;:&quot;fadeInRight&quot;}\" data-widget_type=\"image.default\">\n\t\t\t\t<div class=\"elementor-widget-container\">\n\t\t\t<style>\/*! elementor - v3.23.0 - 05-08-2024 *\/\n.elementor-widget-image{text-align:center}.elementor-widget-image a{display:inline-block}.elementor-widget-image a img[src$=\".svg\"]{width:48px}.elementor-widget-image img{vertical-align:middle;display:inline-block}<\/style>\t\t\t\t\t\t\t\t\t\t<img fetchpriority=\"high\" decoding=\"async\" width=\"1658\" height=\"145\" src=\"https:\/\/knighttx.com\/EC\/wp-content\/uploads\/2022\/11\/Topo-partnering.png\" class=\"attachment-full size-full wp-image-533\" alt=\"\" srcset=\"https:\/\/knighttx.com\/EC\/wp-content\/uploads\/2022\/11\/Topo-partnering.png 1658w, https:\/\/knighttx.com\/EC\/wp-content\/uploads\/2022\/11\/Topo-partnering-300x26.png 300w, https:\/\/knighttx.com\/EC\/wp-content\/uploads\/2022\/11\/Topo-partnering-1024x90.png 1024w, https:\/\/knighttx.com\/EC\/wp-content\/uploads\/2022\/11\/Topo-partnering-768x67.png 768w, https:\/\/knighttx.com\/EC\/wp-content\/uploads\/2022\/11\/Topo-partnering-1536x134.png 1536w\" sizes=\"(max-width: 1658px) 100vw, 1658px\" \/>\t\t\t\t\t\t\t\t\t\t\t\t\t<\/div>\n\t\t\t\t<\/div>\n\t\t\t\t\t<\/div>\n\t\t<\/div>\n\t\t\t\t\t<\/div>\n\t\t<\/section>\n\t\t\t\t<section class=\"elementor-section elementor-top-section elementor-element elementor-element-2c2ed1ff elementor-section-boxed elementor-section-height-default elementor-section-height-default\" data-id=\"2c2ed1ff\" data-element_type=\"section\" data-settings=\"{&quot;background_background&quot;:&quot;classic&quot;}\">\n\t\t\t\t\t\t<div class=\"elementor-container elementor-column-gap-default\">\n\t\t\t\t\t<div class=\"elementor-column elementor-col-100 elementor-top-column elementor-element elementor-element-41bbd544\" data-id=\"41bbd544\" data-element_type=\"column\">\n\t\t\t<div class=\"elementor-widget-wrap elementor-element-populated\">\n\t\t\t\t\t\t<div class=\"elementor-element elementor-element-79266265 elementor-widget elementor-widget-heading\" data-id=\"79266265\" data-element_type=\"widget\" data-widget_type=\"heading.default\">\n\t\t\t\t<div class=\"elementor-widget-container\">\n\t\t\t<style>\/*! elementor - v3.23.0 - 05-08-2024 *\/\n.elementor-heading-title{padding:0;margin:0;line-height:1}.elementor-widget-heading .elementor-heading-title[class*=elementor-size-]>a{color:inherit;font-size:inherit;line-height:inherit}.elementor-widget-heading .elementor-heading-title.elementor-size-small{font-size:15px}.elementor-widget-heading .elementor-heading-title.elementor-size-medium{font-size:19px}.elementor-widget-heading .elementor-heading-title.elementor-size-large{font-size:29px}.elementor-widget-heading .elementor-heading-title.elementor-size-xl{font-size:39px}.elementor-widget-heading .elementor-heading-title.elementor-size-xxl{font-size:59px}<\/style><h3 class=\"elementor-heading-title elementor-size-default\"><b>Productos<\/b><\/h3>\t\t<\/div>\n\t\t\t\t<\/div>\n\t\t\t\t\t<\/div>\n\t\t<\/div>\n\t\t\t\t\t<\/div>\n\t\t<\/section>\n\t\t\t\t<section class=\"elementor-section elementor-top-section elementor-element elementor-element-6081353 elementor-section-boxed elementor-section-height-default elementor-section-height-default\" data-id=\"6081353\" data-element_type=\"section\" data-settings=\"{&quot;background_background&quot;:&quot;classic&quot;}\">\n\t\t\t\t\t\t<div class=\"elementor-container elementor-column-gap-default\">\n\t\t\t\t\t<div class=\"elementor-column elementor-col-50 elementor-top-column elementor-element elementor-element-63fa7ea\" data-id=\"63fa7ea\" data-element_type=\"column\">\n\t\t\t<div class=\"elementor-widget-wrap\">\n\t\t\t\t\t\t\t<\/div>\n\t\t<\/div>\n\t\t\t\t<div class=\"elementor-column elementor-col-50 elementor-top-column elementor-element elementor-element-74701cf\" data-id=\"74701cf\" data-element_type=\"column\" data-settings=\"{&quot;background_background&quot;:&quot;classic&quot;}\">\n\t\t\t<div class=\"elementor-widget-wrap elementor-element-populated\">\n\t\t\t\t\t<div class=\"elementor-background-overlay\"><\/div>\n\t\t\t\t\t\t<div class=\"elementor-element elementor-element-6715411 category-press-releases elementor-widget elementor-widget-shortcode\" data-id=\"6715411\" data-element_type=\"widget\" data-widget_type=\"shortcode.default\">\n\t\t\t\t<div class=\"elementor-widget-container\">\n\t\t\t\t\t<div class=\"elementor-shortcode\"><a name='name_directory_position5'><\/a><h3 class='name_directory_title'><\/h3><div class=\"name_directory_index\"><a class=\"name_directory_startswith\" href=\"https:\/\/knighttx.com\/EC\/productos\/?dir=5&name_directory_startswith=#name_directory_position5\">All<\/a> | <a class=\"name_directory_startswith  name_directory_empty\" href=\"https:\/\/knighttx.com\/EC\/productos\/?dir=5&name_directory_startswith=%23#name_directory_position5\">#<\/a>  <a class=\"name_directory_startswith  name_directory_empty\" href=\"https:\/\/knighttx.com\/EC\/productos\/?dir=5&name_directory_startswith=A#name_directory_position5\">A<\/a>  <a class=\"name_directory_startswith \" href=\"https:\/\/knighttx.com\/EC\/productos\/?dir=5&name_directory_startswith=B#name_directory_position5\">B<\/a>  <a class=\"name_directory_startswith  name_directory_empty\" href=\"https:\/\/knighttx.com\/EC\/productos\/?dir=5&name_directory_startswith=C#name_directory_position5\">C<\/a>  <a class=\"name_directory_startswith  name_directory_empty\" href=\"https:\/\/knighttx.com\/EC\/productos\/?dir=5&name_directory_startswith=D#name_directory_position5\">D<\/a>  <a class=\"name_directory_startswith \" href=\"https:\/\/knighttx.com\/EC\/productos\/?dir=5&name_directory_startswith=E#name_directory_position5\">E<\/a>  <a class=\"name_directory_startswith \" href=\"https:\/\/knighttx.com\/EC\/productos\/?dir=5&name_directory_startswith=F#name_directory_position5\">F<\/a>  <a class=\"name_directory_startswith  name_directory_empty\" href=\"https:\/\/knighttx.com\/EC\/productos\/?dir=5&name_directory_startswith=G#name_directory_position5\">G<\/a>  <a class=\"name_directory_startswith \" href=\"https:\/\/knighttx.com\/EC\/productos\/?dir=5&name_directory_startswith=H#name_directory_position5\">H<\/a>  <a class=\"name_directory_startswith \" href=\"https:\/\/knighttx.com\/EC\/productos\/?dir=5&name_directory_startswith=I#name_directory_position5\">I<\/a>  <a class=\"name_directory_startswith  name_directory_empty\" href=\"https:\/\/knighttx.com\/EC\/productos\/?dir=5&name_directory_startswith=J#name_directory_position5\">J<\/a>  <a class=\"name_directory_startswith  name_directory_empty\" href=\"https:\/\/knighttx.com\/EC\/productos\/?dir=5&name_directory_startswith=K#name_directory_position5\">K<\/a>  <a class=\"name_directory_startswith \" href=\"https:\/\/knighttx.com\/EC\/productos\/?dir=5&name_directory_startswith=L#name_directory_position5\">L<\/a>  <a class=\"name_directory_startswith  name_directory_empty\" href=\"https:\/\/knighttx.com\/EC\/productos\/?dir=5&name_directory_startswith=M#name_directory_position5\">M<\/a>  <a class=\"name_directory_startswith  name_directory_empty\" href=\"https:\/\/knighttx.com\/EC\/productos\/?dir=5&name_directory_startswith=N#name_directory_position5\">N<\/a>  <a class=\"name_directory_startswith  name_directory_empty\" href=\"https:\/\/knighttx.com\/EC\/productos\/?dir=5&name_directory_startswith=O#name_directory_position5\">O<\/a>  <a class=\"name_directory_startswith  name_directory_empty\" href=\"https:\/\/knighttx.com\/EC\/productos\/?dir=5&name_directory_startswith=P#name_directory_position5\">P<\/a>  <a class=\"name_directory_startswith  name_directory_empty\" href=\"https:\/\/knighttx.com\/EC\/productos\/?dir=5&name_directory_startswith=Q#name_directory_position5\">Q<\/a>  <a class=\"name_directory_startswith  name_directory_empty\" href=\"https:\/\/knighttx.com\/EC\/productos\/?dir=5&name_directory_startswith=R#name_directory_position5\">R<\/a>  <a class=\"name_directory_startswith  name_directory_empty\" href=\"https:\/\/knighttx.com\/EC\/productos\/?dir=5&name_directory_startswith=S#name_directory_position5\">S<\/a>  <a class=\"name_directory_startswith \" href=\"https:\/\/knighttx.com\/EC\/productos\/?dir=5&name_directory_startswith=T#name_directory_position5\">T<\/a>  <a class=\"name_directory_startswith  name_directory_empty\" href=\"https:\/\/knighttx.com\/EC\/productos\/?dir=5&name_directory_startswith=U#name_directory_position5\">U<\/a>  <a class=\"name_directory_startswith  name_directory_empty\" href=\"https:\/\/knighttx.com\/EC\/productos\/?dir=5&name_directory_startswith=V#name_directory_position5\">V<\/a>  <a class=\"name_directory_startswith  name_directory_empty\" href=\"https:\/\/knighttx.com\/EC\/productos\/?dir=5&name_directory_startswith=W#name_directory_position5\">W<\/a>  <a class=\"name_directory_startswith  name_directory_empty\" href=\"https:\/\/knighttx.com\/EC\/productos\/?dir=5&name_directory_startswith=X#name_directory_position5\">X<\/a>  <a class=\"name_directory_startswith  name_directory_empty\" href=\"https:\/\/knighttx.com\/EC\/productos\/?dir=5&name_directory_startswith=Y#name_directory_position5\">Y<\/a>  <a class=\"name_directory_startswith  name_directory_empty\" href=\"https:\/\/knighttx.com\/EC\/productos\/?dir=5&name_directory_startswith=Z#name_directory_position5\">Z<\/a> <br \/><form role='search' method='get' action='#name_directory_position5'><input type='search' autocomplete='off' aria-description='Directory names below will match your searchcriteria after submit' name='name-directory-search-value' id='name-directory-search-input-box' placeholder='Search for...' \/><input type='hidden' name='dir' value='5' \/><input type='submit' id='name-directory-search-input-button' value='Search' \/><\/form><\/div><div class=\"name_directory_total\">There are currently 15 names in this directory<\/div><div class=\"name_directory_names\"><div class=\"name_directory_column name_directory_nr1\"><div class=\"name_directory_name_box\"><a name=\"namedirectory_Bleocris15-Bleomicina\"><\/a><strong role=\"term\">Bleocris 15 \u00ae - Bleomicina<\/strong><br><div role=\"definition\">Inyectable liofilizado 15 ul <\/br><a href=\"http:\/\/knighttx.com\/EC\/prospectos\/BLEOCRIS.pdf\" target=\"_blank\">Prospecto<\/a><\/div><\/div><hr \/><div class=\"name_directory_name_box\"><a name=\"namedirectory_Bozob-Bortezomib\"><\/a><strong role=\"term\">Bozob \u00ae - Bortezomib<\/strong><br><div role=\"definition\">Polvo Liofilizado para inyectable 3.5 mg<br \/>\r\n<a href=\"http:\/\/knighttx.com\/EC\/prospectos\/BOZOB.pdf\" target=\"_blank\" rel=\"noopener\">Prospecto<\/a><\/div><\/div><hr \/><div class=\"name_directory_name_box\"><a name=\"namedirectory_Exelon-Rivastigminabase\"><\/a><strong role=\"term\">Exelon\u00ae - Rivastigmina base<\/strong><br><div role=\"definition\">Parche transd\u00e9rmico 9-18-27 mg<br \/>\r\n<a href=\"http:\/\/knighttx.com\/EC\/prospectos\/Exelon.pdf\" target=\"_blank\" rel=\"noopener\">Prospecto<\/a><\/div><\/div><hr \/><div class=\"name_directory_name_box\"><a name=\"namedirectory_FIBRIDONER-Pirfenidona\"><\/a><strong role=\"term\">FIBRIDONER\u00ae - Pirfenidona<\/strong><br><div role=\"definition\">Comprimidos recubiertos 200 mg<br \/>\r\n<a href=\"http:\/\/knighttx.com\/EC\/prospectos\/FIBRIDONER.pdf\" target=\"_blank\" rel=\"noopener\">Prospecto<\/a><\/div><\/div><hr \/><div class=\"name_directory_name_box\"><a name=\"namedirectory_Halaven-MesilatodeEribulina\"><\/a><strong role=\"term\">Halaven\u00ae- Mesilato de Eribulina<\/strong><br><div role=\"definition\">Soluci\u00f3n inyectable 0.44 mg\/ml <\/br><a href=\"http:\/\/knighttx.com\/EC\/prospectos\/Halaven.pdf\" target=\"_blank\">Prospecto<\/a><\/div><\/div><hr \/><div class=\"name_directory_name_box\"><a name=\"namedirectory_Itoxaril100-IrinotecanClorhidratoTrihidrato\"><\/a><strong role=\"term\">Itoxaril 100\u00ae - Irinotecan Clorhidrato Trihidrato<\/strong><br><div role=\"definition\">Soluci\u00f3n inyectable 100 mg <\/br><a href=\"http:\/\/knighttx.com\/EC\/prospectos\/ITOXARIL.pdf\" target=\"_blank\">Prospecto<\/a><\/div><\/div><hr \/><div class=\"name_directory_name_box\"><a name=\"namedirectory_Ladevina10-Lenalidomida\"><\/a><strong role=\"term\">Ladevina 10\u00ae - Lenalidomida<\/strong><br><div role=\"definition\">C\u00e1psulas duras 10 mg <\/br><a href=\"http:\/\/knighttx.com\/EC\/prospectos\/LADEVINA-10.pdf\" target=\"_blank\">Prospecto<\/a><\/div><\/div><hr \/><div class=\"name_directory_name_box\"><a name=\"namedirectory_Ladevina15-Lenalidomida\"><\/a><strong role=\"term\">Ladevina 15\u00ae - Lenalidomida<\/strong><br><div role=\"definition\">C\u00e1psulas duras 15 mg <\/br><a href=\"http:\/\/knighttx.com\/EC\/prospectos\/LADEVINA-15.pdf\" target=\"_blank\">Prospecto<\/a><\/div><\/div><hr \/><div class=\"name_directory_name_box\"><a name=\"namedirectory_Ladevina25-Lenalidomida\"><\/a><strong role=\"term\">Ladevina 25\u00ae - Lenalidomida<\/strong><br><div role=\"definition\">C\u00e1psulas duras 25 mg <\/br><a href=\"http:\/\/knighttx.com\/EC\/prospectos\/LADEVINA-25.pdf\" target=\"_blank\">Prospecto<\/a><\/div><\/div><hr \/><div class=\"name_directory_name_box\"><a name=\"namedirectory_Ladevina5-Lenalidomida\"><\/a><strong role=\"term\">Ladevina 5\u00ae - Lenalidomida<\/strong><br><div role=\"definition\">C\u00e1psulas duras 5 mg <\/br><a href=\"http:\/\/knighttx.com\/EC\/prospectos\/LADEVINA-5.pdf\" target=\"_blank\">Prospecto<\/a><\/div><\/div><hr \/><div class=\"name_directory_name_box\"><a name=\"namedirectory_Lenvima10mg-Lenvatinib\"><\/a><strong role=\"term\">Lenvima 10 mg\u00ae - Lenvatinib<\/strong><br><div role=\"definition\">C\u00e1psulas duras 10 mg <\/br><a href=\"http:\/\/knighttx.com\/EC\/prospectos\/LENVIMA-10.pdf\" target=\"_blank\">Prospecto<\/a><\/div><\/div><hr \/><div class=\"name_directory_name_box\"><a name=\"namedirectory_Lenvima4mg-Lenvatinib\"><\/a><strong role=\"term\">Lenvima 4 mg\u00ae - Lenvatinib<\/strong><br><div role=\"definition\">C\u00e1psulas duras 4 mg <\/br><a href=\"http:\/\/knighttx.com\/EC\/prospectos\/LENVIMA-4.pdf\" target=\"_blank\">Prospecto<\/a><\/div><\/div><hr \/><div class=\"name_directory_name_box\"><a name=\"namedirectory_Leprid75-LeuprolideAcetato\"><\/a><strong role=\"term\">Leprid 7.5\u00ae - Leuprolide Acetato<\/strong><br><div role=\"definition\">Inyectable liofilizado 7.5 mg<br \/>\r\n<a href=\"http:\/\/knighttx.com\/EC\/prospectos\/LEPRID.pdf\" target=\"_blank\" rel=\"noopener\">Prospecto<\/a><\/div><\/div><hr \/><div class=\"name_directory_name_box\"><a name=\"namedirectory_TOBRADOSAHALER-Tobramicina\"><\/a><strong role=\"term\">TOBRADOSA HALER - Tobramicina<\/strong><br><div role=\"definition\">SOLUCION PARA INHALAR 300 mg 5 ml <\/br><a href=\"http:\/\/knighttx.com\/EC\/prospectos\/TOBRADOSA.pdf\" target=\"_blank\">Prospecto<\/a><\/div><\/div><hr \/><div class=\"name_directory_name_box\"><a name=\"namedirectory_TOLISCRIN1-ColistimetatoSodico\"><\/a><strong role=\"term\">TOLISCRIN 1\u00ae - Colistimetato Sodico<\/strong><br><div role=\"definition\">Polvo para reconstituir 1000000 Ul (77.4 mg) <\/br><a href=\"http:\/\/knighttx.com\/EC\/prospectos\/Toliscrin.pdf\" target=\"_blank\">Prospecto<\/a><\/div><\/div><\/div><\/div><style>\r\n        .name_directory_readmore_state ~ .name_directory_readmore_trigger:before {\r\n            content: '... Show more';\r\n        }\r\n       \r\n        .name_directory_readmore_state:checked ~ .name_directory_readmore_trigger:before {\r\n            content: 'Show less';\r\n        }\r\n        <\/style><\/div>\n\t\t\t\t<\/div>\n\t\t\t\t<\/div>\n\t\t\t\t<div class=\"elementor-element elementor-element-382f859 elementor-widget elementor-widget-text-editor\" data-id=\"382f859\" data-element_type=\"widget\" data-widget_type=\"text-editor.default\">\n\t\t\t\t<div class=\"elementor-widget-container\">\n\t\t\t<style>\/*! elementor - v3.23.0 - 05-08-2024 *\/\n.elementor-widget-text-editor.elementor-drop-cap-view-stacked .elementor-drop-cap{background-color:#69727d;color:#fff}.elementor-widget-text-editor.elementor-drop-cap-view-framed .elementor-drop-cap{color:#69727d;border:3px solid;background-color:transparent}.elementor-widget-text-editor:not(.elementor-drop-cap-view-default) .elementor-drop-cap{margin-top:8px}.elementor-widget-text-editor:not(.elementor-drop-cap-view-default) .elementor-drop-cap-letter{width:1em;height:1em}.elementor-widget-text-editor .elementor-drop-cap{float:left;text-align:center;line-height:1;font-size:50px}.elementor-widget-text-editor .elementor-drop-cap-letter{display:inline-block}<\/style>\t\t\t\t<p><small>\u00a9 Biotoscana Ecuador S.A. Todos los derechos reservados. Prohibida su reproducci\u00f3n total o parcial sin autorizaci\u00f3n del titular. <\/small><small>La informaci\u00f3n presentada es desarrollada con un prop\u00f3sito informativo y no debe ser utilizada para realizar diagn\u00f3sticos o definir el tratamiento para alguna condici\u00f3n m\u00e9dica. Recuerde siempre consultar sus inquietudes con su m\u00e9dico tratante.<\/small><\/p>\t\t\t\t\t\t<\/div>\n\t\t\t\t<\/div>\n\t\t\t\t\t<\/div>\n\t\t<\/div>\n\t\t\t\t\t<\/div>\n\t\t<\/section>\n\t\t\t\t<\/div>\n\t\t","protected":false},"excerpt":{"rendered":"<p>Productos \u00a9 Biotoscana Ecuador S.A. Todos los derechos reservados. Prohibida su reproducci\u00f3n total o parcial sin autorizaci\u00f3n del titular. La informaci\u00f3n presentada es desarrollada con un prop\u00f3sito informativo y no debe ser utilizada para realizar diagn\u00f3sticos o definir el tratamiento para alguna condici\u00f3n m\u00e9dica. Recuerde siempre consultar sus inquietudes con su m\u00e9dico tratante.<\/p>\n","protected":false},"author":1,"featured_media":0,"parent":0,"menu_order":0,"comment_status":"closed","ping_status":"closed","template":"elementor_header_footer","meta":{"footnotes":""},"class_list":["post-8","page","type-page","status-publish","hentry"],"_links":{"self":[{"href":"https:\/\/knighttx.com\/EC\/wp-json\/wp\/v2\/pages\/8","targetHints":{"allow":["GET"]}}],"collection":[{"href":"https:\/\/knighttx.com\/EC\/wp-json\/wp\/v2\/pages"}],"about":[{"href":"https:\/\/knighttx.com\/EC\/wp-json\/wp\/v2\/types\/page"}],"author":[{"embeddable":true,"href":"https:\/\/knighttx.com\/EC\/wp-json\/wp\/v2\/users\/1"}],"replies":[{"embeddable":true,"href":"https:\/\/knighttx.com\/EC\/wp-json\/wp\/v2\/comments?post=8"}],"version-history":[{"count":162,"href":"https:\/\/knighttx.com\/EC\/wp-json\/wp\/v2\/pages\/8\/revisions"}],"predecessor-version":[{"id":3767,"href":"https:\/\/knighttx.com\/EC\/wp-json\/wp\/v2\/pages\/8\/revisions\/3767"}],"wp:attachment":[{"href":"https:\/\/knighttx.com\/EC\/wp-json\/wp\/v2\/media?parent=8"}],"curies":[{"name":"wp","href":"https:\/\/api.w.org\/{rel}","templated":true}]}}