{"id":3742,"date":"2023-12-04T16:44:53","date_gmt":"2023-12-04T20:44:53","guid":{"rendered":"https:\/\/knighttx.com\/PY\/?page_id=3742"},"modified":"2023-12-04T16:45:24","modified_gmt":"2023-12-04T20:45:24","slug":"linea-etica","status":"publish","type":"page","link":"https:\/\/knighttx.com\/PY\/linea-etica\/","title":{"rendered":"L\u00ednea \u00c9tica"},"content":{"rendered":"\t\t<div data-elementor-type=\"wp-page\" data-elementor-id=\"3742\" class=\"elementor elementor-3742\">\n\t\t\t\t\t\t<section class=\"elementor-section elementor-top-section elementor-element elementor-element-42495e8e elementor-section-content-top elementor-section-boxed elementor-section-height-default elementor-section-height-default\" data-id=\"42495e8e\" data-element_type=\"section\" data-e-type=\"section\" data-settings=\"{&quot;background_background&quot;:&quot;classic&quot;}\">\n\t\t\t\t\t\t<div class=\"elementor-container elementor-column-gap-no\">\n\t\t\t\t\t<div class=\"elementor-column elementor-col-100 elementor-top-column elementor-element elementor-element-5a09063d\" data-id=\"5a09063d\" data-element_type=\"column\" data-e-type=\"column\">\n\t\t\t<div class=\"elementor-widget-wrap elementor-element-populated\">\n\t\t\t\t\t\t<div class=\"elementor-element elementor-element-59f75443 elementor-widget__width-initial animated-fast elementor-invisible elementor-widget elementor-widget-image\" data-id=\"59f75443\" data-element_type=\"widget\" data-e-type=\"widget\" data-settings=\"{&quot;_animation&quot;:&quot;fadeInRight&quot;}\" data-widget_type=\"image.default\">\n\t\t\t\t<div class=\"elementor-widget-container\">\n\t\t\t\t\t\t\t\t\t\t\t\t\t\t\t<img fetchpriority=\"high\" decoding=\"async\" width=\"1658\" height=\"145\" src=\"https:\/\/knighttx.com\/PY\/wp-content\/uploads\/2023\/12\/Topo_investors.png\" class=\"attachment-full size-full wp-image-3744\" alt=\"\" srcset=\"https:\/\/knighttx.com\/PY\/wp-content\/uploads\/2023\/12\/Topo_investors.png 1658w, https:\/\/knighttx.com\/PY\/wp-content\/uploads\/2023\/12\/Topo_investors-300x26.png 300w, https:\/\/knighttx.com\/PY\/wp-content\/uploads\/2023\/12\/Topo_investors-1024x90.png 1024w, https:\/\/knighttx.com\/PY\/wp-content\/uploads\/2023\/12\/Topo_investors-768x67.png 768w, https:\/\/knighttx.com\/PY\/wp-content\/uploads\/2023\/12\/Topo_investors-1536x134.png 1536w\" sizes=\"(max-width: 1658px) 100vw, 1658px\" \/>\t\t\t\t\t\t\t\t\t\t\t\t\t\t\t<\/div>\n\t\t\t\t<\/div>\n\t\t\t\t\t<\/div>\n\t\t<\/div>\n\t\t\t\t\t<\/div>\n\t\t<\/section>\n\t\t\t\t<section class=\"elementor-section elementor-top-section elementor-element elementor-element-4641447e elementor-section-boxed elementor-section-height-default elementor-section-height-default\" data-id=\"4641447e\" data-element_type=\"section\" data-e-type=\"section\" data-settings=\"{&quot;background_background&quot;:&quot;classic&quot;}\">\n\t\t\t\t\t\t<div class=\"elementor-container elementor-column-gap-default\">\n\t\t\t\t\t<div class=\"elementor-column elementor-col-33 elementor-top-column elementor-element elementor-element-60ab6d56 elementor-hidden-tablet elementor-hidden-mobile\" data-id=\"60ab6d56\" data-element_type=\"column\" data-e-type=\"column\" data-settings=\"{&quot;background_background&quot;:&quot;classic&quot;}\">\n\t\t\t<div class=\"elementor-widget-wrap\">\n\t\t\t\t\t\t\t<\/div>\n\t\t<\/div>\n\t\t\t\t<div class=\"elementor-column elementor-col-66 elementor-top-column elementor-element elementor-element-6ae7d2e2\" data-id=\"6ae7d2e2\" data-element_type=\"column\" data-e-type=\"column\">\n\t\t\t<div class=\"elementor-widget-wrap elementor-element-populated\">\n\t\t\t\t\t\t<div class=\"elementor-element elementor-element-2948c20e elementor-widget elementor-widget-heading\" data-id=\"2948c20e\" data-element_type=\"widget\" data-e-type=\"widget\" data-widget_type=\"heading.default\">\n\t\t\t\t<div class=\"elementor-widget-container\">\n\t\t\t\t\t<h3 class=\"elementor-heading-title elementor-size-default\">L\u00ednea \u00c9tica<\/h3>\t\t\t\t<\/div>\n\t\t\t\t<\/div>\n\t\t\t\t<div class=\"elementor-element elementor-element-357c8551 elementor-widget elementor-widget-text-editor\" data-id=\"357c8551\" data-element_type=\"widget\" data-e-type=\"widget\" data-widget_type=\"text-editor.default\">\n\t\t\t\t<div class=\"elementor-widget-container\">\n\t\t\t\t\t\t\t\t\t<p>En Knight estamos comprometidos con la construcci\u00f3n de una cultura corporativa de transparencia e integridad, basada en el comportamiento \u00e9tico y el cumplimiento de la legalidad, esencial para el mantenimiento a largo plazo de nuestro negocio en un mercado competitivo.<\/p><p>\u00a0<\/p><p>Knight fomenta un entorno donde se puedan informar inquietudes sobre violaciones reales de nuestro C\u00f3digo \u00c9tico y de Conducta Empresarial.<\/p><p>\u00a0<\/p><p>La L\u00ednea \u00c9tica de Knight proporciona un medio para que los empleados, as\u00ed como el p\u00fablico en general, informen situaciones inusuales\/fuera de lo com\u00fan de forma confidencial e independiente a trav\u00e9s de NAVEX Global, Inc.<\/p><p>\u00a0<\/p><p>Las quejas pueden presentarse de forma an\u00f3nima, a trav\u00e9s de Internet o por tel\u00e9fono.<\/p><p>\u00a0<\/p><p>Visite<br \/><a href=\"https:\/\/knighttx.ethicspoint.com\/\">https:\/\/knighttx.ethicspoint.com<\/a><\/p>\t\t\t\t\t\t\t\t<\/div>\n\t\t\t\t<\/div>\n\t\t\t\t<div class=\"elementor-element elementor-element-4f53313a elementor-widget elementor-widget-spacer\" data-id=\"4f53313a\" data-element_type=\"widget\" data-e-type=\"widget\" data-widget_type=\"spacer.default\">\n\t\t\t\t<div class=\"elementor-widget-container\">\n\t\t\t\t\t\t\t<div class=\"elementor-spacer\">\n\t\t\t<div class=\"elementor-spacer-inner\"><\/div>\n\t\t<\/div>\n\t\t\t\t\t\t<\/div>\n\t\t\t\t<\/div>\n\t\t\t\t\t<\/div>\n\t\t<\/div>\n\t\t\t\t\t<\/div>\n\t\t<\/section>\n\t\t\t\t<\/div>\n\t\t","protected":false},"excerpt":{"rendered":"<p>L\u00ednea \u00c9tica En Knight estamos comprometidos con la construcci\u00f3n de una cultura corporativa de transparencia e integridad, basada en el comportamiento \u00e9tico y el cumplimiento de la legalidad, esencial para el mantenimiento a largo plazo de nuestro negocio en un mercado competitivo. \u00a0 Knight fomenta un entorno donde se puedan informar inquietudes sobre violaciones reales [&hellip;]<\/p>\n","protected":false},"author":1,"featured_media":0,"parent":0,"menu_order":0,"comment_status":"closed","ping_status":"closed","template":"","meta":{"footnotes":""},"class_list":["post-3742","page","type-page","status-publish","hentry"],"_links":{"self":[{"href":"https:\/\/knighttx.com\/PY\/wp-json\/wp\/v2\/pages\/3742","targetHints":{"allow":["GET"]}}],"collection":[{"href":"https:\/\/knighttx.com\/PY\/wp-json\/wp\/v2\/pages"}],"about":[{"href":"https:\/\/knighttx.com\/PY\/wp-json\/wp\/v2\/types\/page"}],"author":[{"embeddable":true,"href":"https:\/\/knighttx.com\/PY\/wp-json\/wp\/v2\/users\/1"}],"replies":[{"embeddable":true,"href":"https:\/\/knighttx.com\/PY\/wp-json\/wp\/v2\/comments?post=3742"}],"version-history":[{"count":4,"href":"https:\/\/knighttx.com\/PY\/wp-json\/wp\/v2\/pages\/3742\/revisions"}],"predecessor-version":[{"id":3749,"href":"https:\/\/knighttx.com\/PY\/wp-json\/wp\/v2\/pages\/3742\/revisions\/3749"}],"wp:attachment":[{"href":"https:\/\/knighttx.com\/PY\/wp-json\/wp\/v2\/media?parent=3742"}],"curies":[{"name":"wp","href":"https:\/\/api.w.org\/{rel}","templated":true}]}}