{"id":8,"date":"2022-11-22T21:22:28","date_gmt":"2022-11-23T01:22:28","guid":{"rendered":"https:\/\/knighttx.com\/?page_id=8"},"modified":"2023-11-08T10:17:11","modified_gmt":"2023-11-08T14:17:11","slug":"productos","status":"publish","type":"page","link":"https:\/\/knighttx.com\/PY\/productos\/","title":{"rendered":"Productos"},"content":{"rendered":"\t\t<div data-elementor-type=\"wp-post\" data-elementor-id=\"8\" class=\"elementor elementor-8\">\n\t\t\t\t\t\t\t\t\t<section class=\"elementor-section elementor-top-section elementor-element elementor-element-5d1e673a elementor-section-content-top elementor-section-boxed elementor-section-height-default elementor-section-height-default\" data-id=\"5d1e673a\" data-element_type=\"section\" data-settings=\"{&quot;background_background&quot;:&quot;classic&quot;}\">\n\t\t\t\t\t\t<div class=\"elementor-container elementor-column-gap-no\">\n\t\t\t\t\t<div class=\"elementor-column elementor-col-100 elementor-top-column elementor-element elementor-element-1131511d\" data-id=\"1131511d\" data-element_type=\"column\">\n\t\t\t<div class=\"elementor-widget-wrap elementor-element-populated\">\n\t\t\t\t\t\t\t\t<div class=\"elementor-element elementor-element-55024cc2 elementor-widget__width-initial animated-fast elementor-invisible elementor-widget elementor-widget-image\" data-id=\"55024cc2\" data-element_type=\"widget\" data-settings=\"{&quot;_animation&quot;:&quot;fadeInRight&quot;}\" data-widget_type=\"image.default\">\n\t\t\t\t<div class=\"elementor-widget-container\">\n\t\t\t<style>\/*! elementor - v3.10.0 - 09-01-2023 *\/\n.elementor-widget-image{text-align:center}.elementor-widget-image a{display:inline-block}.elementor-widget-image a img[src$=\".svg\"]{width:48px}.elementor-widget-image img{vertical-align:middle;display:inline-block}<\/style>\t\t\t\t\t\t\t\t\t\t\t\t<img loading=\"lazy\" decoding=\"async\" width=\"1658\" height=\"145\" src=\"https:\/\/knighttx.com\/PY\/wp-content\/uploads\/2022\/11\/Topo-partnering.png\" class=\"attachment-full size-full wp-image-533\" alt=\"\" srcset=\"https:\/\/knighttx.com\/PY\/wp-content\/uploads\/2022\/11\/Topo-partnering.png 1658w, https:\/\/knighttx.com\/PY\/wp-content\/uploads\/2022\/11\/Topo-partnering-300x26.png 300w, https:\/\/knighttx.com\/PY\/wp-content\/uploads\/2022\/11\/Topo-partnering-1024x90.png 1024w, https:\/\/knighttx.com\/PY\/wp-content\/uploads\/2022\/11\/Topo-partnering-768x67.png 768w, https:\/\/knighttx.com\/PY\/wp-content\/uploads\/2022\/11\/Topo-partnering-1536x134.png 1536w\" sizes=\"auto, (max-width: 1658px) 100vw, 1658px\" \/>\t\t\t\t\t\t\t\t\t\t\t\t\t\t\t<\/div>\n\t\t\t\t<\/div>\n\t\t\t\t\t<\/div>\n\t\t<\/div>\n\t\t\t\t\t\t\t<\/div>\n\t\t<\/section>\n\t\t\t\t<section class=\"elementor-section elementor-top-section elementor-element elementor-element-2c2ed1ff elementor-section-boxed elementor-section-height-default elementor-section-height-default\" data-id=\"2c2ed1ff\" data-element_type=\"section\" data-settings=\"{&quot;background_background&quot;:&quot;classic&quot;}\">\n\t\t\t\t\t\t<div class=\"elementor-container elementor-column-gap-default\">\n\t\t\t\t\t<div class=\"elementor-column elementor-col-100 elementor-top-column elementor-element elementor-element-41bbd544\" data-id=\"41bbd544\" data-element_type=\"column\">\n\t\t\t<div class=\"elementor-widget-wrap elementor-element-populated\">\n\t\t\t\t\t\t\t\t<div class=\"elementor-element elementor-element-79266265 elementor-widget elementor-widget-heading\" data-id=\"79266265\" data-element_type=\"widget\" data-widget_type=\"heading.default\">\n\t\t\t\t<div class=\"elementor-widget-container\">\n\t\t\t<style>\/*! elementor - v3.10.0 - 09-01-2023 *\/\n.elementor-heading-title{padding:0;margin:0;line-height:1}.elementor-widget-heading .elementor-heading-title[class*=elementor-size-]>a{color:inherit;font-size:inherit;line-height:inherit}.elementor-widget-heading .elementor-heading-title.elementor-size-small{font-size:15px}.elementor-widget-heading .elementor-heading-title.elementor-size-medium{font-size:19px}.elementor-widget-heading .elementor-heading-title.elementor-size-large{font-size:29px}.elementor-widget-heading .elementor-heading-title.elementor-size-xl{font-size:39px}.elementor-widget-heading .elementor-heading-title.elementor-size-xxl{font-size:59px}<\/style><h3 class=\"elementor-heading-title elementor-size-default\"><b>Productos<\/b><\/h3>\t\t<\/div>\n\t\t\t\t<\/div>\n\t\t\t\t\t<\/div>\n\t\t<\/div>\n\t\t\t\t\t\t\t<\/div>\n\t\t<\/section>\n\t\t\t\t<section class=\"elementor-section elementor-top-section elementor-element elementor-element-6081353 elementor-section-boxed elementor-section-height-default elementor-section-height-default\" data-id=\"6081353\" data-element_type=\"section\" data-settings=\"{&quot;background_background&quot;:&quot;classic&quot;}\">\n\t\t\t\t\t\t<div class=\"elementor-container elementor-column-gap-default\">\n\t\t\t\t\t<div class=\"elementor-column elementor-col-50 elementor-top-column elementor-element elementor-element-63fa7ea\" data-id=\"63fa7ea\" data-element_type=\"column\">\n\t\t\t<div class=\"elementor-widget-wrap\">\n\t\t\t\t\t\t\t\t\t<\/div>\n\t\t<\/div>\n\t\t\t\t<div class=\"elementor-column elementor-col-50 elementor-top-column elementor-element elementor-element-74701cf\" data-id=\"74701cf\" data-element_type=\"column\" data-settings=\"{&quot;background_background&quot;:&quot;classic&quot;}\">\n\t\t\t<div class=\"elementor-widget-wrap elementor-element-populated\">\n\t\t\t\t\t<div class=\"elementor-background-overlay\"><\/div>\n\t\t\t\t\t\t\t\t<div class=\"elementor-element elementor-element-6715411 category-press-releases elementor-widget elementor-widget-shortcode\" data-id=\"6715411\" data-element_type=\"widget\" data-widget_type=\"shortcode.default\">\n\t\t\t\t<div class=\"elementor-widget-container\">\n\t\t\t\t\t<div class=\"elementor-shortcode\"><a name='name_directory_position3'><\/a><h3 class='name_directory_title'><\/h3><div class=\"name_directory_index\"><a class=\"name_directory_startswith\" href=\"https:\/\/knighttx.com\/PY\/productos\/?dir=3&name_directory_startswith=#name_directory_position3\">All<\/a> | <a class=\"name_directory_startswith  name_directory_empty\" href=\"https:\/\/knighttx.com\/PY\/productos\/?dir=3&name_directory_startswith=%23#name_directory_position3\">#<\/a>  <a class=\"name_directory_startswith \" href=\"https:\/\/knighttx.com\/PY\/productos\/?dir=3&name_directory_startswith=A#name_directory_position3\">A<\/a>  <a class=\"name_directory_startswith \" href=\"https:\/\/knighttx.com\/PY\/productos\/?dir=3&name_directory_startswith=B#name_directory_position3\">B<\/a>  <a class=\"name_directory_startswith \" href=\"https:\/\/knighttx.com\/PY\/productos\/?dir=3&name_directory_startswith=C#name_directory_position3\">C<\/a>  <a class=\"name_directory_startswith \" href=\"https:\/\/knighttx.com\/PY\/productos\/?dir=3&name_directory_startswith=D#name_directory_position3\">D<\/a>  <a class=\"name_directory_startswith  name_directory_empty\" href=\"https:\/\/knighttx.com\/PY\/productos\/?dir=3&name_directory_startswith=E#name_directory_position3\">E<\/a>  <a class=\"name_directory_startswith  name_directory_empty\" href=\"https:\/\/knighttx.com\/PY\/productos\/?dir=3&name_directory_startswith=F#name_directory_position3\">F<\/a>  <a class=\"name_directory_startswith  name_directory_empty\" href=\"https:\/\/knighttx.com\/PY\/productos\/?dir=3&name_directory_startswith=G#name_directory_position3\">G<\/a>  <a class=\"name_directory_startswith \" href=\"https:\/\/knighttx.com\/PY\/productos\/?dir=3&name_directory_startswith=H#name_directory_position3\">H<\/a>  <a class=\"name_directory_startswith  name_directory_empty\" href=\"https:\/\/knighttx.com\/PY\/productos\/?dir=3&name_directory_startswith=I#name_directory_position3\">I<\/a>  <a class=\"name_directory_startswith  name_directory_empty\" href=\"https:\/\/knighttx.com\/PY\/productos\/?dir=3&name_directory_startswith=J#name_directory_position3\">J<\/a>  <a class=\"name_directory_startswith \" href=\"https:\/\/knighttx.com\/PY\/productos\/?dir=3&name_directory_startswith=K#name_directory_position3\">K<\/a>  <a class=\"name_directory_startswith \" href=\"https:\/\/knighttx.com\/PY\/productos\/?dir=3&name_directory_startswith=L#name_directory_position3\">L<\/a>  <a class=\"name_directory_startswith \" href=\"https:\/\/knighttx.com\/PY\/productos\/?dir=3&name_directory_startswith=M#name_directory_position3\">M<\/a>  <a class=\"name_directory_startswith  name_directory_empty\" href=\"https:\/\/knighttx.com\/PY\/productos\/?dir=3&name_directory_startswith=N#name_directory_position3\">N<\/a>  <a class=\"name_directory_startswith \" href=\"https:\/\/knighttx.com\/PY\/productos\/?dir=3&name_directory_startswith=O#name_directory_position3\">O<\/a>  <a class=\"name_directory_startswith \" href=\"https:\/\/knighttx.com\/PY\/productos\/?dir=3&name_directory_startswith=P#name_directory_position3\">P<\/a>  <a class=\"name_directory_startswith  name_directory_empty\" href=\"https:\/\/knighttx.com\/PY\/productos\/?dir=3&name_directory_startswith=Q#name_directory_position3\">Q<\/a>  <a class=\"name_directory_startswith  name_directory_empty\" href=\"https:\/\/knighttx.com\/PY\/productos\/?dir=3&name_directory_startswith=R#name_directory_position3\">R<\/a>  <a class=\"name_directory_startswith  name_directory_empty\" href=\"https:\/\/knighttx.com\/PY\/productos\/?dir=3&name_directory_startswith=S#name_directory_position3\">S<\/a>  <a class=\"name_directory_startswith \" href=\"https:\/\/knighttx.com\/PY\/productos\/?dir=3&name_directory_startswith=T#name_directory_position3\">T<\/a>  <a class=\"name_directory_startswith  name_directory_empty\" href=\"https:\/\/knighttx.com\/PY\/productos\/?dir=3&name_directory_startswith=U#name_directory_position3\">U<\/a>  <a class=\"name_directory_startswith  name_directory_empty\" href=\"https:\/\/knighttx.com\/PY\/productos\/?dir=3&name_directory_startswith=V#name_directory_position3\">V<\/a>  <a class=\"name_directory_startswith  name_directory_empty\" href=\"https:\/\/knighttx.com\/PY\/productos\/?dir=3&name_directory_startswith=W#name_directory_position3\">W<\/a>  <a class=\"name_directory_startswith \" href=\"https:\/\/knighttx.com\/PY\/productos\/?dir=3&name_directory_startswith=X#name_directory_position3\">X<\/a>  <a class=\"name_directory_startswith  name_directory_empty\" href=\"https:\/\/knighttx.com\/PY\/productos\/?dir=3&name_directory_startswith=Y#name_directory_position3\">Y<\/a>  <a class=\"name_directory_startswith \" href=\"https:\/\/knighttx.com\/PY\/productos\/?dir=3&name_directory_startswith=Z#name_directory_position3\">Z<\/a> <br \/><form method='get' action='#name_directory_position3'><input type='text' name='name-directory-search-value' id='name-directory-search-input-box' placeholder='Search for...' \/><input type='hidden' name='dir' value='3' \/><input type='submit' id='name-directory-search-input-button' value='Search' \/><\/form><\/div><div class=\"name_directory_total\">Hay actualmente 22 productos en este directorio<\/div><div class=\"name_directory_names\"><div class=\"name_directory_column name_directory_nr1\"><div class=\"name_directory_name_box\"><a name=\"namedirectory_Akynzeo-PalonosetronNetupitant\"><\/a><strong>Akynzeo\u00ae - Palonosetron\/Netupitant<\/strong><br \/><div>C\u00e1psulas duras - Netupitant 300 mg \/ Palonosetr\u00f3n 0,5 mg<\/div><\/div><hr \/><div class=\"name_directory_name_box\"><a name=\"namedirectory_Bendam100-BendamustinaClorhidrato\"><\/a><strong>Bendam 100\u00ae - Bendamustina Clorhidrato<\/strong><br \/><div>Polvo liofilizado para inyectable 100 mg<\/div><\/div><hr \/><div class=\"name_directory_name_box\"><a name=\"namedirectory_Bleocris15-BleomicinacomoSulfato\"><\/a><strong>Bleocris 15\u00ae - Bleomicina(como Sulfato)<\/strong><br \/><div>Polvo Liofilizado para solucion inyectable 15 U<\/div><\/div><hr \/><div class=\"name_directory_name_box\"><a name=\"namedirectory_CRESEMBA-SulfatodeIsovuconazol\"><\/a><strong>CRESEMBA\u00ae - Sulfato de Isovuconazol<\/strong><br \/><div>Polvo concentrado para soluci\u00f3n para perfusi\u00f3n 372.6 mg (equivalente a 200 mg de Isovuconazol)<\/div><\/div><hr \/><div class=\"name_directory_name_box\"><a name=\"namedirectory_CRESEMBA-SulfatodeIsovuconazol\"><\/a><strong>CRESEMBA\u00ae - Sulfato de Isovuconazol<\/strong><br \/><div>C\u00e1psulas duras 186.3 mg (equivalente a 100 mg de Isovuconazol)<\/div><\/div><hr \/><div class=\"name_directory_name_box\"><a name=\"namedirectory_Doxplax-ClorhidratodedoxorubicinaLiposomalpegilada\"><\/a><strong>Doxplax\u00ae - Clorhidrato de doxorubicina Liposomal pegilada<\/strong><br \/><div>Suspensi\u00f3n Inyectable 20 mg\/ 10 ml<\/div><\/div><hr \/><div class=\"name_directory_name_box\"><a name=\"namedirectory_HALAVEN-MesilatodeEribulina\"><\/a><strong>HALAVEN\u00ae - Mesilato de Eribulina<\/strong><br \/><div>Soluci\u00f3n inyectable 0.44 mg\/ml<\/div><\/div><hr \/><div class=\"name_directory_name_box\"><a name=\"namedirectory_HidroxiureaLKM500-Hidroxiurea\"><\/a><strong>Hidroxiurea LKM 500\u00ae - Hidroxiurea<\/strong><br \/><div>C\u00e1psulas duras 500 mg<\/div><\/div><hr \/><div class=\"name_directory_name_box\"><a name=\"namedirectory_KARFIB-Carfilzomib\"><\/a><strong>KARFIB\u00ae - Carfilzomib<\/strong><br \/><div>Polvo liofilizado para soluci\u00f3n inyectable 60 mg<\/div><\/div><hr \/><div class=\"name_directory_name_box\"><a name=\"namedirectory_Ladevina10mgLKM-Lenalidomida\"><\/a><strong>Ladevina 10 mg LKM\u00ae - Lenalidomida<\/strong><br \/><div>C\u00e1psulas duras 10 mg<\/div><\/div><hr \/><div class=\"name_directory_name_box\"><a name=\"namedirectory_Ladevina25mgLKM-Lenalidomida\"><\/a><strong>Ladevina 25 mg LKM\u00ae - Lenalidomida<\/strong><br \/><div>C\u00e1psulas duras 25 mg<\/div><\/div><hr \/><div class=\"name_directory_name_box\"><a name=\"namedirectory_LENVIMA10mg-Lenvatinib\"><\/a><strong>LENVIMA 10 mg\u00ae - Lenvatinib<\/strong><br \/><div>C\u00e1psulas duras 10 mg<\/div><\/div><hr \/><div class=\"name_directory_name_box\"><a name=\"namedirectory_LENVIMA4mg-Lenvatinib\"><\/a><strong>LENVIMA 4 mg\u00ae - Lenvatinib<\/strong><br \/><div>C\u00e1psulas duras 4 mg<\/div><\/div><hr \/><div class=\"name_directory_name_box\"><a name=\"namedirectory_Milozitidina-Azacitidina\"><\/a><strong>Milozitidina\u00ae - Azacitidina<\/strong><br \/><div>Polvo liofilizado para soluci\u00f3n inyectable 100 mg<\/div><\/div><hr \/><div class=\"name_directory_name_box\"><a name=\"namedirectory_Olvestran250-Fulvestrant\"><\/a><strong>Olvestran 250\u00ae - Fulvestrant<\/strong><br \/><div>Soluci\u00f3n inyectable 5ml\/ 250 mg<\/div><\/div><hr \/><div class=\"name_directory_name_box\"><a name=\"namedirectory_Palbocil-Palbociclib\"><\/a><strong>Palbocil\u00ae - Palbociclib<\/strong><br \/><div>Capsulas duras 75-100-125 mg<\/div><\/div><hr \/><div class=\"name_directory_name_box\"><a name=\"namedirectory_PirferidonaLKM-Pirferidona\"><\/a><strong>Pirferidona LKM \u00ae - Pirferidona<\/strong><br \/><div>C\u00e1psulas duras 267 mg<\/div><\/div><hr \/><div class=\"name_directory_name_box\"><a name=\"namedirectory_Tirleb150-ErlotinibClorhidrato\"><\/a><strong>Tirleb 150\u00ae - Erlotinib Clorhidrato<\/strong><br \/><div>Comprimidos recubiertos 150 mg<\/div><\/div><hr \/><div class=\"name_directory_name_box\"><a name=\"namedirectory_Tuberbut-Tobramicina\"><\/a><strong>Tuberbut\u00ae - Tobramicina<\/strong><br \/><div>Soluci\u00f3n para nebulizar 300 mg<\/div><\/div><hr \/><div class=\"name_directory_name_box\"><a name=\"namedirectory_Xetrane4-Pomalidomida\"><\/a><strong>Xetrane\u00ae 4 - Pomalidomida<\/strong><br \/><div>Capsulas duras 4 mg<\/div><\/div><hr \/><div class=\"name_directory_name_box\"><a name=\"namedirectory_Zitat-Cabazitaxel\"><\/a><strong>Zitat\u00ae - Cabazitaxel<\/strong><br \/><div>Soluci\u00f3n inyectable 60 mg\/ 1.5 ml<\/div><\/div><hr \/><div class=\"name_directory_name_box\"><a name=\"namedirectory_Zyvalix-AbirateronaAcetato\"><\/a><strong>Zyvalix\u00ae - Abiraterona Acetato<\/strong><br \/><div>Comprimidos 250 mg<\/div><\/div><\/div><\/div><style>\r\n        .name_directory_readmore_state ~ .name_directory_readmore_trigger:before {\r\n            content: '... Show more';\r\n        }\r\n       \r\n        .name_directory_readmore_state:checked ~ .name_directory_readmore_trigger:before {\r\n            content: 'Show less';\r\n        }\r\n        <\/style><\/div>\n\t\t\t\t<\/div>\n\t\t\t\t<\/div>\n\t\t\t\t<div class=\"elementor-element elementor-element-382f859 elementor-widget elementor-widget-text-editor\" data-id=\"382f859\" data-element_type=\"widget\" data-widget_type=\"text-editor.default\">\n\t\t\t\t<div class=\"elementor-widget-container\">\n\t\t\t<style>\/*! elementor - v3.10.0 - 09-01-2023 *\/\n.elementor-widget-text-editor.elementor-drop-cap-view-stacked .elementor-drop-cap{background-color:#818a91;color:#fff}.elementor-widget-text-editor.elementor-drop-cap-view-framed .elementor-drop-cap{color:#818a91;border:3px solid;background-color:transparent}.elementor-widget-text-editor:not(.elementor-drop-cap-view-default) .elementor-drop-cap{margin-top:8px}.elementor-widget-text-editor:not(.elementor-drop-cap-view-default) .elementor-drop-cap-letter{width:1em;height:1em}.elementor-widget-text-editor .elementor-drop-cap{float:left;text-align:center;line-height:1;font-size:50px}.elementor-widget-text-editor .elementor-drop-cap-letter{display:inline-block}<\/style>\t\t\t\t<p><small>\u00a9 Laboratorio LKM S.A. Todos los derechos reservados. Prohibida su reproducci\u00f3n total o parcial sin autorizaci\u00f3n del titular. <\/small><small>La informaci\u00f3n presentada es desarrollada con un prop\u00f3sito informativo y no debe ser utilizada para realizar diagn\u00f3sticos o definir el tratamiento para alguna condici\u00f3n m\u00e9dica. Recuerde siempre consultar sus inquietudes con su m\u00e9dico tratante.<\/small><\/p>\t\t\t\t\t\t<\/div>\n\t\t\t\t<\/div>\n\t\t\t\t\t<\/div>\n\t\t<\/div>\n\t\t\t\t\t\t\t<\/div>\n\t\t<\/section>\n\t\t\t\t\t\t\t<\/div>\n\t\t","protected":false},"excerpt":{"rendered":"<p>Productos \u00a9 Laboratorio LKM S.A. Todos los derechos reservados. Prohibida su reproducci\u00f3n total o parcial sin autorizaci\u00f3n del titular. La informaci\u00f3n presentada es desarrollada con un prop\u00f3sito informativo y no debe ser utilizada para realizar diagn\u00f3sticos o definir el tratamiento para alguna condici\u00f3n m\u00e9dica. Recuerde siempre consultar sus inquietudes con su m\u00e9dico tratante.<\/p>\n","protected":false},"author":1,"featured_media":0,"parent":0,"menu_order":0,"comment_status":"closed","ping_status":"closed","template":"elementor_header_footer","meta":{"footnotes":""},"class_list":["post-8","page","type-page","status-publish","hentry"],"_links":{"self":[{"href":"https:\/\/knighttx.com\/PY\/wp-json\/wp\/v2\/pages\/8","targetHints":{"allow":["GET"]}}],"collection":[{"href":"https:\/\/knighttx.com\/PY\/wp-json\/wp\/v2\/pages"}],"about":[{"href":"https:\/\/knighttx.com\/PY\/wp-json\/wp\/v2\/types\/page"}],"author":[{"embeddable":true,"href":"https:\/\/knighttx.com\/PY\/wp-json\/wp\/v2\/users\/1"}],"replies":[{"embeddable":true,"href":"https:\/\/knighttx.com\/PY\/wp-json\/wp\/v2\/comments?post=8"}],"version-history":[{"count":153,"href":"https:\/\/knighttx.com\/PY\/wp-json\/wp\/v2\/pages\/8\/revisions"}],"predecessor-version":[{"id":3729,"href":"https:\/\/knighttx.com\/PY\/wp-json\/wp\/v2\/pages\/8\/revisions\/3729"}],"wp:attachment":[{"href":"https:\/\/knighttx.com\/PY\/wp-json\/wp\/v2\/media?parent=8"}],"curies":[{"name":"wp","href":"https:\/\/api.w.org\/{rel}","templated":true}]}}