{"id":79385,"date":"2023-12-18T13:50:23","date_gmt":"2023-12-18T17:50:23","guid":{"rendered":"https:\/\/knighttx.com\/fr\/?page_id=79385"},"modified":"2023-12-19T10:48:41","modified_gmt":"2023-12-19T14:48:41","slug":"ligne-dalerte","status":"publish","type":"page","link":"https:\/\/knighttx.com\/fr\/ligne-dalerte\/","title":{"rendered":"Ligne d&#8217;alerte"},"content":{"rendered":"\t\t<div data-elementor-type=\"wp-page\" data-elementor-id=\"79385\" class=\"elementor elementor-79385\" data-elementor-post-type=\"page\">\n\t\t\t\t\t\t<section class=\"elementor-section elementor-top-section elementor-element elementor-element-2cdcf24 elementor-section-content-top elementor-section-boxed elementor-section-height-default elementor-section-height-default\" data-id=\"2cdcf24\" data-element_type=\"section\" data-e-type=\"section\" data-settings=\"{&quot;background_background&quot;:&quot;classic&quot;}\">\n\t\t\t\t\t\t<div class=\"elementor-container elementor-column-gap-no\">\n\t\t\t\t\t<div class=\"elementor-column elementor-col-100 elementor-top-column elementor-element elementor-element-50b601ce\" data-id=\"50b601ce\" data-element_type=\"column\" data-e-type=\"column\">\n\t\t\t<div class=\"elementor-widget-wrap elementor-element-populated\">\n\t\t\t\t\t\t<div class=\"elementor-element elementor-element-5e4c8aa elementor-widget__width-initial animated-fast elementor-invisible elementor-widget elementor-widget-image\" data-id=\"5e4c8aa\" data-element_type=\"widget\" data-e-type=\"widget\" data-settings=\"{&quot;_animation&quot;:&quot;fadeInRight&quot;}\" data-widget_type=\"image.default\">\n\t\t\t\t<div class=\"elementor-widget-container\">\n\t\t\t\t\t\t\t\t\t\t\t\t\t\t\t<img fetchpriority=\"high\" decoding=\"async\" width=\"1658\" height=\"145\" src=\"https:\/\/knighttx.com\/fr\/wp-content\/uploads\/2023\/12\/Topo_investors.png\" class=\"attachment-full size-full wp-image-79391\" alt=\"\" srcset=\"https:\/\/knighttx.com\/fr\/wp-content\/uploads\/2023\/12\/Topo_investors.png 1658w, https:\/\/knighttx.com\/fr\/wp-content\/uploads\/2023\/12\/Topo_investors-300x26.png 300w, https:\/\/knighttx.com\/fr\/wp-content\/uploads\/2023\/12\/Topo_investors-1024x90.png 1024w, https:\/\/knighttx.com\/fr\/wp-content\/uploads\/2023\/12\/Topo_investors-768x67.png 768w, https:\/\/knighttx.com\/fr\/wp-content\/uploads\/2023\/12\/Topo_investors-1536x134.png 1536w\" sizes=\"(max-width: 1658px) 100vw, 1658px\" \/>\t\t\t\t\t\t\t\t\t\t\t\t\t\t\t<\/div>\n\t\t\t\t<\/div>\n\t\t\t\t\t<\/div>\n\t\t<\/div>\n\t\t\t\t\t<\/div>\n\t\t<\/section>\n\t\t\t\t<section class=\"elementor-section elementor-top-section elementor-element elementor-element-5d72db6 elementor-section-boxed elementor-section-height-default elementor-section-height-default\" data-id=\"5d72db6\" data-element_type=\"section\" data-e-type=\"section\" data-settings=\"{&quot;background_background&quot;:&quot;classic&quot;}\">\n\t\t\t\t\t\t<div class=\"elementor-container elementor-column-gap-default\">\n\t\t\t\t\t<div class=\"elementor-column elementor-col-33 elementor-top-column elementor-element elementor-element-2d864341 elementor-hidden-tablet elementor-hidden-mobile\" data-id=\"2d864341\" data-element_type=\"column\" data-e-type=\"column\" data-settings=\"{&quot;background_background&quot;:&quot;classic&quot;}\">\n\t\t\t<div class=\"elementor-widget-wrap\">\n\t\t\t\t\t\t\t<\/div>\n\t\t<\/div>\n\t\t\t\t<div class=\"elementor-column elementor-col-66 elementor-top-column elementor-element elementor-element-558a17b\" data-id=\"558a17b\" data-element_type=\"column\" data-e-type=\"column\">\n\t\t\t<div class=\"elementor-widget-wrap elementor-element-populated\">\n\t\t\t\t\t\t<div class=\"elementor-element elementor-element-6349f688 elementor-widget elementor-widget-heading\" data-id=\"6349f688\" data-element_type=\"widget\" data-e-type=\"widget\" data-widget_type=\"heading.default\">\n\t\t\t\t<div class=\"elementor-widget-container\">\n\t\t\t\t\t<h3 class=\"elementor-heading-title elementor-size-default\">Ligne d'alerte<\/h3>\t\t\t\t<\/div>\n\t\t\t\t<\/div>\n\t\t\t\t<div class=\"elementor-element elementor-element-7587c9d2 elementor-widget elementor-widget-text-editor\" data-id=\"7587c9d2\" data-element_type=\"widget\" data-e-type=\"widget\" data-widget_type=\"text-editor.default\">\n\t\t\t\t<div class=\"elementor-widget-container\">\n\t\t\t\t\t\t\t\t\t<p>Chez Knight, nous nous engageons \u00e0 construire une culture d&#8217;entreprise ax\u00e9e sur la transparence et l&#8217;int\u00e9grit\u00e9, fond\u00e9e sur un comportement \u00e9thique et le respect de la loi, qui est essentiel pour assurer la p\u00e9rennit\u00e9 de nos activit\u00e9s \u00e0 long terme sur un march\u00e9 concurrentiel.<br \/><br \/><\/p><p>Knight encourage un environnement dans lequel des pr\u00e9occupations peuvent \u00eatre soulev\u00e9es concernant des violations r\u00e9elles ou per\u00e7ues de notre Code de conduite et d&#8217;\u00e9thique commerciale.<br \/><br \/><\/p><p>La ligne d&#8217;alerte confidentielle de Knight offre un moyen aux employ\u00e9s, ainsi qu&#8217;au grand public, de soulever des probl\u00e8mes de mani\u00e8re confidentielle avec un service tiers ind\u00e9pendant, NAVEX Global, Inc.<\/p><p>Les plaintes peuvent \u00eatre d\u00e9pos\u00e9es de mani\u00e8re anonyme, via Internet ou par t\u00e9l\u00e9phone.<br \/><br \/><\/p><p>Acc\u00e9dez \u00e0<\/p><p><a href=\"https:\/\/secure.ethicspoint.com\/domain\/media\/frca\/gui\/92218\/index.html\" target=\"_blank\" rel=\"noopener\">https:\/\/knighttx.ethicspoint.com<\/a><\/p>\t\t\t\t\t\t\t\t<\/div>\n\t\t\t\t<\/div>\n\t\t\t\t<div class=\"elementor-element elementor-element-35897084 elementor-widget elementor-widget-spacer\" data-id=\"35897084\" data-element_type=\"widget\" data-e-type=\"widget\" data-widget_type=\"spacer.default\">\n\t\t\t\t<div class=\"elementor-widget-container\">\n\t\t\t\t\t\t\t<div class=\"elementor-spacer\">\n\t\t\t<div class=\"elementor-spacer-inner\"><\/div>\n\t\t<\/div>\n\t\t\t\t\t\t<\/div>\n\t\t\t\t<\/div>\n\t\t\t\t\t<\/div>\n\t\t<\/div>\n\t\t\t\t\t<\/div>\n\t\t<\/section>\n\t\t\t\t<\/div>\n\t\t","protected":false},"excerpt":{"rendered":"<p>Ligne d&#8217;alerte Chez Knight, nous nous engageons \u00e0 construire une culture d&#8217;entreprise ax\u00e9e sur la transparence et l&#8217;int\u00e9grit\u00e9, fond\u00e9e sur un comportement \u00e9thique et le respect de la loi, qui est essentiel pour assurer la p\u00e9rennit\u00e9 de nos activit\u00e9s \u00e0 long terme sur un march\u00e9 concurrentiel. Knight encourage un environnement dans lequel des pr\u00e9occupations peuvent [&hellip;]<\/p>\n","protected":false},"author":1,"featured_media":0,"parent":0,"menu_order":0,"comment_status":"closed","ping_status":"closed","template":"","meta":{"footnotes":""},"class_list":["post-79385","page","type-page","status-publish","hentry"],"_links":{"self":[{"href":"https:\/\/knighttx.com\/fr\/wp-json\/wp\/v2\/pages\/79385","targetHints":{"allow":["GET"]}}],"collection":[{"href":"https:\/\/knighttx.com\/fr\/wp-json\/wp\/v2\/pages"}],"about":[{"href":"https:\/\/knighttx.com\/fr\/wp-json\/wp\/v2\/types\/page"}],"author":[{"embeddable":true,"href":"https:\/\/knighttx.com\/fr\/wp-json\/wp\/v2\/users\/1"}],"replies":[{"embeddable":true,"href":"https:\/\/knighttx.com\/fr\/wp-json\/wp\/v2\/comments?post=79385"}],"version-history":[{"count":16,"href":"https:\/\/knighttx.com\/fr\/wp-json\/wp\/v2\/pages\/79385\/revisions"}],"predecessor-version":[{"id":79420,"href":"https:\/\/knighttx.com\/fr\/wp-json\/wp\/v2\/pages\/79385\/revisions\/79420"}],"wp:attachment":[{"href":"https:\/\/knighttx.com\/fr\/wp-json\/wp\/v2\/media?parent=79385"}],"curies":[{"name":"wp","href":"https:\/\/api.w.org\/{rel}","templated":true}]}}