{"id":8,"date":"2022-11-22T21:22:28","date_gmt":"2022-11-23T01:22:28","guid":{"rendered":"https:\/\/knighttx.com\/?page_id=8"},"modified":"2023-05-25T14:06:52","modified_gmt":"2023-05-25T18:06:52","slug":"partnering","status":"publish","type":"page","link":"https:\/\/knighttx.com\/fr\/partnering\/","title":{"rendered":"Partnering"},"content":{"rendered":"\t\t<div data-elementor-type=\"wp-post\" data-elementor-id=\"8\" class=\"elementor elementor-8\" data-elementor-post-type=\"page\">\n\t\t\t\t\t\t<section class=\"elementor-section elementor-top-section elementor-element elementor-element-5d1e673a elementor-section-content-top elementor-section-boxed elementor-section-height-default elementor-section-height-default\" data-id=\"5d1e673a\" data-element_type=\"section\" data-e-type=\"section\" data-settings=\"{&quot;background_background&quot;:&quot;classic&quot;}\">\n\t\t\t\t\t\t<div class=\"elementor-container elementor-column-gap-no\">\n\t\t\t\t\t<div class=\"elementor-column elementor-col-100 elementor-top-column elementor-element elementor-element-1131511d\" data-id=\"1131511d\" data-element_type=\"column\" data-e-type=\"column\">\n\t\t\t<div class=\"elementor-widget-wrap elementor-element-populated\">\n\t\t\t\t\t\t<div class=\"elementor-element elementor-element-55024cc2 elementor-widget__width-initial animated-fast elementor-invisible elementor-widget elementor-widget-image\" data-id=\"55024cc2\" data-element_type=\"widget\" data-e-type=\"widget\" data-settings=\"{&quot;_animation&quot;:&quot;fadeInRight&quot;}\" data-widget_type=\"image.default\">\n\t\t\t\t<div class=\"elementor-widget-container\">\n\t\t\t\t\t\t\t\t\t\t\t\t\t\t\t<img fetchpriority=\"high\" decoding=\"async\" width=\"1658\" height=\"145\" src=\"https:\/\/knighttx.com\/fr\/wp-content\/uploads\/2022\/12\/investors_topo.png\" class=\"attachment-full size-full wp-image-1147\" alt=\"\" srcset=\"https:\/\/knighttx.com\/fr\/wp-content\/uploads\/2022\/12\/investors_topo.png 1658w, https:\/\/knighttx.com\/fr\/wp-content\/uploads\/2022\/12\/investors_topo-300x26.png 300w, https:\/\/knighttx.com\/fr\/wp-content\/uploads\/2022\/12\/investors_topo-1024x90.png 1024w, https:\/\/knighttx.com\/fr\/wp-content\/uploads\/2022\/12\/investors_topo-768x67.png 768w, https:\/\/knighttx.com\/fr\/wp-content\/uploads\/2022\/12\/investors_topo-1536x134.png 1536w\" sizes=\"(max-width: 1658px) 100vw, 1658px\" \/>\t\t\t\t\t\t\t\t\t\t\t\t\t\t\t<\/div>\n\t\t\t\t<\/div>\n\t\t\t\t\t<\/div>\n\t\t<\/div>\n\t\t\t\t\t<\/div>\n\t\t<\/section>\n\t\t\t\t<section class=\"elementor-section elementor-top-section elementor-element elementor-element-2c2ed1ff elementor-section-boxed elementor-section-height-default elementor-section-height-default\" data-id=\"2c2ed1ff\" data-element_type=\"section\" data-e-type=\"section\" data-settings=\"{&quot;background_background&quot;:&quot;classic&quot;}\">\n\t\t\t\t\t\t<div class=\"elementor-container elementor-column-gap-default\">\n\t\t\t\t\t<div class=\"elementor-column elementor-col-100 elementor-top-column elementor-element elementor-element-41bbd544\" data-id=\"41bbd544\" data-element_type=\"column\" data-e-type=\"column\">\n\t\t\t<div class=\"elementor-widget-wrap elementor-element-populated\">\n\t\t\t\t\t\t<div class=\"elementor-element elementor-element-79266265 elementor-widget elementor-widget-heading\" data-id=\"79266265\" data-element_type=\"widget\" data-e-type=\"widget\" data-widget_type=\"heading.default\">\n\t\t\t\t<div class=\"elementor-widget-container\">\n\t\t\t\t\t<h3 class=\"elementor-heading-title elementor-size-default\"><b>Partenariats<\/b><\/h3>\t\t\t\t<\/div>\n\t\t\t\t<\/div>\n\t\t\t\t<div class=\"elementor-element elementor-element-53d8df03 elementor-widget elementor-widget-text-editor\" data-id=\"53d8df03\" data-element_type=\"widget\" data-e-type=\"widget\" data-widget_type=\"text-editor.default\">\n\t\t\t\t<div class=\"elementor-widget-container\">\n\t\t\t\t\t\t\t\t\t<p>La direction de Knight a acquis une vaste et profonde expertise en mati\u00e8re de n\u00e9gociation de transactions gagnant-gagnant visant \u00e0 cr\u00e9er des produits pharmaceutiques novateurs. L\u2019\u00e9quipe de direction men\u00e9e par le chef de la direction, Samira Sakhia, a collabor\u00e9 avec succ\u00e8s avec des douzaines de partenaires dans le but de maximiser la valeur de leurs actifs. Le pragmatisme et la d\u00e9termination \u00e0 toujours prendre les bonnes d\u00e9cisions r\u00e9gissent toutes les relations de notre soci\u00e9t\u00e9 avec nos partenaires.<\/p>\t\t\t\t\t\t\t\t<\/div>\n\t\t\t\t<\/div>\n\t\t\t\t\t<\/div>\n\t\t<\/div>\n\t\t\t\t\t<\/div>\n\t\t<\/section>\n\t\t\t\t<section class=\"elementor-section elementor-top-section elementor-element elementor-element-457e9ce4 elementor-section-boxed elementor-section-height-default elementor-section-height-default\" data-id=\"457e9ce4\" data-element_type=\"section\" data-e-type=\"section\" data-settings=\"{&quot;background_background&quot;:&quot;classic&quot;}\">\n\t\t\t\t\t\t<div class=\"elementor-container elementor-column-gap-default\">\n\t\t\t\t\t<div class=\"elementor-column elementor-col-100 elementor-top-column elementor-element elementor-element-5d77fba2\" data-id=\"5d77fba2\" data-element_type=\"column\" data-e-type=\"column\">\n\t\t\t<div class=\"elementor-widget-wrap elementor-element-populated\">\n\t\t\t\t\t\t<div class=\"elementor-element elementor-element-bf53442 elementor-widget elementor-widget-menu-anchor\" data-id=\"bf53442\" data-element_type=\"widget\" data-e-type=\"widget\" data-widget_type=\"menu-anchor.default\">\n\t\t\t\t<div class=\"elementor-widget-container\">\n\t\t\t\t\t\t\t<div class=\"elementor-menu-anchor\" id=\"Markets\"><\/div>\n\t\t\t\t\t\t<\/div>\n\t\t\t\t<\/div>\n\t\t\t\t<div class=\"elementor-element elementor-element-cc01a45 elementor-widget elementor-widget-spacer\" data-id=\"cc01a45\" data-element_type=\"widget\" data-e-type=\"widget\" data-widget_type=\"spacer.default\">\n\t\t\t\t<div class=\"elementor-widget-container\">\n\t\t\t\t\t\t\t<div class=\"elementor-spacer\">\n\t\t\t<div class=\"elementor-spacer-inner\"><\/div>\n\t\t<\/div>\n\t\t\t\t\t\t<\/div>\n\t\t\t\t<\/div>\n\t\t\t\t\t<\/div>\n\t\t<\/div>\n\t\t\t\t\t<\/div>\n\t\t<\/section>\n\t\t\t\t<section class=\"elementor-section elementor-top-section elementor-element elementor-element-6081353 elementor-section-boxed elementor-section-height-default elementor-section-height-default\" data-id=\"6081353\" data-element_type=\"section\" data-e-type=\"section\" data-settings=\"{&quot;background_background&quot;:&quot;classic&quot;}\">\n\t\t\t\t\t\t<div class=\"elementor-container elementor-column-gap-default\">\n\t\t\t\t\t<div class=\"elementor-column elementor-col-100 elementor-top-column elementor-element elementor-element-74701cf\" data-id=\"74701cf\" data-element_type=\"column\" data-e-type=\"column\" data-settings=\"{&quot;background_background&quot;:&quot;classic&quot;}\">\n\t\t\t<div class=\"elementor-widget-wrap elementor-element-populated\">\n\t\t\t\t\t<div class=\"elementor-background-overlay\"><\/div>\n\t\t\t\t\t\t<div class=\"elementor-element elementor-element-5ddda638 elementor-widget elementor-widget-toggle\" data-id=\"5ddda638\" data-element_type=\"widget\" data-e-type=\"widget\" data-widget_type=\"toggle.default\">\n\t\t\t\t<div class=\"elementor-widget-container\">\n\t\t\t\t\t\t\t<div class=\"elementor-toggle\">\n\t\t\t\t\t\t\t<div class=\"elementor-toggle-item\">\n\t\t\t\t\t<div id=\"elementor-tab-title-1571\" class=\"elementor-tab-title\" data-tab=\"1\" role=\"button\" aria-controls=\"elementor-tab-content-1571\" aria-expanded=\"false\">\n\t\t\t\t\t\t\t\t\t\t\t\t<span class=\"elementor-toggle-icon elementor-toggle-icon-left\" aria-hidden=\"true\">\n\t\t\t\t\t\t\t\t\t\t\t\t\t\t\t<span class=\"elementor-toggle-icon-closed\"><i class=\"fas fa-caret-right\"><\/i><\/span>\n\t\t\t\t\t\t\t\t<span class=\"elementor-toggle-icon-opened\"><i class=\"elementor-toggle-icon-opened fas fa-caret-up\"><\/i><\/span>\n\t\t\t\t\t\t\t\t\t\t\t\t\t<\/span>\n\t\t\t\t\t\t\t\t\t\t\t\t<a class=\"elementor-toggle-title\" tabindex=\"0\"><b> Canada<\/b>  <\/a>\n\t\t\t\t\t<\/div>\n\n\t\t\t\t\t<div id=\"elementor-tab-content-1571\" class=\"elementor-tab-content elementor-clearfix\" data-tab=\"1\" role=\"region\" aria-labelledby=\"elementor-tab-title-1571\"><p>Knight est notoirement consid\u00e9r\u00e9 comme le partenaire de choix au Canada. L\u2019\u00e9quipe de haute direction de Knight d\u00e9tient un historique av\u00e9r\u00e9 de succ\u00e8s et de collaboration r\u00e9ussie avec plus de 30 soci\u00e9t\u00e9s pour structurer des contrats con\u00e7us pour combler les besoins de ses partenaires\u00a0:<\/p><p>\u00a0<\/p><p><strong>Affaires<\/strong><br \/>\u2022 Commercialisation de plus de 60 produits au Canada<br \/>\u2022 Croissance de revenu canadien \u00e0 pr\u00e8s de 150 millions de dollars et de revenu international \u00e0 pr\u00e8s de 120 millions de dollars<br \/>\u2022 Mise en place d\u2019expertise et d\u2019\u00e9quipes de ventes et de marketing dans de multiples domaines th\u00e9rapeutiques<\/p><p>\u00a0<\/p><p><strong>Cadre r\u00e9glementaire<\/strong><br \/>\u2022 Vaste exp\u00e9rience dans tous les aspects du processus r\u00e9glementaire<br \/>\u2022 Plus de 30 soumissions \u00e0 Sant\u00e9 Canada avec un taux de succ\u00e8s de 90\u00a0%<\/p><p>\u00a0<\/p><p><strong>Tarification et remboursement<\/strong><br \/>\u2022 Exp\u00e9rience \u00e9tendue et r\u00e9ussite aupr\u00e8s du CEPMB, des formulaires provinciaux et des payeurs priv\u00e9s<br \/>\u2022 Acceptation du CEPMB des prix de lancement de toutes les principales marques<br \/>\u2022 Historique de succ\u00e8s dans l\u2019obtention d\u2019importantes hausses de prix sur les march\u00e9s publics<br \/>\u2022 N\u00e9gociation r\u00e9ussie d\u2019inscriptions favorables<\/p><p>\u00a0<\/p><p>Nous recherchons activement des produits candidats novateurs dans tous les domaines th\u00e9rapeutiques qui offriront des solutions novatrices aux patients et aux professionnels de la sant\u00e9 dans tout le Canada.<\/p><p>\u00a0<\/p><p>Nous sommes int\u00e9ress\u00e9s en premier lieu en l\u2019acquisition de droits de produits en d\u00e9veloppement avanc\u00e9, mais nous ferons \u00e9galement l\u2019acquisition et obtiendrons les accords de licence d\u2019actifs diff\u00e9renci\u00e9s pr\u00e9coces qui r\u00e9pondent aux besoins m\u00e9dicaux non encore combl\u00e9s.<\/p><\/div>\n\t\t\t\t<\/div>\n\t\t\t\t\t\t\t<div class=\"elementor-toggle-item\">\n\t\t\t\t\t<div id=\"elementor-tab-title-1572\" class=\"elementor-tab-title\" data-tab=\"2\" role=\"button\" aria-controls=\"elementor-tab-content-1572\" aria-expanded=\"false\">\n\t\t\t\t\t\t\t\t\t\t\t\t<span class=\"elementor-toggle-icon elementor-toggle-icon-left\" aria-hidden=\"true\">\n\t\t\t\t\t\t\t\t\t\t\t\t\t\t\t<span class=\"elementor-toggle-icon-closed\"><i class=\"fas fa-caret-right\"><\/i><\/span>\n\t\t\t\t\t\t\t\t<span class=\"elementor-toggle-icon-opened\"><i class=\"elementor-toggle-icon-opened fas fa-caret-up\"><\/i><\/span>\n\t\t\t\t\t\t\t\t\t\t\t\t\t<\/span>\n\t\t\t\t\t\t\t\t\t\t\t\t<a class=\"elementor-toggle-title\" tabindex=\"0\"><b>March\u00e9s internationaux<\/b>  <\/a>\n\t\t\t\t\t<\/div>\n\n\t\t\t\t\t<div id=\"elementor-tab-content-1572\" class=\"elementor-tab-content elementor-clearfix\" data-tab=\"2\" role=\"region\" aria-labelledby=\"elementor-tab-title-1572\"><p><strong><em>Reste du monde (excluant les \u00c9tats-Unis, l\u2019Europe, le Japon)<\/em><\/strong><\/p><p>Knight recherche activement des produits et des entreprises potentielles correspondant \u00e0 son mod\u00e8le d\u2019affaires existant dans des r\u00e9gions distinctives comme l\u2019Am\u00e9rique latine, Isra\u00ebl, l\u2019Australie, le Moyen-Orient, l\u2019Afrique subsaharienne et les Cara\u00efbes. Knight s\u2019int\u00e9resse \u00e0 l\u2019acquisition d\u2019une participation en capital dans des entreprises situ\u00e9es dans ces pays \u00e0 forte croissance et dont la localisation n\u2019est pas centrale. Pour discuter d\u2019occasions de partenariats, communiquez avec vous \u00e0\u00a0<a href=\"mailto:info@gudknight.com\">info@gudknight.com<\/a>.<\/p><p>En date du 21 octobre 2019, Knight a annonc\u00e9 la conclusion d\u2019une entente aux fins d\u2019acquisition d\u2019une participation de contr\u00f4le dans Grupo Biotoscana S.A. (GBT), soci\u00e9t\u00e9 pharmaceutique sp\u00e9cialis\u00e9e pan-latino-am\u00e9ricaine. GBT est un groupe biopharmaceutique qui op\u00e8re sur le continent latino-am\u00e9ricain en pleine croissance et focalise sur des segments de march\u00e9 en essor rapide comme l\u2019oncologie et l\u2019oncoh\u00e9matologie, les maladies infectieuses et d\u2019autres domaines th\u00e9rapeutiques sp\u00e9cialis\u00e9s. Le groupe GBT est actuellement pr\u00e9sent dans dix pays d\u2019Am\u00e9rique latine o\u00f9 il op\u00e8re par l\u2019interm\u00e9diaire de quatre soci\u00e9t\u00e9s, notamment Biotoscana, United Medical, LKM et DOSA. Le 29 novembre 2019, Knight a parachev\u00e9 l\u2019acquisition de 51,2 % de GBT. Le 20 d\u00e9cembre 2019, Knight a annonc\u00e9 la soumission \u00e0 B3 S.A. de sa demande d\u2019autorisation de mener une offre publique d\u2019achat unifi\u00e9e aux fins d\u2019acquisition du solde de GBT.<\/p><p>\u00a0<\/p><p><strong><em>Accords de licence<\/em><\/strong><\/p><p>Knight recherche actuellement des partenaires internationaux int\u00e9ress\u00e9s \u00e0 des accords de licence pour les droits des produits suivants\u00a0:<\/p><p>\u00a0<\/p><p>Neuragen\u00ae : Cliniquement prouv\u00e9 pour la r\u00e9duction rapide de la douleur neuropathique p\u00e9riph\u00e9rique et sans les nombreux effets secondaires courants des m\u00e9dicaments d\u2019ordonnance<\/p><p>\u00a0<\/p><p>Impavido : Pour les patients souffrant de leishmaniose visc\u00e9rale, muqueuse et cutan\u00e9e<\/p><\/div>\n\t\t\t\t<\/div>\n\t\t\t\t\t\t\t<div class=\"elementor-toggle-item\">\n\t\t\t\t\t<div id=\"elementor-tab-title-1573\" class=\"elementor-tab-title\" data-tab=\"3\" role=\"button\" aria-controls=\"elementor-tab-content-1573\" aria-expanded=\"false\">\n\t\t\t\t\t\t\t\t\t\t\t\t<span class=\"elementor-toggle-icon elementor-toggle-icon-left\" aria-hidden=\"true\">\n\t\t\t\t\t\t\t\t\t\t\t\t\t\t\t<span class=\"elementor-toggle-icon-closed\"><i class=\"fas fa-caret-right\"><\/i><\/span>\n\t\t\t\t\t\t\t\t<span class=\"elementor-toggle-icon-opened\"><i class=\"elementor-toggle-icon-opened fas fa-caret-up\"><\/i><\/span>\n\t\t\t\t\t\t\t\t\t\t\t\t\t<\/span>\n\t\t\t\t\t\t\t\t\t\t\t\t<a class=\"elementor-toggle-title\" tabindex=\"0\"><b> Pr\u00eats garantis<\/b>  <\/a>\n\t\t\t\t\t<\/div>\n\n\t\t\t\t\t<div id=\"elementor-tab-content-1573\" class=\"elementor-tab-content elementor-clearfix\" data-tab=\"3\" role=\"region\" aria-labelledby=\"elementor-tab-title-1573\"><p>Knight est int\u00e9ress\u00e9 \u00e0 financer des soci\u00e9t\u00e9s des sciences de la vie dans l\u2019objectif de b\u00e9n\u00e9ficier de revenus d\u2019int\u00e9r\u00eat, de renforcer les relations sectorielles des sciences de la vie et de garantir des droits de distribution de produits au Canada et l&#8217;Am\u00e9rique latine.<\/p><\/div>\n\t\t\t\t<\/div>\n\t\t\t\t\t\t\t\t<\/div>\n\t\t\t\t\t\t<\/div>\n\t\t\t\t<\/div>\n\t\t\t\t\t<\/div>\n\t\t<\/div>\n\t\t\t\t\t<\/div>\n\t\t<\/section>\n\t\t\t\t<\/div>\n\t\t","protected":false},"excerpt":{"rendered":"<p>Partenariats La direction de Knight a acquis une vaste et profonde expertise en mati\u00e8re de n\u00e9gociation de transactions gagnant-gagnant visant \u00e0 cr\u00e9er des produits pharmaceutiques novateurs. L\u2019\u00e9quipe de direction men\u00e9e par le chef de la direction, Samira Sakhia, a collabor\u00e9 avec succ\u00e8s avec des douzaines de partenaires dans le but de maximiser la valeur de [&hellip;]<\/p>\n","protected":false},"author":1,"featured_media":0,"parent":0,"menu_order":0,"comment_status":"closed","ping_status":"closed","template":"elementor_header_footer","meta":{"footnotes":""},"class_list":["post-8","page","type-page","status-publish","hentry"],"_links":{"self":[{"href":"https:\/\/knighttx.com\/fr\/wp-json\/wp\/v2\/pages\/8","targetHints":{"allow":["GET"]}}],"collection":[{"href":"https:\/\/knighttx.com\/fr\/wp-json\/wp\/v2\/pages"}],"about":[{"href":"https:\/\/knighttx.com\/fr\/wp-json\/wp\/v2\/types\/page"}],"author":[{"embeddable":true,"href":"https:\/\/knighttx.com\/fr\/wp-json\/wp\/v2\/users\/1"}],"replies":[{"embeddable":true,"href":"https:\/\/knighttx.com\/fr\/wp-json\/wp\/v2\/comments?post=8"}],"version-history":[{"count":96,"href":"https:\/\/knighttx.com\/fr\/wp-json\/wp\/v2\/pages\/8\/revisions"}],"predecessor-version":[{"id":20076,"href":"https:\/\/knighttx.com\/fr\/wp-json\/wp\/v2\/pages\/8\/revisions\/20076"}],"wp:attachment":[{"href":"https:\/\/knighttx.com\/fr\/wp-json\/wp\/v2\/media?parent=8"}],"curies":[{"name":"wp","href":"https:\/\/api.w.org\/{rel}","templated":true}]}}